{"id":23958,"date":"2025-06-24T15:34:29","date_gmt":"2025-06-24T14:34:29","guid":{"rendered":"https:\/\/baralivres.ma\/?post_type=product&#038;p=23958"},"modified":"2025-06-24T15:34:29","modified_gmt":"2025-06-24T14:34:29","slug":"la-methode-glucose-goddess-2","status":"publish","type":"product","link":"https:\/\/baralivres.ma\/?product=la-methode-glucose-goddess-2","title":{"rendered":"La M\u00e9thode Glucose Goddess"},"content":{"rendered":"<p data-start=\"179\" data-end=\"588\"><strong data-start=\"179\" data-end=\"230\">\u2728 La M\u00e9thode Glucose Goddess \u2013 Jessie Inchausp\u00e9<\/strong><br data-start=\"230\" data-end=\"233\" \/>D\u00e9couvrez une m\u00e9thode simple et r\u00e9volutionnaire pour \u00e9quilibrer votre taux de sucre sans vous priver ! Avec des conseils pratiques, des explications claires et 4 semaines de menus, Jessie Inchausp\u00e9 vous montre comment \u00e9viter les pics de glucose pour :<br data-start=\"484\" data-end=\"487\" \/>\ud83c\udf3f Retrouver votre \u00e9nergie<br data-start=\"513\" data-end=\"516\" \/>\ud83c\udf6d R\u00e9duire les fringales<br data-start=\"540\" data-end=\"543\" data-is-only-node=\"\" \/>\ud83d\ude34 Mieux dormir<br data-start=\"558\" data-end=\"561\" \/>\ud83e\udde0 Am\u00e9liorer votre humeur<\/p>\n<p data-start=\"590\" data-end=\"727\">Inspir\u00e9e de la science et accessible \u00e0 tous, <strong data-start=\"635\" data-end=\"665\">La M\u00e9thode Glucose Goddess<\/strong> est le guide id\u00e9al pour reprendre le contr\u00f4le de votre sant\u00e9.<\/p>\n","protected":false},"excerpt":{"rendered":"<p data-start=\"49\" data-end=\"343\"><strong data-start=\"49\" data-end=\"98\">La M\u00e9thode Glucose Goddess \u2013 Jessie Inchausp\u00e9<\/strong><br data-start=\"98\" data-end=\"101\" \/>Apprenez \u00e0 ma\u00eetriser votre taux de sucre gr\u00e2ce \u00e0 des astuces simples pour plus d\u2019\u00e9nergie, moins de fringales, un meilleur sommeil et une meilleure humeur. Une m\u00e9thode scientifique facile \u00e0 suivre pour prendre soin de votre corps au quotidien.<\/p>\n","protected":false},"featured_media":23959,"comment_status":"open","ping_status":"closed","template":"","meta":{"inline_featured_image":false},"product_cat":[3896,91],"product_tag":[],"class_list":{"0":"post-23958","1":"product","2":"type-product","3":"status-publish","4":"has-post-thumbnail","6":"product_cat-developpement-francais","7":"product_cat-developpement","8":"pa_auteurs-jessie-inchauspe-2","10":"first","11":"instock","12":"shipping-taxable","13":"purchasable","14":"product-type-simple"},"_links":{"self":[{"href":"https:\/\/baralivres.ma\/index.php?rest_route=\/wp\/v2\/product\/23958","targetHints":{"allow":["GET"]}}],"collection":[{"href":"https:\/\/baralivres.ma\/index.php?rest_route=\/wp\/v2\/product"}],"about":[{"href":"https:\/\/baralivres.ma\/index.php?rest_route=\/wp\/v2\/types\/product"}],"replies":[{"embeddable":true,"href":"https:\/\/baralivres.ma\/index.php?rest_route=%2Fwp%2Fv2%2Fcomments&post=23958"}],"version-history":[{"count":1,"href":"https:\/\/baralivres.ma\/index.php?rest_route=\/wp\/v2\/product\/23958\/revisions"}],"predecessor-version":[{"id":23960,"href":"https:\/\/baralivres.ma\/index.php?rest_route=\/wp\/v2\/product\/23958\/revisions\/23960"}],"wp:featuredmedia":[{"embeddable":true,"href":"https:\/\/baralivres.ma\/index.php?rest_route=\/wp\/v2\/media\/23959"}],"wp:attachment":[{"href":"https:\/\/baralivres.ma\/index.php?rest_route=%2Fwp%2Fv2%2Fmedia&parent=23958"}],"wp:term":[{"taxonomy":"product_cat","embeddable":true,"href":"https:\/\/baralivres.ma\/index.php?rest_route=%2Fwp%2Fv2%2Fproduct_cat&post=23958"},{"taxonomy":"product_tag","embeddable":true,"href":"https:\/\/baralivres.ma\/index.php?rest_route=%2Fwp%2Fv2%2Fproduct_tag&post=23958"}],"curies":[{"name":"wp","href":"https:\/\/api.w.org\/{rel}","templated":true}]}}