{"id":23946,"date":"2025-06-24T15:16:47","date_gmt":"2025-06-24T14:16:47","guid":{"rendered":"https:\/\/baralivres.ma\/?post_type=product&#038;p=23946"},"modified":"2025-06-24T15:16:48","modified_gmt":"2025-06-24T14:16:48","slug":"mes-premieres-cartes-pour-eveiller-bebe","status":"publish","type":"product","link":"https:\/\/baralivres.ma\/?product=mes-premieres-cartes-pour-eveiller-bebe","title":{"rendered":"Mes premi\u00e8res cartes pour \u00e9veiller b\u00e9b\u00e9"},"content":{"rendered":"<p data-start=\"118\" data-end=\"226\"><strong data-start=\"118\" data-end=\"161\">Mes premi\u00e8res cartes pour \u00e9veiller b\u00e9b\u00e9<\/strong><br data-start=\"161\" data-end=\"164\" \/>Un imagier sensoriel pour stimuler les premiers sens de b\u00e9b\u00e9 !<\/p>\n<p data-start=\"228\" data-end=\"514\">Ce joli jeu de cartes d\u2019\u00e9veil en noir et blanc est sp\u00e9cialement con\u00e7u pour capter l\u2019attention des tout-petits d\u00e8s les premiers mois. Gr\u00e2ce \u00e0 des contrastes visuels marqu\u00e9s, des mati\u00e8res \u00e0 toucher et des effets sensoriels, b\u00e9b\u00e9 d\u00e9veloppe sa <strong data-start=\"468\" data-end=\"475\">vue<\/strong>, son <strong data-start=\"481\" data-end=\"492\">toucher<\/strong>, et sa <strong data-start=\"500\" data-end=\"513\">motricit\u00e9<\/strong>.<\/p>\n<ul data-start=\"516\" data-end=\"773\">\n<li data-start=\"516\" data-end=\"596\">\n<p data-start=\"518\" data-end=\"596\"><strong data-start=\"518\" data-end=\"544\">Des contrastes visuels<\/strong> pour \u00e9veiller la curiosit\u00e9 et d\u00e9velopper la vision.<\/p>\n<\/li>\n<li data-start=\"597\" data-end=\"654\">\n<p data-start=\"599\" data-end=\"654\"><strong data-start=\"599\" data-end=\"623\">Des textures vari\u00e9es<\/strong> pour explorer avec les doigts.<\/p>\n<\/li>\n<li data-start=\"655\" data-end=\"773\">\n<p data-start=\"657\" data-end=\"773\"><strong data-start=\"657\" data-end=\"682\">Un format \u00e0 manipuler<\/strong> facilement gr\u00e2ce \u00e0 l\u2019anneau d\u00e9tachable : utilisez les cartes ensemble ou individuellement.<\/p>\n<\/li>\n<\/ul>\n<p data-start=\"775\" data-end=\"850\">Un outil id\u00e9al pour des moments d\u2019\u00e9veil doux et ludiques d\u00e8s la naissance !<\/p>\n","protected":false},"excerpt":{"rendered":"<p>\u2728 <strong data-start=\"74\" data-end=\"117\">Mes premi\u00e8res cartes pour \u00e9veiller b\u00e9b\u00e9<\/strong> \u2728<br data-start=\"119\" data-end=\"122\" \/>Des contrastes, des textures, \u00e0 toucher et \u00e0 manipuler !<br data-start=\"178\" data-end=\"181\" \/>Id\u00e9al pour \u00e9veiller la <strong data-start=\"204\" data-end=\"214\">vue \ud83d\udc40<\/strong>, le <strong data-start=\"219\" data-end=\"232\">toucher \u270b<\/strong> et la <strong data-start=\"239\" data-end=\"255\">motricit\u00e9 \ud83e\udd32<\/strong> d\u00e8s la naissance.<br data-start=\"273\" data-end=\"276\" \/>\ud83d\udcce Anneau d\u00e9tachable pour jouer carte par carte !<\/p>\n","protected":false},"featured_media":23950,"comment_status":"open","ping_status":"closed","template":"","meta":{"inline_featured_image":false},"product_cat":[3952,3950,198],"product_tag":[],"class_list":{"0":"post-23946","1":"product","2":"type-product","3":"status-publish","4":"has-post-thumbnail","6":"product_cat-les-livres-a-toucher-pour-bebe","7":"product_cat-les-livres-cartonnes-francais","8":"product_cat-livres-animes","10":"first","11":"instock","12":"shipping-taxable","13":"purchasable","14":"product-type-simple"},"_links":{"self":[{"href":"https:\/\/baralivres.ma\/index.php?rest_route=\/wp\/v2\/product\/23946","targetHints":{"allow":["GET"]}}],"collection":[{"href":"https:\/\/baralivres.ma\/index.php?rest_route=\/wp\/v2\/product"}],"about":[{"href":"https:\/\/baralivres.ma\/index.php?rest_route=\/wp\/v2\/types\/product"}],"replies":[{"embeddable":true,"href":"https:\/\/baralivres.ma\/index.php?rest_route=%2Fwp%2Fv2%2Fcomments&post=23946"}],"version-history":[{"count":1,"href":"https:\/\/baralivres.ma\/index.php?rest_route=\/wp\/v2\/product\/23946\/revisions"}],"predecessor-version":[{"id":23951,"href":"https:\/\/baralivres.ma\/index.php?rest_route=\/wp\/v2\/product\/23946\/revisions\/23951"}],"wp:featuredmedia":[{"embeddable":true,"href":"https:\/\/baralivres.ma\/index.php?rest_route=\/wp\/v2\/media\/23950"}],"wp:attachment":[{"href":"https:\/\/baralivres.ma\/index.php?rest_route=%2Fwp%2Fv2%2Fmedia&parent=23946"}],"wp:term":[{"taxonomy":"product_cat","embeddable":true,"href":"https:\/\/baralivres.ma\/index.php?rest_route=%2Fwp%2Fv2%2Fproduct_cat&post=23946"},{"taxonomy":"product_tag","embeddable":true,"href":"https:\/\/baralivres.ma\/index.php?rest_route=%2Fwp%2Fv2%2Fproduct_tag&post=23946"}],"curies":[{"name":"wp","href":"https:\/\/api.w.org\/{rel}","templated":true}]}}