{"id":23926,"date":"2025-05-22T17:26:19","date_gmt":"2025-05-22T16:26:19","guid":{"rendered":"https:\/\/baralivres.ma\/?post_type=product&#038;p=23926"},"modified":"2025-05-22T17:26:20","modified_gmt":"2025-05-22T16:26:20","slug":"lis-decouvre-le-chateau-des-chevaliers","status":"publish","type":"product","link":"https:\/\/baralivres.ma\/?product=lis-decouvre-le-chateau-des-chevaliers","title":{"rendered":"Lis D\u00e9couvre Le Ch\u00e2teau Des Chevaliers"},"content":{"rendered":"<p>\ud83d\udee1\ufe0f Q-BOX \u2013 Le ch\u00e2teau des chevaliers<br data-start=\"231\" data-end=\"234\" \/>Une bo\u00eete ludique aux d\u00e9tails iris\u00e9s contenant :<br data-start=\"282\" data-end=\"285\" \/>\ud83d\udcd6 Un livre de 10 pages<br data-start=\"308\" data-end=\"311\" \/>\ud83e\udde9 Un puzzle de 40 pi\u00e8ces<br data-start=\"336\" data-end=\"339\" data-is-only-node=\"\" \/>\ud83c\udff0 12 figurines \u00e0 assembler et \u00e0 placer<br data-start=\"378\" data-end=\"381\" \/>Pour apprendre \u00e0 associer mots et images en s\u2019amusant dans l\u2019univers des chevaliers !<\/p>\n","protected":false},"excerpt":{"rendered":"<p>Q-BOX \u2013 Le ch\u00e2teau des chevaliers : un livre, un puzzle, des figurines \u00e0 construire\u2026 tout pour jouer, apprendre et r\u00eaver ! \u2728<\/p>\n","protected":false},"featured_media":23927,"comment_status":"open","ping_status":"closed","template":"","meta":{"inline_featured_image":false},"product_cat":[3875,201,212,200],"product_tag":[],"class_list":{"0":"post-23926","1":"product","2":"type-product","3":"status-publish","4":"has-post-thumbnail","6":"product_cat-coffret-francais","7":"product_cat-coffret","8":"product_cat-puzzle","9":"product_cat-activites","11":"first","12":"instock","13":"shipping-taxable","14":"purchasable","15":"product-type-simple"},"_links":{"self":[{"href":"https:\/\/baralivres.ma\/index.php?rest_route=\/wp\/v2\/product\/23926","targetHints":{"allow":["GET"]}}],"collection":[{"href":"https:\/\/baralivres.ma\/index.php?rest_route=\/wp\/v2\/product"}],"about":[{"href":"https:\/\/baralivres.ma\/index.php?rest_route=\/wp\/v2\/types\/product"}],"replies":[{"embeddable":true,"href":"https:\/\/baralivres.ma\/index.php?rest_route=%2Fwp%2Fv2%2Fcomments&post=23926"}],"version-history":[{"count":1,"href":"https:\/\/baralivres.ma\/index.php?rest_route=\/wp\/v2\/product\/23926\/revisions"}],"predecessor-version":[{"id":23932,"href":"https:\/\/baralivres.ma\/index.php?rest_route=\/wp\/v2\/product\/23926\/revisions\/23932"}],"wp:featuredmedia":[{"embeddable":true,"href":"https:\/\/baralivres.ma\/index.php?rest_route=\/wp\/v2\/media\/23927"}],"wp:attachment":[{"href":"https:\/\/baralivres.ma\/index.php?rest_route=%2Fwp%2Fv2%2Fmedia&parent=23926"}],"wp:term":[{"taxonomy":"product_cat","embeddable":true,"href":"https:\/\/baralivres.ma\/index.php?rest_route=%2Fwp%2Fv2%2Fproduct_cat&post=23926"},{"taxonomy":"product_tag","embeddable":true,"href":"https:\/\/baralivres.ma\/index.php?rest_route=%2Fwp%2Fv2%2Fproduct_tag&post=23926"}],"curies":[{"name":"wp","href":"https:\/\/api.w.org\/{rel}","templated":true}]}}