{"id":23918,"date":"2025-05-22T17:19:09","date_gmt":"2025-05-22T16:19:09","guid":{"rendered":"https:\/\/baralivres.ma\/?post_type=product&#038;p=23918"},"modified":"2025-05-22T17:19:09","modified_gmt":"2025-05-22T16:19:09","slug":"apprends-les-mots-avec-les-trains","status":"publish","type":"product","link":"https:\/\/baralivres.ma\/?product=apprends-les-mots-avec-les-trains","title":{"rendered":"Apprends Les Mots Avec Les Trains"},"content":{"rendered":"<p data-start=\"238\" data-end=\"408\">Offrez \u00e0 votre enfant un voyage passionnant dans le monde des trains gr\u00e2ce \u00e0 ce coffret ludique et \u00e9ducatif !<br data-start=\"371\" data-end=\"374\" \/>La Q-box \u00ab Les Trains \u00bb contient :<\/p>\n<ul data-start=\"410\" data-end=\"694\">\n<li data-start=\"410\" data-end=\"463\">\n<p data-start=\"412\" data-end=\"463\">Un puzzle de 40 pi\u00e8ces illustr\u00e9 d\u2019une gare anim\u00e9e ;<\/p>\n<\/li>\n<li data-start=\"464\" data-end=\"519\">\n<p data-start=\"466\" data-end=\"519\">Une locomotive \u00e0 vapeur en 3D \u00e0 construire soi-m\u00eame ;<\/p>\n<\/li>\n<li data-start=\"520\" data-end=\"553\">\n<p data-start=\"522\" data-end=\"553\">Trois silhouettes \u00e0 assembler ;<\/p>\n<\/li>\n<li data-start=\"554\" data-end=\"694\">\n<p data-start=\"556\" data-end=\"694\">Un livre de 10 pages richement illustr\u00e9 pour d\u00e9couvrir les diff\u00e9rents types de trains, les m\u00e9tiers de la gare et de nombreuses anecdotes !<\/p>\n<\/li>\n<\/ul>\n","protected":false},"excerpt":{"rendered":"<p>Id\u00e9al pour d\u00e9velopper la concentration, la motricit\u00e9 fine et le vocabulaire des enfants d\u00e8s 4 ans.<\/p>\n","protected":false},"featured_media":23919,"comment_status":"open","ping_status":"closed","template":"","meta":{"inline_featured_image":false},"product_cat":[3875,201,212,200],"product_tag":[],"class_list":{"0":"post-23918","1":"product","2":"type-product","3":"status-publish","4":"has-post-thumbnail","6":"product_cat-coffret-francais","7":"product_cat-coffret","8":"product_cat-puzzle","9":"product_cat-activites","11":"first","12":"instock","13":"shipping-taxable","14":"purchasable","15":"product-type-simple"},"_links":{"self":[{"href":"https:\/\/baralivres.ma\/index.php?rest_route=\/wp\/v2\/product\/23918","targetHints":{"allow":["GET"]}}],"collection":[{"href":"https:\/\/baralivres.ma\/index.php?rest_route=\/wp\/v2\/product"}],"about":[{"href":"https:\/\/baralivres.ma\/index.php?rest_route=\/wp\/v2\/types\/product"}],"replies":[{"embeddable":true,"href":"https:\/\/baralivres.ma\/index.php?rest_route=%2Fwp%2Fv2%2Fcomments&post=23918"}],"version-history":[{"count":1,"href":"https:\/\/baralivres.ma\/index.php?rest_route=\/wp\/v2\/product\/23918\/revisions"}],"predecessor-version":[{"id":23925,"href":"https:\/\/baralivres.ma\/index.php?rest_route=\/wp\/v2\/product\/23918\/revisions\/23925"}],"wp:featuredmedia":[{"embeddable":true,"href":"https:\/\/baralivres.ma\/index.php?rest_route=\/wp\/v2\/media\/23919"}],"wp:attachment":[{"href":"https:\/\/baralivres.ma\/index.php?rest_route=%2Fwp%2Fv2%2Fmedia&parent=23918"}],"wp:term":[{"taxonomy":"product_cat","embeddable":true,"href":"https:\/\/baralivres.ma\/index.php?rest_route=%2Fwp%2Fv2%2Fproduct_cat&post=23918"},{"taxonomy":"product_tag","embeddable":true,"href":"https:\/\/baralivres.ma\/index.php?rest_route=%2Fwp%2Fv2%2Fproduct_tag&post=23918"}],"curies":[{"name":"wp","href":"https:\/\/api.w.org\/{rel}","templated":true}]}}