{"id":23912,"date":"2025-05-22T17:06:14","date_gmt":"2025-05-22T16:06:14","guid":{"rendered":"https:\/\/baralivres.ma\/?post_type=product&#038;p=23912"},"modified":"2025-05-22T17:06:15","modified_gmt":"2025-05-22T16:06:15","slug":"apprends-les-chiffres-avec-les-sirenes","status":"publish","type":"product","link":"https:\/\/baralivres.ma\/?product=apprends-les-chiffres-avec-les-sirenes","title":{"rendered":"Apprends Les Chiffres Avec Les sir\u00e8nes"},"content":{"rendered":"<p>\u2728 Plonge dans l\u2019univers magique des sir\u00e8nes avec la Q-box Les Sir\u00e8nes !<br data-start=\"153\" data-end=\"156\" \/>Un livre + un puzzle de 40 pi\u00e8ces + 10 sir\u00e8nes \u00e0 assembler pour apprendre \u00e0 compter jusqu\u2019\u00e0 10 en s\u2019amusant.<br data-start=\"264\" data-end=\"267\" data-is-only-node=\"\" \/>Bo\u00eete paillet\u00e9e, activit\u00e9s \u00e9ducatives et f\u00e9eriques d\u00e8s 3 ans \ud83c\udf0a\ud83d\udd22<br data-start=\"332\" data-end=\"335\" \/>\ud83c\udf81 Le cadeau id\u00e9al pour les petits explorateurs des mers !<\/p>\n","protected":false},"excerpt":{"rendered":"<p>Cette Q-box est id\u00e9ale pour d\u00e9velopper la motricit\u00e9 fine, l\u2019observation, et initier les enfants au monde des chiffres \u00e0 travers le jeu. Un v\u00e9ritable tr\u00e9sor \u00e0 offrir pour apprendre en s\u2019\u00e9merveillant !<\/p>\n","protected":false},"featured_media":23913,"comment_status":"open","ping_status":"closed","template":"","meta":{"inline_featured_image":false},"product_cat":[3875,201,212,200],"product_tag":[],"class_list":{"0":"post-23912","1":"product","2":"type-product","3":"status-publish","4":"has-post-thumbnail","6":"product_cat-coffret-francais","7":"product_cat-coffret","8":"product_cat-puzzle","9":"product_cat-activites","11":"first","12":"instock","13":"shipping-taxable","14":"purchasable","15":"product-type-simple"},"_links":{"self":[{"href":"https:\/\/baralivres.ma\/index.php?rest_route=\/wp\/v2\/product\/23912","targetHints":{"allow":["GET"]}}],"collection":[{"href":"https:\/\/baralivres.ma\/index.php?rest_route=\/wp\/v2\/product"}],"about":[{"href":"https:\/\/baralivres.ma\/index.php?rest_route=\/wp\/v2\/types\/product"}],"replies":[{"embeddable":true,"href":"https:\/\/baralivres.ma\/index.php?rest_route=%2Fwp%2Fv2%2Fcomments&post=23912"}],"version-history":[{"count":1,"href":"https:\/\/baralivres.ma\/index.php?rest_route=\/wp\/v2\/product\/23912\/revisions"}],"predecessor-version":[{"id":23917,"href":"https:\/\/baralivres.ma\/index.php?rest_route=\/wp\/v2\/product\/23912\/revisions\/23917"}],"wp:featuredmedia":[{"embeddable":true,"href":"https:\/\/baralivres.ma\/index.php?rest_route=\/wp\/v2\/media\/23913"}],"wp:attachment":[{"href":"https:\/\/baralivres.ma\/index.php?rest_route=%2Fwp%2Fv2%2Fmedia&parent=23912"}],"wp:term":[{"taxonomy":"product_cat","embeddable":true,"href":"https:\/\/baralivres.ma\/index.php?rest_route=%2Fwp%2Fv2%2Fproduct_cat&post=23912"},{"taxonomy":"product_tag","embeddable":true,"href":"https:\/\/baralivres.ma\/index.php?rest_route=%2Fwp%2Fv2%2Fproduct_tag&post=23912"}],"curies":[{"name":"wp","href":"https:\/\/api.w.org\/{rel}","templated":true}]}}