{"id":23906,"date":"2025-05-22T16:06:05","date_gmt":"2025-05-22T15:06:05","guid":{"rendered":"https:\/\/baralivres.ma\/?post_type=product&#038;p=23906"},"modified":"2025-05-22T16:06:05","modified_gmt":"2025-05-22T15:06:05","slug":"apprends-les-noms-des-animaux","status":"publish","type":"product","link":"https:\/\/baralivres.ma\/?product=apprends-les-noms-des-animaux","title":{"rendered":"Apprends Les Noms Des Animaux"},"content":{"rendered":"<p data-start=\"65\" data-end=\"128\">\ud83c\udf81 Q-BOX &#8211; Les Animaux : Une d\u00e9couverte ludique du monde animal<\/p>\n<p data-start=\"130\" data-end=\"250\">Un coffret complet et interactif pour \u00e9veiller la curiosit\u00e9 des enfants et enrichir leur vocabulaire tout en s\u2019amusant !<\/p>\n<p data-start=\"252\" data-end=\"276\">\ud83d\udce6 Ce coffret contient :<\/p>\n<ul data-start=\"277\" data-end=\"685\">\n<li data-start=\"277\" data-end=\"428\">\n<p data-start=\"279\" data-end=\"428\">\ud83d\udcd8 Un livre cartonn\u00e9 de 10 pages richement illustr\u00e9es : pour d\u00e9couvrir les animaux des p\u00f4les, des savanes, des for\u00eats tropicales et bien plus encore.<\/p>\n<\/li>\n<li data-start=\"429\" data-end=\"548\">\n<p data-start=\"431\" data-end=\"548\">\ud83e\udde9 Un puzzle de 40 pi\u00e8ces : \u00e0 reconstituer pour visualiser une grande sc\u00e8ne animali\u00e8re et stimuler la motricit\u00e9 fine.<\/p>\n<\/li>\n<li data-start=\"549\" data-end=\"685\">\n<p data-start=\"551\" data-end=\"685\">\ud83d\udd37 12 formes en carton \u00e0 assembler : pour apprendre \u00e0 reconna\u00eetre les animaux, les associer \u00e0 leur habitat et enrichir le vocabulaire.<\/p>\n<\/li>\n<\/ul>\n","protected":false},"excerpt":{"rendered":"<p>Un coffret complet et interactif qui stimule l\u2019apprentissage, la curiosit\u00e9 et l\u2019\u00e9merveillement des enfants d\u00e8s 3 ans.<\/p>\n","protected":false},"featured_media":23907,"comment_status":"open","ping_status":"closed","template":"","meta":{"inline_featured_image":false},"product_cat":[3875,201,212,200],"product_tag":[],"class_list":{"0":"post-23906","1":"product","2":"type-product","3":"status-publish","4":"has-post-thumbnail","6":"product_cat-coffret-francais","7":"product_cat-coffret","8":"product_cat-puzzle","9":"product_cat-activites","11":"first","12":"instock","13":"shipping-taxable","14":"purchasable","15":"product-type-simple"},"_links":{"self":[{"href":"https:\/\/baralivres.ma\/index.php?rest_route=\/wp\/v2\/product\/23906","targetHints":{"allow":["GET"]}}],"collection":[{"href":"https:\/\/baralivres.ma\/index.php?rest_route=\/wp\/v2\/product"}],"about":[{"href":"https:\/\/baralivres.ma\/index.php?rest_route=\/wp\/v2\/types\/product"}],"replies":[{"embeddable":true,"href":"https:\/\/baralivres.ma\/index.php?rest_route=%2Fwp%2Fv2%2Fcomments&post=23906"}],"version-history":[{"count":1,"href":"https:\/\/baralivres.ma\/index.php?rest_route=\/wp\/v2\/product\/23906\/revisions"}],"predecessor-version":[{"id":23911,"href":"https:\/\/baralivres.ma\/index.php?rest_route=\/wp\/v2\/product\/23906\/revisions\/23911"}],"wp:featuredmedia":[{"embeddable":true,"href":"https:\/\/baralivres.ma\/index.php?rest_route=\/wp\/v2\/media\/23907"}],"wp:attachment":[{"href":"https:\/\/baralivres.ma\/index.php?rest_route=%2Fwp%2Fv2%2Fmedia&parent=23906"}],"wp:term":[{"taxonomy":"product_cat","embeddable":true,"href":"https:\/\/baralivres.ma\/index.php?rest_route=%2Fwp%2Fv2%2Fproduct_cat&post=23906"},{"taxonomy":"product_tag","embeddable":true,"href":"https:\/\/baralivres.ma\/index.php?rest_route=%2Fwp%2Fv2%2Fproduct_tag&post=23906"}],"curies":[{"name":"wp","href":"https:\/\/api.w.org\/{rel}","templated":true}]}}