{"id":23898,"date":"2025-05-22T11:28:02","date_gmt":"2025-05-22T10:28:02","guid":{"rendered":"https:\/\/baralivres.ma\/?post_type=product&#038;p=23898"},"modified":"2025-05-22T11:28:02","modified_gmt":"2025-05-22T10:28:02","slug":"apprends-les-mots-avec-les-princesses","status":"publish","type":"product","link":"https:\/\/baralivres.ma\/?product=apprends-les-mots-avec-les-princesses","title":{"rendered":"Apprends Les Mots Avec Les Princesses"},"content":{"rendered":"<p data-start=\"75\" data-end=\"100\">\ud83c\udf1f Q-box \u2013 Les Princesses<\/p>\n<p data-start=\"102\" data-end=\"290\">Une bo\u00eete enchant\u00e9e pour d\u00e9couvrir le monde f\u00e9\u00e9rique des princesses !<br data-start=\"171\" data-end=\"174\" \/>Contient :<br data-start=\"184\" data-end=\"187\" \/>\ud83d\udc51 1 livre de 10 pages<br data-start=\"209\" data-end=\"212\" \/>\ud83e\udde9 1 puzzle de 40 pi\u00e8ces<br data-start=\"236\" data-end=\"239\" data-is-only-node=\"\" \/>\ud83c\udf80 10 figurines \u00e0 assembler et placer sur le puzzle<\/p>\n<p data-start=\"292\" data-end=\"437\">L\u2019enfant explore le ch\u00e2teau, associe mots et objets et d\u00e9veloppe son vocabulaire tout en s\u2019amusant. Un jeu \u00e9ducatif et immersif, id\u00e9al d\u00e8s 3 ans.<\/p>\n<p data-start=\"439\" data-end=\"507\">\u2728 Bo\u00eete d\u00e9cor\u00e9e de d\u00e9tails iridescents \u2013 un vrai tr\u00e9sor \u00e0 offrir !<\/p>\n","protected":false},"excerpt":{"rendered":"<p>Un cadeau id\u00e9al pour les enfants curieux et cr\u00e9atifs \u00e0 partir de 3 ans !<\/p>\n","protected":false},"featured_media":23900,"comment_status":"open","ping_status":"closed","template":"","meta":{"inline_featured_image":false},"product_cat":[3875,201,212,200],"product_tag":[],"class_list":{"0":"post-23898","1":"product","2":"type-product","3":"status-publish","4":"has-post-thumbnail","6":"product_cat-coffret-francais","7":"product_cat-coffret","8":"product_cat-puzzle","9":"product_cat-activites","11":"first","12":"instock","13":"shipping-taxable","14":"purchasable","15":"product-type-simple"},"_links":{"self":[{"href":"https:\/\/baralivres.ma\/index.php?rest_route=\/wp\/v2\/product\/23898","targetHints":{"allow":["GET"]}}],"collection":[{"href":"https:\/\/baralivres.ma\/index.php?rest_route=\/wp\/v2\/product"}],"about":[{"href":"https:\/\/baralivres.ma\/index.php?rest_route=\/wp\/v2\/types\/product"}],"replies":[{"embeddable":true,"href":"https:\/\/baralivres.ma\/index.php?rest_route=%2Fwp%2Fv2%2Fcomments&post=23898"}],"version-history":[{"count":1,"href":"https:\/\/baralivres.ma\/index.php?rest_route=\/wp\/v2\/product\/23898\/revisions"}],"predecessor-version":[{"id":23905,"href":"https:\/\/baralivres.ma\/index.php?rest_route=\/wp\/v2\/product\/23898\/revisions\/23905"}],"wp:featuredmedia":[{"embeddable":true,"href":"https:\/\/baralivres.ma\/index.php?rest_route=\/wp\/v2\/media\/23900"}],"wp:attachment":[{"href":"https:\/\/baralivres.ma\/index.php?rest_route=%2Fwp%2Fv2%2Fmedia&parent=23898"}],"wp:term":[{"taxonomy":"product_cat","embeddable":true,"href":"https:\/\/baralivres.ma\/index.php?rest_route=%2Fwp%2Fv2%2Fproduct_cat&post=23898"},{"taxonomy":"product_tag","embeddable":true,"href":"https:\/\/baralivres.ma\/index.php?rest_route=%2Fwp%2Fv2%2Fproduct_tag&post=23898"}],"curies":[{"name":"wp","href":"https:\/\/api.w.org\/{rel}","templated":true}]}}