{"id":23890,"date":"2025-05-22T10:16:46","date_gmt":"2025-05-22T09:16:46","guid":{"rendered":"https:\/\/baralivres.ma\/?post_type=product&#038;p=23890"},"modified":"2025-05-22T10:16:46","modified_gmt":"2025-05-22T09:16:46","slug":"apprends-les-noms-le-monde-des-oiseaux","status":"publish","type":"product","link":"https:\/\/baralivres.ma\/?product=apprends-les-noms-le-monde-des-oiseaux","title":{"rendered":"Apprends Les Noms : Le Monde des Oiseaux"},"content":{"rendered":"<p data-start=\"121\" data-end=\"230\">\ud83e\udd9c Q-BOX \u2013 Le monde des oiseaux<br data-start=\"152\" data-end=\"155\" \/>Une bo\u00eete ludique et \u00e9ducative pour d\u00e9couvrir les oiseaux du monde entier !<\/p>\n<p data-start=\"232\" data-end=\"489\">Contenu :<br data-start=\"241\" data-end=\"244\" \/>\ud83d\udcd8 1 livre de 10 pages illustr\u00e9es pour apprendre \u00e0 reconna\u00eetre les oiseaux du jardin, de la montagne, de la ferme et des r\u00e9gions tropicales.<br data-start=\"384\" data-end=\"387\" \/>\ud83e\udde9 1 puzzle de 40 pi\u00e8ces color\u00e9es.<br data-start=\"421\" data-end=\"424\" \/>\ud83d\udd4a\ufe0f 12 figurines d\u2019oiseaux \u00e0 assembler et \u00e0 placer sur le puzzle.<\/p>\n<p data-start=\"491\" data-end=\"604\">Un coffret complet pour \u00e9veiller la curiosit\u00e9, enrichir le vocabulaire et d\u00e9velopper la motricit\u00e9 fine d\u00e8s 4 ans.<\/p>\n","protected":false},"excerpt":{"rendered":"<p>Une bo\u00eete \u00e9ducative et ludique pour explorer l\u2019univers fascinant des oiseaux !<\/p>\n","protected":false},"featured_media":23891,"comment_status":"open","ping_status":"closed","template":"","meta":{"inline_featured_image":false},"product_cat":[3875,201,212,200],"product_tag":[],"class_list":{"0":"post-23890","1":"product","2":"type-product","3":"status-publish","4":"has-post-thumbnail","6":"product_cat-coffret-francais","7":"product_cat-coffret","8":"product_cat-puzzle","9":"product_cat-activites","11":"first","12":"instock","13":"shipping-taxable","14":"purchasable","15":"product-type-simple"},"_links":{"self":[{"href":"https:\/\/baralivres.ma\/index.php?rest_route=\/wp\/v2\/product\/23890","targetHints":{"allow":["GET"]}}],"collection":[{"href":"https:\/\/baralivres.ma\/index.php?rest_route=\/wp\/v2\/product"}],"about":[{"href":"https:\/\/baralivres.ma\/index.php?rest_route=\/wp\/v2\/types\/product"}],"replies":[{"embeddable":true,"href":"https:\/\/baralivres.ma\/index.php?rest_route=%2Fwp%2Fv2%2Fcomments&post=23890"}],"version-history":[{"count":2,"href":"https:\/\/baralivres.ma\/index.php?rest_route=\/wp\/v2\/product\/23890\/revisions"}],"predecessor-version":[{"id":23899,"href":"https:\/\/baralivres.ma\/index.php?rest_route=\/wp\/v2\/product\/23890\/revisions\/23899"}],"wp:featuredmedia":[{"embeddable":true,"href":"https:\/\/baralivres.ma\/index.php?rest_route=\/wp\/v2\/media\/23891"}],"wp:attachment":[{"href":"https:\/\/baralivres.ma\/index.php?rest_route=%2Fwp%2Fv2%2Fmedia&parent=23890"}],"wp:term":[{"taxonomy":"product_cat","embeddable":true,"href":"https:\/\/baralivres.ma\/index.php?rest_route=%2Fwp%2Fv2%2Fproduct_cat&post=23890"},{"taxonomy":"product_tag","embeddable":true,"href":"https:\/\/baralivres.ma\/index.php?rest_route=%2Fwp%2Fv2%2Fproduct_tag&post=23890"}],"curies":[{"name":"wp","href":"https:\/\/api.w.org\/{rel}","templated":true}]}}