{"id":23884,"date":"2025-05-22T10:08:10","date_gmt":"2025-05-22T09:08:10","guid":{"rendered":"https:\/\/baralivres.ma\/?post_type=product&#038;p=23884"},"modified":"2025-05-22T10:08:10","modified_gmt":"2025-05-22T09:08:10","slug":"apprends-les-noms-le-jardin-des-petites-betes","status":"publish","type":"product","link":"https:\/\/baralivres.ma\/?product=apprends-les-noms-le-jardin-des-petites-betes","title":{"rendered":"Apprends Les Noms : Le jardin des petites b\u00eates"},"content":{"rendered":"<p>\ud83e\udd8b Q-BOX \u2013 Le jardin des petites b\u00eates \ud83d\udc1e<br data-start=\"133\" data-end=\"136\" \/>Un coffret ludique pour d\u00e9couvrir les insectes !<br data-start=\"184\" data-end=\"187\" data-is-only-node=\"\" \/>\ud83d\udcd6 Un livre illustr\u00e9<br data-start=\"207\" data-end=\"210\" \/>\ud83e\udde9 Un puzzle de 40 pi\u00e8ces<br data-start=\"235\" data-end=\"238\" \/>\ud83d\udd20 12 formes \u00e0 assembler<br data-start=\"262\" data-end=\"265\" \/>Id\u00e9al pour apprendre en s\u2019amusant d\u00e8s 3 ans ! \ud83c\udf3c<\/p>\n","protected":false},"excerpt":{"rendered":"<p>Un coffret id\u00e9al pour \u00e9veiller la curiosit\u00e9 des petits naturalistes en herbe ! \ud83c\udf31<\/p>\n","protected":false},"featured_media":23885,"comment_status":"open","ping_status":"closed","template":"","meta":{"inline_featured_image":false},"product_cat":[3875,201,212,200],"product_tag":[],"class_list":{"0":"post-23884","1":"product","2":"type-product","3":"status-publish","4":"has-post-thumbnail","6":"product_cat-coffret-francais","7":"product_cat-coffret","8":"product_cat-puzzle","9":"product_cat-activites","11":"first","12":"instock","13":"shipping-taxable","14":"purchasable","15":"product-type-simple"},"_links":{"self":[{"href":"https:\/\/baralivres.ma\/index.php?rest_route=\/wp\/v2\/product\/23884","targetHints":{"allow":["GET"]}}],"collection":[{"href":"https:\/\/baralivres.ma\/index.php?rest_route=\/wp\/v2\/product"}],"about":[{"href":"https:\/\/baralivres.ma\/index.php?rest_route=\/wp\/v2\/types\/product"}],"replies":[{"embeddable":true,"href":"https:\/\/baralivres.ma\/index.php?rest_route=%2Fwp%2Fv2%2Fcomments&post=23884"}],"version-history":[{"count":1,"href":"https:\/\/baralivres.ma\/index.php?rest_route=\/wp\/v2\/product\/23884\/revisions"}],"predecessor-version":[{"id":23889,"href":"https:\/\/baralivres.ma\/index.php?rest_route=\/wp\/v2\/product\/23884\/revisions\/23889"}],"wp:featuredmedia":[{"embeddable":true,"href":"https:\/\/baralivres.ma\/index.php?rest_route=\/wp\/v2\/media\/23885"}],"wp:attachment":[{"href":"https:\/\/baralivres.ma\/index.php?rest_route=%2Fwp%2Fv2%2Fmedia&parent=23884"}],"wp:term":[{"taxonomy":"product_cat","embeddable":true,"href":"https:\/\/baralivres.ma\/index.php?rest_route=%2Fwp%2Fv2%2Fproduct_cat&post=23884"},{"taxonomy":"product_tag","embeddable":true,"href":"https:\/\/baralivres.ma\/index.php?rest_route=%2Fwp%2Fv2%2Fproduct_tag&post=23884"}],"curies":[{"name":"wp","href":"https:\/\/api.w.org\/{rel}","templated":true}]}}