{"id":23879,"date":"2025-05-21T16:47:29","date_gmt":"2025-05-21T15:47:29","guid":{"rendered":"https:\/\/baralivres.ma\/?post_type=product&#038;p=23879"},"modified":"2025-05-21T16:47:29","modified_gmt":"2025-05-21T15:47:29","slug":"edu-cubes-les-animaux","status":"publish","type":"product","link":"https:\/\/baralivres.ma\/?product=edu-cubes-les-animaux","title":{"rendered":"Edu-Cubes. Les animaux"},"content":{"rendered":"<p class=\"\" data-start=\"73\" data-end=\"110\">\ud83c\udfb2 Edu-Cubes \u2013 Les animaux (10 cubes)<\/p>\n<p class=\"\" data-start=\"112\" data-end=\"373\">Faites d\u00e9couvrir les animaux aux tout-petits de fa\u00e7on ludique et \u00e9ducative ! Ces 10 cubes empilables forment une tour de pr\u00e8s d\u2019un m\u00e8tre et pr\u00e9sentent une mini encyclop\u00e9die illustr\u00e9e. Parfaits pour stimuler la motricit\u00e9, la coordination et le langage d\u00e8s 2 ans.<\/p>\n<p class=\"\" data-start=\"375\" data-end=\"510\">\u2705 Apprentissage interactif<br data-start=\"401\" data-end=\"404\" \/>\u2705 D\u00e9veloppement moteur et cognitif<br data-start=\"438\" data-end=\"441\" \/>\u2705 Illustrations color\u00e9es et solides<br data-start=\"476\" data-end=\"479\" \/>\u2705 Tour g\u00e9ante de pr\u00e8s d\u20191 m\u00e8tre<\/p>\n<p class=\"\" data-start=\"512\" data-end=\"563\">Un jeu complet pour apprendre en s\u2019amusant ! \ud83d\udc18\ud83e\udd93\ud83e\udd81<\/p>\n","protected":false},"excerpt":{"rendered":"<p class=\"\" data-start=\"76\" data-end=\"157\">Un jeu \u00e9ducatif tout-en-un pour les tout-petits !<\/p>\n","protected":false},"featured_media":23880,"comment_status":"open","ping_status":"closed","template":"","meta":{"inline_featured_image":false},"product_cat":[3875,3950,201,198,200],"product_tag":[],"class_list":{"0":"post-23879","1":"product","2":"type-product","3":"status-publish","4":"has-post-thumbnail","6":"product_cat-coffret-francais","7":"product_cat-les-livres-cartonnes-francais","8":"product_cat-coffret","9":"product_cat-livres-animes","10":"product_cat-activites","12":"first","13":"instock","14":"shipping-taxable","15":"purchasable","16":"product-type-simple"},"_links":{"self":[{"href":"https:\/\/baralivres.ma\/index.php?rest_route=\/wp\/v2\/product\/23879","targetHints":{"allow":["GET"]}}],"collection":[{"href":"https:\/\/baralivres.ma\/index.php?rest_route=\/wp\/v2\/product"}],"about":[{"href":"https:\/\/baralivres.ma\/index.php?rest_route=\/wp\/v2\/types\/product"}],"replies":[{"embeddable":true,"href":"https:\/\/baralivres.ma\/index.php?rest_route=%2Fwp%2Fv2%2Fcomments&post=23879"}],"version-history":[{"count":1,"href":"https:\/\/baralivres.ma\/index.php?rest_route=\/wp\/v2\/product\/23879\/revisions"}],"predecessor-version":[{"id":23882,"href":"https:\/\/baralivres.ma\/index.php?rest_route=\/wp\/v2\/product\/23879\/revisions\/23882"}],"wp:featuredmedia":[{"embeddable":true,"href":"https:\/\/baralivres.ma\/index.php?rest_route=\/wp\/v2\/media\/23880"}],"wp:attachment":[{"href":"https:\/\/baralivres.ma\/index.php?rest_route=%2Fwp%2Fv2%2Fmedia&parent=23879"}],"wp:term":[{"taxonomy":"product_cat","embeddable":true,"href":"https:\/\/baralivres.ma\/index.php?rest_route=%2Fwp%2Fv2%2Fproduct_cat&post=23879"},{"taxonomy":"product_tag","embeddable":true,"href":"https:\/\/baralivres.ma\/index.php?rest_route=%2Fwp%2Fv2%2Fproduct_tag&post=23879"}],"curies":[{"name":"wp","href":"https:\/\/api.w.org\/{rel}","templated":true}]}}