{"id":23873,"date":"2025-05-21T16:40:53","date_gmt":"2025-05-21T15:40:53","guid":{"rendered":"https:\/\/baralivres.ma\/?post_type=product&#038;p=23873"},"modified":"2025-05-21T16:40:53","modified_gmt":"2025-05-21T15:40:53","slug":"edu-cubes-les-dinosaures","status":"publish","type":"product","link":"https:\/\/baralivres.ma\/?product=edu-cubes-les-dinosaures","title":{"rendered":"Edu-cubes. Les dinosaures"},"content":{"rendered":"<p>Edu-Cubes \u2013 Le Chantier \ud83d\udd27<br data-start=\"105\" data-end=\"108\" \/>Un mini-livre + 10 cubes illustr\u00e9s pour apprendre en s\u2019amusant !<br data-start=\"172\" data-end=\"175\" data-is-only-node=\"\" \/>D\u00e9couvre les dinosaures, empile, joue et d\u00e9veloppe motricit\u00e9 et logique d\u00e8s le plus jeune \u00e2ge.<br data-start=\"269\" data-end=\"272\" \/>Un coffret ludique et \u00e9ducatif pour les petits explorateurs !<\/p>\n","protected":false},"excerpt":{"rendered":"<p>Un coffret id\u00e9al pour accompagner les premi\u00e8res d\u00e9couvertes de votre enfant, \u00e0 la maison comme en d\u00e9placement.<\/p>\n","protected":false},"featured_media":23874,"comment_status":"open","ping_status":"closed","template":"","meta":{"inline_featured_image":false},"product_cat":[3875,3950,201,198,200],"product_tag":[],"class_list":{"0":"post-23873","1":"product","2":"type-product","3":"status-publish","4":"has-post-thumbnail","6":"product_cat-coffret-francais","7":"product_cat-les-livres-cartonnes-francais","8":"product_cat-coffret","9":"product_cat-livres-animes","10":"product_cat-activites","12":"first","13":"instock","14":"shipping-taxable","15":"purchasable","16":"product-type-simple"},"_links":{"self":[{"href":"https:\/\/baralivres.ma\/index.php?rest_route=\/wp\/v2\/product\/23873","targetHints":{"allow":["GET"]}}],"collection":[{"href":"https:\/\/baralivres.ma\/index.php?rest_route=\/wp\/v2\/product"}],"about":[{"href":"https:\/\/baralivres.ma\/index.php?rest_route=\/wp\/v2\/types\/product"}],"replies":[{"embeddable":true,"href":"https:\/\/baralivres.ma\/index.php?rest_route=%2Fwp%2Fv2%2Fcomments&post=23873"}],"version-history":[{"count":1,"href":"https:\/\/baralivres.ma\/index.php?rest_route=\/wp\/v2\/product\/23873\/revisions"}],"predecessor-version":[{"id":23878,"href":"https:\/\/baralivres.ma\/index.php?rest_route=\/wp\/v2\/product\/23873\/revisions\/23878"}],"wp:featuredmedia":[{"embeddable":true,"href":"https:\/\/baralivres.ma\/index.php?rest_route=\/wp\/v2\/media\/23874"}],"wp:attachment":[{"href":"https:\/\/baralivres.ma\/index.php?rest_route=%2Fwp%2Fv2%2Fmedia&parent=23873"}],"wp:term":[{"taxonomy":"product_cat","embeddable":true,"href":"https:\/\/baralivres.ma\/index.php?rest_route=%2Fwp%2Fv2%2Fproduct_cat&post=23873"},{"taxonomy":"product_tag","embeddable":true,"href":"https:\/\/baralivres.ma\/index.php?rest_route=%2Fwp%2Fv2%2Fproduct_tag&post=23873"}],"curies":[{"name":"wp","href":"https:\/\/api.w.org\/{rel}","templated":true}]}}