{"id":23861,"date":"2025-05-21T16:26:55","date_gmt":"2025-05-21T15:26:55","guid":{"rendered":"https:\/\/baralivres.ma\/?post_type=product&#038;p=23861"},"modified":"2025-05-21T16:26:55","modified_gmt":"2025-05-21T15:26:55","slug":"eco-cubes-joue-et-apprends","status":"publish","type":"product","link":"https:\/\/baralivres.ma\/?product=eco-cubes-joue-et-apprends","title":{"rendered":"\u00c9co-cubes Joue et Apprends"},"content":{"rendered":"<p class=\"\" data-start=\"94\" data-end=\"173\">\ud83c\udfb2 \u00c9co-cubes Joue et Apprends \u2013 D\u00e9couverte et apprentissage en grand format !<\/p>\n<p class=\"\" data-start=\"175\" data-end=\"294\">Offrez \u00e0 votre enfant un jeu \u00e0 la fois ludique, \u00e9ducatif et \u00e9cologique ! Les \u00c9co-cubes \u00ab\u00a0Joue et Apprends\u00a0\u00bb contiennent :<\/p>\n<p class=\"\" data-start=\"296\" data-end=\"559\">\ud83e\uddca 10 cubes en carton solide \u00e0 empiler pour construire une tour de 95 cm de haut<br data-start=\"376\" data-end=\"379\" \/>\ud83d\udcd6 Un petit livre illustr\u00e9 pour apprendre en s\u2019amusant<br data-start=\"433\" data-end=\"436\" \/>\ud83c\udf33 Des illustrations color\u00e9es pour d\u00e9couvrir les animaux de la for\u00eat, les fruits, les objets du quotidien et les chiffres<\/p>\n<p class=\"\" data-start=\"561\" data-end=\"753\">Gr\u00e2ce \u00e0 ce jeu complet, l\u2019enfant d\u00e9veloppe sa motricit\u00e9, enrichit son vocabulaire et apprend \u00e0 compter tout en s\u2019amusant. Id\u00e9al d\u00e8s 2 ans, il favorise l\u2019autonomie et l\u2019\u00e9veil des tout-petits.<\/p>\n<p class=\"\" data-start=\"755\" data-end=\"852\">\ud83d\udca1 Bonus : les cubes sont l\u00e9gers, r\u00e9sistants et se rangent facilement les uns dans les autres !<\/p>\n<p class=\"\" data-start=\"854\" data-end=\"908\">Parfait pour un cadeau utile, \u00e9ducatif et responsable.<\/p>\n","protected":false},"excerpt":{"rendered":"<p>Dix solides cubes empilables pour apprendre les formes, les fruits, les objets, les nombres et les noms des animaux de la for\u00eat.<\/p>\n","protected":false},"featured_media":23862,"comment_status":"open","ping_status":"closed","template":"","meta":{"inline_featured_image":false},"product_cat":[3875,3950,201,198,200],"product_tag":[],"class_list":{"0":"post-23861","1":"product","2":"type-product","3":"status-publish","4":"has-post-thumbnail","6":"product_cat-coffret-francais","7":"product_cat-les-livres-cartonnes-francais","8":"product_cat-coffret","9":"product_cat-livres-animes","10":"product_cat-activites","12":"first","13":"instock","14":"shipping-taxable","15":"purchasable","16":"product-type-simple"},"_links":{"self":[{"href":"https:\/\/baralivres.ma\/index.php?rest_route=\/wp\/v2\/product\/23861","targetHints":{"allow":["GET"]}}],"collection":[{"href":"https:\/\/baralivres.ma\/index.php?rest_route=\/wp\/v2\/product"}],"about":[{"href":"https:\/\/baralivres.ma\/index.php?rest_route=\/wp\/v2\/types\/product"}],"replies":[{"embeddable":true,"href":"https:\/\/baralivres.ma\/index.php?rest_route=%2Fwp%2Fv2%2Fcomments&post=23861"}],"version-history":[{"count":1,"href":"https:\/\/baralivres.ma\/index.php?rest_route=\/wp\/v2\/product\/23861\/revisions"}],"predecessor-version":[{"id":23866,"href":"https:\/\/baralivres.ma\/index.php?rest_route=\/wp\/v2\/product\/23861\/revisions\/23866"}],"wp:featuredmedia":[{"embeddable":true,"href":"https:\/\/baralivres.ma\/index.php?rest_route=\/wp\/v2\/media\/23862"}],"wp:attachment":[{"href":"https:\/\/baralivres.ma\/index.php?rest_route=%2Fwp%2Fv2%2Fmedia&parent=23861"}],"wp:term":[{"taxonomy":"product_cat","embeddable":true,"href":"https:\/\/baralivres.ma\/index.php?rest_route=%2Fwp%2Fv2%2Fproduct_cat&post=23861"},{"taxonomy":"product_tag","embeddable":true,"href":"https:\/\/baralivres.ma\/index.php?rest_route=%2Fwp%2Fv2%2Fproduct_tag&post=23861"}],"curies":[{"name":"wp","href":"https:\/\/api.w.org\/{rel}","templated":true}]}}