{"id":23858,"date":"2025-05-21T15:37:53","date_gmt":"2025-05-21T14:37:53","guid":{"rendered":"https:\/\/baralivres.ma\/?post_type=product&#038;p=23858"},"modified":"2025-05-21T15:37:53","modified_gmt":"2025-05-21T14:37:53","slug":"yellowface","status":"publish","type":"product","link":"https:\/\/baralivres.ma\/?product=yellowface","title":{"rendered":"Yellowface"},"content":{"rendered":"<p>Yellowface est un roman captivant, grin\u00e7ant et profond\u00e9ment actuel, qui m\u00eale tension narrative et critique sociale mordante.<\/p>\n<p class=\"\" data-start=\"1095\" data-end=\"1116\">\ud83d\udcac Th\u00e8mes abord\u00e9s :<\/p>\n<ul data-start=\"1117\" data-end=\"1258\">\n<li class=\"\" data-start=\"1117\" data-end=\"1145\">\n<p class=\"\" data-start=\"1119\" data-end=\"1145\">Appropriation culturelle<\/p>\n<\/li>\n<li class=\"\" data-start=\"1146\" data-end=\"1172\">\n<p class=\"\" data-start=\"1148\" data-end=\"1172\">Racisme dans l\u2019\u00e9dition<\/p>\n<\/li>\n<li class=\"\" data-start=\"1173\" data-end=\"1222\">\n<p class=\"\" data-start=\"1175\" data-end=\"1222\">R\u00e9seaux sociaux et culture de la d\u00e9nonciation<\/p>\n<\/li>\n<li class=\"\" data-start=\"1223\" data-end=\"1258\">\n<p class=\"\" data-start=\"1225\" data-end=\"1258\">Identit\u00e9 et l\u00e9gitimit\u00e9 artistique<\/p>\n<\/li>\n<\/ul>\n","protected":false},"excerpt":{"rendered":"<p>\ud83d\udcda Roman contemporain, satire litt\u00e9raire, thriller psychologique<\/p>\n","protected":false},"featured_media":23859,"comment_status":"open","ping_status":"closed","template":"","meta":{"inline_featured_image":false},"product_cat":[3873,143],"product_tag":[],"class_list":{"0":"post-23858","1":"product","2":"type-product","3":"status-publish","4":"has-post-thumbnail","6":"product_cat-roman-en-francais","7":"product_cat-roman","8":"pa_auteurs-rebecca-f-kuang","10":"first","11":"instock","12":"shipping-taxable","13":"purchasable","14":"product-type-simple"},"_links":{"self":[{"href":"https:\/\/baralivres.ma\/index.php?rest_route=\/wp\/v2\/product\/23858","targetHints":{"allow":["GET"]}}],"collection":[{"href":"https:\/\/baralivres.ma\/index.php?rest_route=\/wp\/v2\/product"}],"about":[{"href":"https:\/\/baralivres.ma\/index.php?rest_route=\/wp\/v2\/types\/product"}],"replies":[{"embeddable":true,"href":"https:\/\/baralivres.ma\/index.php?rest_route=%2Fwp%2Fv2%2Fcomments&post=23858"}],"version-history":[{"count":1,"href":"https:\/\/baralivres.ma\/index.php?rest_route=\/wp\/v2\/product\/23858\/revisions"}],"predecessor-version":[{"id":23860,"href":"https:\/\/baralivres.ma\/index.php?rest_route=\/wp\/v2\/product\/23858\/revisions\/23860"}],"wp:featuredmedia":[{"embeddable":true,"href":"https:\/\/baralivres.ma\/index.php?rest_route=\/wp\/v2\/media\/23859"}],"wp:attachment":[{"href":"https:\/\/baralivres.ma\/index.php?rest_route=%2Fwp%2Fv2%2Fmedia&parent=23858"}],"wp:term":[{"taxonomy":"product_cat","embeddable":true,"href":"https:\/\/baralivres.ma\/index.php?rest_route=%2Fwp%2Fv2%2Fproduct_cat&post=23858"},{"taxonomy":"product_tag","embeddable":true,"href":"https:\/\/baralivres.ma\/index.php?rest_route=%2Fwp%2Fv2%2Fproduct_tag&post=23858"}],"curies":[{"name":"wp","href":"https:\/\/api.w.org\/{rel}","templated":true}]}}