{"id":23851,"date":"2025-05-21T15:16:05","date_gmt":"2025-05-21T14:16:05","guid":{"rendered":"https:\/\/baralivres.ma\/?post_type=product&#038;p=23851"},"modified":"2025-05-21T15:16:06","modified_gmt":"2025-05-21T14:16:06","slug":"dictionnaire-amoureux-des-mille-et-une-nuits","status":"publish","type":"product","link":"https:\/\/baralivres.ma\/?product=dictionnaire-amoureux-des-mille-et-une-nuits","title":{"rendered":"Dictionnaire amoureux des mille et une nuits"},"content":{"rendered":"<p class=\"\" data-start=\"276\" data-end=\"735\">Plongez dans l\u2019univers f\u00e9erique et envo\u00fbtant des Mille et Une Nuits \u00e0 travers le regard \u00e9clair\u00e9 de Malek Chebel, grand sp\u00e9cialiste du monde arabe. Ce dictionnaire amoureux explore, de A \u00e0 Z, les personnages mythiques, les lieux magiques, les th\u00e8mes symboliques et les r\u00e9cits fascinants de ce chef-d\u2019\u0153uvre intemporel. Sh\u00e9h\u00e9razade, Aladin, Bagdad, l\u2019amour, la magie, la sagesse\u2026 autant d\u2019entr\u00e9es riches en histoire, en culture et en po\u00e9sie.<\/p>\n<p class=\"\" data-start=\"737\" data-end=\"975\">Entre \u00e9rudition et passion, ce livre est \u00e0 la fois un outil de d\u00e9couverte et un v\u00e9ritable voyage sensoriel dans l\u2019imaginaire oriental. Id\u00e9al pour les amoureux des contes, les curieux de l\u2019islam culturel ou les lecteurs en qu\u00eate d\u2019\u00e9vasion.<\/p>\n","protected":false},"excerpt":{"rendered":"<p>\ud83c\udf81 Un cadeau parfait pour les passionn\u00e9s de culture, de litt\u00e9rature et de r\u00eave.<\/p>\n","protected":false},"featured_media":23852,"comment_status":"open","ping_status":"closed","template":"","meta":{"inline_featured_image":false},"product_cat":[3720,3873,143],"product_tag":[],"class_list":{"0":"post-23851","1":"product","2":"type-product","3":"status-publish","4":"has-post-thumbnail","6":"product_cat-litterature","7":"product_cat-roman-en-francais","8":"product_cat-roman","9":"pa_auteurs-malek-chebel","11":"first","12":"instock","13":"shipping-taxable","14":"purchasable","15":"product-type-simple"},"_links":{"self":[{"href":"https:\/\/baralivres.ma\/index.php?rest_route=\/wp\/v2\/product\/23851","targetHints":{"allow":["GET"]}}],"collection":[{"href":"https:\/\/baralivres.ma\/index.php?rest_route=\/wp\/v2\/product"}],"about":[{"href":"https:\/\/baralivres.ma\/index.php?rest_route=\/wp\/v2\/types\/product"}],"replies":[{"embeddable":true,"href":"https:\/\/baralivres.ma\/index.php?rest_route=%2Fwp%2Fv2%2Fcomments&post=23851"}],"version-history":[{"count":2,"href":"https:\/\/baralivres.ma\/index.php?rest_route=\/wp\/v2\/product\/23851\/revisions"}],"predecessor-version":[{"id":23855,"href":"https:\/\/baralivres.ma\/index.php?rest_route=\/wp\/v2\/product\/23851\/revisions\/23855"}],"wp:featuredmedia":[{"embeddable":true,"href":"https:\/\/baralivres.ma\/index.php?rest_route=\/wp\/v2\/media\/23852"}],"wp:attachment":[{"href":"https:\/\/baralivres.ma\/index.php?rest_route=%2Fwp%2Fv2%2Fmedia&parent=23851"}],"wp:term":[{"taxonomy":"product_cat","embeddable":true,"href":"https:\/\/baralivres.ma\/index.php?rest_route=%2Fwp%2Fv2%2Fproduct_cat&post=23851"},{"taxonomy":"product_tag","embeddable":true,"href":"https:\/\/baralivres.ma\/index.php?rest_route=%2Fwp%2Fv2%2Fproduct_tag&post=23851"}],"curies":[{"name":"wp","href":"https:\/\/api.w.org\/{rel}","templated":true}]}}