{"id":23848,"date":"2025-05-21T15:08:55","date_gmt":"2025-05-21T14:08:55","guid":{"rendered":"https:\/\/baralivres.ma\/?post_type=product&#038;p=23848"},"modified":"2025-05-21T15:08:56","modified_gmt":"2025-05-21T14:08:56","slug":"juifs-et-arabes-au-xxe-siecle","status":"publish","type":"product","link":"https:\/\/baralivres.ma\/?product=juifs-et-arabes-au-xxe-siecle","title":{"rendered":"Juifs et Arabes au XXe si\u00e8cle"},"content":{"rendered":"<p><strong data-start=\"41\" data-end=\"74\">Juifs et Arabes au XXe si\u00e8cle<\/strong> de Michel Abitbol est une analyse historique rigoureuse des relations entre Juifs et Arabes durant le XXe si\u00e8cle. L\u2019auteur y explore les tensions croissantes, les bouleversements politiques, culturels et religieux, ainsi que l\u2019effritement du dialogue entre les deux peuples, \u00e0 la lumi\u00e8re de grands \u00e9v\u00e9nements comme la d\u00e9colonisation et le conflit isra\u00e9lo-palestinien. Un ouvrage essentiel pour comprendre les racines d\u2019un conflit complexe.<\/p>\n","protected":false},"excerpt":{"rendered":"<p>Un ouvrage essentiel pour comprendre les racines d\u2019un conflit complexe.<\/p>\n","protected":false},"featured_media":23849,"comment_status":"open","ping_status":"closed","template":"","meta":{"inline_featured_image":false},"product_cat":[3725],"product_tag":[],"class_list":{"0":"post-23848","1":"product","2":"type-product","3":"status-publish","4":"has-post-thumbnail","6":"product_cat-litterature-religieuse","7":"pa_auteurs-michel-abitbol","9":"first","10":"instock","11":"shipping-taxable","12":"purchasable","13":"product-type-simple"},"_links":{"self":[{"href":"https:\/\/baralivres.ma\/index.php?rest_route=\/wp\/v2\/product\/23848","targetHints":{"allow":["GET"]}}],"collection":[{"href":"https:\/\/baralivres.ma\/index.php?rest_route=\/wp\/v2\/product"}],"about":[{"href":"https:\/\/baralivres.ma\/index.php?rest_route=\/wp\/v2\/types\/product"}],"replies":[{"embeddable":true,"href":"https:\/\/baralivres.ma\/index.php?rest_route=%2Fwp%2Fv2%2Fcomments&post=23848"}],"version-history":[{"count":1,"href":"https:\/\/baralivres.ma\/index.php?rest_route=\/wp\/v2\/product\/23848\/revisions"}],"predecessor-version":[{"id":23850,"href":"https:\/\/baralivres.ma\/index.php?rest_route=\/wp\/v2\/product\/23848\/revisions\/23850"}],"wp:featuredmedia":[{"embeddable":true,"href":"https:\/\/baralivres.ma\/index.php?rest_route=\/wp\/v2\/media\/23849"}],"wp:attachment":[{"href":"https:\/\/baralivres.ma\/index.php?rest_route=%2Fwp%2Fv2%2Fmedia&parent=23848"}],"wp:term":[{"taxonomy":"product_cat","embeddable":true,"href":"https:\/\/baralivres.ma\/index.php?rest_route=%2Fwp%2Fv2%2Fproduct_cat&post=23848"},{"taxonomy":"product_tag","embeddable":true,"href":"https:\/\/baralivres.ma\/index.php?rest_route=%2Fwp%2Fv2%2Fproduct_tag&post=23848"}],"curies":[{"name":"wp","href":"https:\/\/api.w.org\/{rel}","templated":true}]}}