{"id":23809,"date":"2025-05-17T10:42:32","date_gmt":"2025-05-17T09:42:32","guid":{"rendered":"https:\/\/baralivres.ma\/?post_type=product&#038;p=23809"},"modified":"2025-05-17T10:42:33","modified_gmt":"2025-05-17T09:42:33","slug":"plus-jamais-sans-moi","status":"publish","type":"product","link":"https:\/\/baralivres.ma\/?product=plus-jamais-sans-moi","title":{"rendered":"Plus jamais sans moi"},"content":{"rendered":"<p><strong data-start=\"53\" data-end=\"77\">Plus jamais sans moi<\/strong> de Maud Ankaoua est un roman qui suit Constance, une avocate brillante, confront\u00e9e \u00e0 ses peurs et ses doutes \u00e0 l\u2019aube de la quarantaine. Pour d\u00e9crocher un poste important, elle doit entreprendre le chemin de Compostelle, un voyage initiatique qui va bouleverser sa vision d\u2019elle-m\u00eame et de l\u2019amour. Un r\u00e9cit inspirant sur la qu\u00eate de soi, la lib\u00e9ration \u00e9motionnelle et l\u2019importance de s\u2019aimer pour mieux aimer les autres.<\/p>\n","protected":false},"excerpt":{"rendered":"<p>Un voyage initiatique pour apprendre \u00e0 s\u2019aimer et transformer sa vie.<\/p>\n","protected":false},"featured_media":23810,"comment_status":"open","ping_status":"closed","template":"","meta":{"inline_featured_image":false},"product_cat":[3873,143],"product_tag":[],"class_list":{"0":"post-23809","1":"product","2":"type-product","3":"status-publish","4":"has-post-thumbnail","6":"product_cat-roman-en-francais","7":"product_cat-roman","8":"pa_auteurs-maud-ankaoua","10":"first","11":"instock","12":"shipping-taxable","13":"purchasable","14":"product-type-simple"},"_links":{"self":[{"href":"https:\/\/baralivres.ma\/index.php?rest_route=\/wp\/v2\/product\/23809","targetHints":{"allow":["GET"]}}],"collection":[{"href":"https:\/\/baralivres.ma\/index.php?rest_route=\/wp\/v2\/product"}],"about":[{"href":"https:\/\/baralivres.ma\/index.php?rest_route=\/wp\/v2\/types\/product"}],"replies":[{"embeddable":true,"href":"https:\/\/baralivres.ma\/index.php?rest_route=%2Fwp%2Fv2%2Fcomments&post=23809"}],"version-history":[{"count":1,"href":"https:\/\/baralivres.ma\/index.php?rest_route=\/wp\/v2\/product\/23809\/revisions"}],"predecessor-version":[{"id":23811,"href":"https:\/\/baralivres.ma\/index.php?rest_route=\/wp\/v2\/product\/23809\/revisions\/23811"}],"wp:featuredmedia":[{"embeddable":true,"href":"https:\/\/baralivres.ma\/index.php?rest_route=\/wp\/v2\/media\/23810"}],"wp:attachment":[{"href":"https:\/\/baralivres.ma\/index.php?rest_route=%2Fwp%2Fv2%2Fmedia&parent=23809"}],"wp:term":[{"taxonomy":"product_cat","embeddable":true,"href":"https:\/\/baralivres.ma\/index.php?rest_route=%2Fwp%2Fv2%2Fproduct_cat&post=23809"},{"taxonomy":"product_tag","embeddable":true,"href":"https:\/\/baralivres.ma\/index.php?rest_route=%2Fwp%2Fv2%2Fproduct_tag&post=23809"}],"curies":[{"name":"wp","href":"https:\/\/api.w.org\/{rel}","templated":true}]}}