{"id":23806,"date":"2025-05-17T10:38:55","date_gmt":"2025-05-17T09:38:55","guid":{"rendered":"https:\/\/baralivres.ma\/?post_type=product&#038;p=23806"},"modified":"2025-05-17T10:38:55","modified_gmt":"2025-05-17T09:38:55","slug":"mes-derniers-mots-seront-pour-toi","status":"publish","type":"product","link":"https:\/\/baralivres.ma\/?product=mes-derniers-mots-seront-pour-toi","title":{"rendered":"Mes derniers mots seront pour toi"},"content":{"rendered":"<p><strong data-start=\"46\" data-end=\"83\">Mes derniers mots seront pour toi<\/strong> de Sabrina Philippe est un roman \u00e9mouvant sur la fin de vie, la r\u00e9silience et le pouvoir des liens humains. Estelle, condamn\u00e9e par la maladie, rencontre \u00e0 l\u2019h\u00f4pital Juliette, une infirmi\u00e8re en souffrance, et Benimar, un m\u00e9decin myst\u00e9rieux. Ensemble, ils vont se reconstruire, apprendre \u00e0 pardonner et redonner un sens \u00e0 leurs derniers instants. Un r\u00e9cit d\u00e9licat et touchant sur l\u2019importance de dire l\u2019essentiel avant qu\u2019il ne soit trop tard.<\/p>\n","protected":false},"excerpt":{"rendered":"<p><span class=\"relative -mx-px my-[-0.2rem] rounded px-px py-[0.2rem] transition-colors duration-100 ease-in-out\">Ce roman est une invitation \u00e0 r\u00e9fl\u00e9chir sur la vie, la mort et les liens qui nous unissent.<\/span> <span class=\"relative -mx-px my-[-0.2rem] rounded px-px py-[0.2rem] transition-colors duration-100 ease-in-out\">Il touche profond\u00e9ment et rappelle l&rsquo;importance de dire \u00ab\u00a0je t&rsquo;aime\u00a0\u00bb tant qu&rsquo;il est encore temps.<\/span><\/p>\n","protected":false},"featured_media":23807,"comment_status":"open","ping_status":"closed","template":"","meta":{"inline_featured_image":false},"product_cat":[3873,143],"product_tag":[],"class_list":{"0":"post-23806","1":"product","2":"type-product","3":"status-publish","4":"has-post-thumbnail","6":"product_cat-roman-en-francais","7":"product_cat-roman","8":"pa_auteurs-sabrina-philippe","10":"first","11":"instock","12":"shipping-taxable","13":"purchasable","14":"product-type-simple"},"_links":{"self":[{"href":"https:\/\/baralivres.ma\/index.php?rest_route=\/wp\/v2\/product\/23806","targetHints":{"allow":["GET"]}}],"collection":[{"href":"https:\/\/baralivres.ma\/index.php?rest_route=\/wp\/v2\/product"}],"about":[{"href":"https:\/\/baralivres.ma\/index.php?rest_route=\/wp\/v2\/types\/product"}],"replies":[{"embeddable":true,"href":"https:\/\/baralivres.ma\/index.php?rest_route=%2Fwp%2Fv2%2Fcomments&post=23806"}],"version-history":[{"count":1,"href":"https:\/\/baralivres.ma\/index.php?rest_route=\/wp\/v2\/product\/23806\/revisions"}],"predecessor-version":[{"id":23808,"href":"https:\/\/baralivres.ma\/index.php?rest_route=\/wp\/v2\/product\/23806\/revisions\/23808"}],"wp:featuredmedia":[{"embeddable":true,"href":"https:\/\/baralivres.ma\/index.php?rest_route=\/wp\/v2\/media\/23807"}],"wp:attachment":[{"href":"https:\/\/baralivres.ma\/index.php?rest_route=%2Fwp%2Fv2%2Fmedia&parent=23806"}],"wp:term":[{"taxonomy":"product_cat","embeddable":true,"href":"https:\/\/baralivres.ma\/index.php?rest_route=%2Fwp%2Fv2%2Fproduct_cat&post=23806"},{"taxonomy":"product_tag","embeddable":true,"href":"https:\/\/baralivres.ma\/index.php?rest_route=%2Fwp%2Fv2%2Fproduct_tag&post=23806"}],"curies":[{"name":"wp","href":"https:\/\/api.w.org\/{rel}","templated":true}]}}