{"id":23803,"date":"2025-05-17T10:34:42","date_gmt":"2025-05-17T09:34:42","guid":{"rendered":"https:\/\/baralivres.ma\/?post_type=product&#038;p=23803"},"modified":"2025-05-17T10:34:42","modified_gmt":"2025-05-17T09:34:42","slug":"flip-thinking-2","status":"publish","type":"product","link":"https:\/\/baralivres.ma\/?product=flip-thinking-2","title":{"rendered":"Flip Thinking"},"content":{"rendered":"<p class=\"\" data-start=\"99\" data-end=\"477\">\ud83d\udd04\u202fFlip Thinking \u2013 Et si on pensait autrement ?<br data-start=\"146\" data-end=\"149\" \/>Un livre inspirant de Berthold Gunster qui vous invite \u00e0 passer du \u00ab\u00a0Oui, mais\u2026\u00a0\u00bb au \u00ab\u00a0Oui, et si\u2026\u00a0\u00bb. Gr\u00e2ce \u00e0 des exemples concrets et 15 techniques simples, apprenez \u00e0 transformer les obstacles en opportunit\u00e9s. Une lecture rafra\u00eechissante pour changer de perspective et cultiver une attitude positive face aux d\u00e9fis du quotidien.<\/p>\n<p class=\"\" data-start=\"479\" data-end=\"597\">\ud83d\udca1 Parfait pour celles et ceux qui veulent penser diff\u00e9remment, agir avec cr\u00e9ativit\u00e9 et rebondir face aux impr\u00e9vus !<\/p>\n","protected":false},"excerpt":{"rendered":"<p>\ud83e\udde0 \u00c0 la fois stimulant et accessible, Flip Thinking est un guide pratique pour toute personne souhaitant sortir des blocages mentaux et d\u00e9velopper une nouvelle fa\u00e7on de voir le monde.<\/p>\n","protected":false},"featured_media":23804,"comment_status":"open","ping_status":"closed","template":"","meta":{"inline_featured_image":false},"product_cat":[3896,91],"product_tag":[],"class_list":{"0":"post-23803","1":"product","2":"type-product","3":"status-publish","4":"has-post-thumbnail","6":"product_cat-developpement-francais","7":"product_cat-developpement","8":"pa_auteurs-berthold-gunster","10":"first","11":"instock","12":"shipping-taxable","13":"purchasable","14":"product-type-simple"},"_links":{"self":[{"href":"https:\/\/baralivres.ma\/index.php?rest_route=\/wp\/v2\/product\/23803","targetHints":{"allow":["GET"]}}],"collection":[{"href":"https:\/\/baralivres.ma\/index.php?rest_route=\/wp\/v2\/product"}],"about":[{"href":"https:\/\/baralivres.ma\/index.php?rest_route=\/wp\/v2\/types\/product"}],"replies":[{"embeddable":true,"href":"https:\/\/baralivres.ma\/index.php?rest_route=%2Fwp%2Fv2%2Fcomments&post=23803"}],"version-history":[{"count":1,"href":"https:\/\/baralivres.ma\/index.php?rest_route=\/wp\/v2\/product\/23803\/revisions"}],"predecessor-version":[{"id":23805,"href":"https:\/\/baralivres.ma\/index.php?rest_route=\/wp\/v2\/product\/23803\/revisions\/23805"}],"wp:featuredmedia":[{"embeddable":true,"href":"https:\/\/baralivres.ma\/index.php?rest_route=\/wp\/v2\/media\/23804"}],"wp:attachment":[{"href":"https:\/\/baralivres.ma\/index.php?rest_route=%2Fwp%2Fv2%2Fmedia&parent=23803"}],"wp:term":[{"taxonomy":"product_cat","embeddable":true,"href":"https:\/\/baralivres.ma\/index.php?rest_route=%2Fwp%2Fv2%2Fproduct_cat&post=23803"},{"taxonomy":"product_tag","embeddable":true,"href":"https:\/\/baralivres.ma\/index.php?rest_route=%2Fwp%2Fv2%2Fproduct_tag&post=23803"}],"curies":[{"name":"wp","href":"https:\/\/api.w.org\/{rel}","templated":true}]}}