{"id":23791,"date":"2025-05-17T10:22:08","date_gmt":"2025-05-17T09:22:08","guid":{"rendered":"https:\/\/baralivres.ma\/?post_type=product&#038;p=23791"},"modified":"2025-05-17T10:22:09","modified_gmt":"2025-05-17T09:22:09","slug":"les-formes-livre-de-10-pages-10-puzzles","status":"publish","type":"product","link":"https:\/\/baralivres.ma\/?product=les-formes-livre-de-10-pages-10-puzzles","title":{"rendered":"Les formes: Livre de 10 pages + 10 puzzles"},"content":{"rendered":"<p class=\"\" data-start=\"118\" data-end=\"157\">\ud83d\udcd8 Les Formes \u2013 Livre + 10 Mini-Puzzles<\/p>\n<p class=\"\" data-start=\"159\" data-end=\"430\">D\u00e9couvre les formes g\u00e9om\u00e9triques en t\u2019amusant ! Avec cette nouvelle \u00e9dition de la s\u00e9rie Puzzle 2, les enfants apprennent \u00e0 reconna\u00eetre les principales formes (cercle, carr\u00e9, triangle, etc.) gr\u00e2ce \u00e0 un livre color\u00e9 de 10 pages accompagn\u00e9 de 10 mini-puzzles de deux pi\u00e8ces.<\/p>\n<p class=\"\" data-start=\"432\" data-end=\"604\">Ce coffret ludique et \u00e9ducatif favorise :<br \/>\n\ud83d\udd39 L\u2019apprentissage des concepts de base<br \/>\n\ud83d\udd39 Le d\u00e9veloppement de la motricit\u00e9 fine<br \/>\n\ud83d\udd39 La reconnaissance visuelle et la concentration<\/p>\n<p class=\"\" data-start=\"606\" data-end=\"740\">Lis l\u2019histoire, puis assemble les puzzles pour associer chaque forme \u00e0 son illustration. Un jeu id\u00e9al pour les tout-petits d\u00e8s 3 ans !<\/p>\n","protected":false},"excerpt":{"rendered":"<p>Un livre de 10 pages pour d\u00e9couvrir les formes g\u00e9om\u00e9triques, accompagn\u00e9 de 10 mini-puzzles de deux pi\u00e8ces. Id\u00e9al d\u00e8s 3 ans pour apprendre en s\u2019amusant et d\u00e9velopper la motricit\u00e9 fine !<\/p>\n","protected":false},"featured_media":23792,"comment_status":"open","ping_status":"closed","template":"","meta":{"inline_featured_image":false},"product_cat":[3875,201,212,200],"product_tag":[],"class_list":{"0":"post-23791","1":"product","2":"type-product","3":"status-publish","4":"has-post-thumbnail","6":"product_cat-coffret-francais","7":"product_cat-coffret","8":"product_cat-puzzle","9":"product_cat-activites","11":"first","12":"instock","13":"shipping-taxable","14":"purchasable","15":"product-type-simple"},"_links":{"self":[{"href":"https:\/\/baralivres.ma\/index.php?rest_route=\/wp\/v2\/product\/23791","targetHints":{"allow":["GET"]}}],"collection":[{"href":"https:\/\/baralivres.ma\/index.php?rest_route=\/wp\/v2\/product"}],"about":[{"href":"https:\/\/baralivres.ma\/index.php?rest_route=\/wp\/v2\/types\/product"}],"replies":[{"embeddable":true,"href":"https:\/\/baralivres.ma\/index.php?rest_route=%2Fwp%2Fv2%2Fcomments&post=23791"}],"version-history":[{"count":1,"href":"https:\/\/baralivres.ma\/index.php?rest_route=\/wp\/v2\/product\/23791\/revisions"}],"predecessor-version":[{"id":23796,"href":"https:\/\/baralivres.ma\/index.php?rest_route=\/wp\/v2\/product\/23791\/revisions\/23796"}],"wp:featuredmedia":[{"embeddable":true,"href":"https:\/\/baralivres.ma\/index.php?rest_route=\/wp\/v2\/media\/23792"}],"wp:attachment":[{"href":"https:\/\/baralivres.ma\/index.php?rest_route=%2Fwp%2Fv2%2Fmedia&parent=23791"}],"wp:term":[{"taxonomy":"product_cat","embeddable":true,"href":"https:\/\/baralivres.ma\/index.php?rest_route=%2Fwp%2Fv2%2Fproduct_cat&post=23791"},{"taxonomy":"product_tag","embeddable":true,"href":"https:\/\/baralivres.ma\/index.php?rest_route=%2Fwp%2Fv2%2Fproduct_tag&post=23791"}],"curies":[{"name":"wp","href":"https:\/\/api.w.org\/{rel}","templated":true}]}}