{"id":23788,"date":"2025-05-17T10:16:06","date_gmt":"2025-05-17T09:16:06","guid":{"rendered":"https:\/\/baralivres.ma\/?post_type=product&#038;p=23788"},"modified":"2025-05-17T10:16:06","modified_gmt":"2025-05-17T09:16:06","slug":"joue-et-apprends-memo-mots","status":"publish","type":"product","link":"https:\/\/baralivres.ma\/?product=joue-et-apprends-memo-mots","title":{"rendered":"Joue et apprends. M\u00e9mo mots"},"content":{"rendered":"<p class=\"\" data-start=\"88\" data-end=\"123\">\ud83c\udfb2\ud83d\udcd6 J\u2019Joue et Apprends \u2013 M\u00e9mo Mots<\/p>\n<p class=\"\" data-start=\"125\" data-end=\"296\">Un coffret ludique et \u00e9ducatif pour accompagner les tout-petits dans leurs premiers apprentissages ! Ce jeu comprend un livre de 10 pages et 28 cartes m\u00e9mo color\u00e9es pour :<\/p>\n<p class=\"\" data-start=\"298\" data-end=\"422\">\ud83d\udd39 D\u00e9velopper la motricit\u00e9 fine<br data-start=\"329\" data-end=\"332\" \/>\ud83d\udd39 Stimuler l\u2019apprentissage du vocabulaire<br data-start=\"374\" data-end=\"377\" \/>\ud83d\udd39 Renforcer la m\u00e9moire et la concentration<\/p>\n<p class=\"\" data-start=\"424\" data-end=\"620\">L\u2019enfant associe les images, apprend \u00e0 reconna\u00eetre les mots et s\u2019amuse avec un jeu de m\u00e9moire classique revisit\u00e9 pour les plus jeunes. Un outil id\u00e9al pour apprendre en jouant, seul ou en famille !<\/p>\n<p class=\"\" data-start=\"622\" data-end=\"657\">\u00c2ge recommand\u00e9 : \u00e0 partir de 3 ans.<\/p>\n","protected":false},"excerpt":{"rendered":"<p>Un livre de 10 pages et 28 cartes m\u00e9mo pour apprendre les mots en s\u2019amusant !<br data-start=\"157\" data-end=\"160\" data-is-only-node=\"\" \/>D\u00e9veloppe la motricit\u00e9 fine, la m\u00e9moire et la concentration gr\u00e2ce \u00e0 un jeu de m\u00e9moire simple et ludique.<\/p>\n","protected":false},"featured_media":23789,"comment_status":"open","ping_status":"closed","template":"","meta":{"inline_featured_image":false},"product_cat":[201,200],"product_tag":[],"class_list":{"0":"post-23788","1":"product","2":"type-product","3":"status-publish","4":"has-post-thumbnail","6":"product_cat-coffret","7":"product_cat-activites","9":"first","10":"instock","11":"shipping-taxable","12":"product-type-simple"},"_links":{"self":[{"href":"https:\/\/baralivres.ma\/index.php?rest_route=\/wp\/v2\/product\/23788","targetHints":{"allow":["GET"]}}],"collection":[{"href":"https:\/\/baralivres.ma\/index.php?rest_route=\/wp\/v2\/product"}],"about":[{"href":"https:\/\/baralivres.ma\/index.php?rest_route=\/wp\/v2\/types\/product"}],"replies":[{"embeddable":true,"href":"https:\/\/baralivres.ma\/index.php?rest_route=%2Fwp%2Fv2%2Fcomments&post=23788"}],"version-history":[{"count":1,"href":"https:\/\/baralivres.ma\/index.php?rest_route=\/wp\/v2\/product\/23788\/revisions"}],"predecessor-version":[{"id":23790,"href":"https:\/\/baralivres.ma\/index.php?rest_route=\/wp\/v2\/product\/23788\/revisions\/23790"}],"wp:featuredmedia":[{"embeddable":true,"href":"https:\/\/baralivres.ma\/index.php?rest_route=\/wp\/v2\/media\/23789"}],"wp:attachment":[{"href":"https:\/\/baralivres.ma\/index.php?rest_route=%2Fwp%2Fv2%2Fmedia&parent=23788"}],"wp:term":[{"taxonomy":"product_cat","embeddable":true,"href":"https:\/\/baralivres.ma\/index.php?rest_route=%2Fwp%2Fv2%2Fproduct_cat&post=23788"},{"taxonomy":"product_tag","embeddable":true,"href":"https:\/\/baralivres.ma\/index.php?rest_route=%2Fwp%2Fv2%2Fproduct_tag&post=23788"}],"curies":[{"name":"wp","href":"https:\/\/api.w.org\/{rel}","templated":true}]}}