{"id":23778,"date":"2025-05-17T10:06:12","date_gmt":"2025-05-17T09:06:12","guid":{"rendered":"https:\/\/baralivres.ma\/?post_type=product&#038;p=23778"},"modified":"2025-05-17T10:06:12","modified_gmt":"2025-05-17T09:06:12","slug":"joue-et-apprends-domino-couleurs","status":"publish","type":"product","link":"https:\/\/baralivres.ma\/?product=joue-et-apprends-domino-couleurs","title":{"rendered":"Joue et apprends. Domino Couleurs"},"content":{"rendered":"<p class=\"\" data-start=\"98\" data-end=\"200\"><strong data-start=\"98\" data-end=\"135\">Joue et apprends. Domino Couleurs<\/strong><br data-start=\"135\" data-end=\"138\" \/>Reconnais les images et apprends les couleurs en t\u2019amusant !<\/p>\n<p class=\"\" data-start=\"202\" data-end=\"581\">Ce coffret ludique comprend un livre de 10 pages ainsi que 28 grandes cartes domino, sp\u00e9cialement con\u00e7ues pour les jeunes enfants. En jouant, l\u2019enfant d\u00e9veloppe sa motricit\u00e9 fine, stimule son apprentissage des couleurs et am\u00e9liore sa concentration. Chaque carte propose des images color\u00e9es et attractives qui facilitent la reconnaissance visuelle et l\u2019association des couleurs.<\/p>\n","protected":false},"excerpt":{"rendered":"<p>Un jeu \u00e9ducatif parfait pour allier plaisir et apprentissage d\u00e8s le plus jeune \u00e2ge !<\/p>\n","protected":false},"featured_media":23779,"comment_status":"open","ping_status":"closed","template":"","meta":{"inline_featured_image":false},"product_cat":[3875,201,212,200],"product_tag":[],"class_list":{"0":"post-23778","1":"product","2":"type-product","3":"status-publish","4":"has-post-thumbnail","6":"product_cat-coffret-francais","7":"product_cat-coffret","8":"product_cat-puzzle","9":"product_cat-activites","11":"first","12":"instock","13":"shipping-taxable","14":"purchasable","15":"product-type-simple"},"_links":{"self":[{"href":"https:\/\/baralivres.ma\/index.php?rest_route=\/wp\/v2\/product\/23778","targetHints":{"allow":["GET"]}}],"collection":[{"href":"https:\/\/baralivres.ma\/index.php?rest_route=\/wp\/v2\/product"}],"about":[{"href":"https:\/\/baralivres.ma\/index.php?rest_route=\/wp\/v2\/types\/product"}],"replies":[{"embeddable":true,"href":"https:\/\/baralivres.ma\/index.php?rest_route=%2Fwp%2Fv2%2Fcomments&post=23778"}],"version-history":[{"count":1,"href":"https:\/\/baralivres.ma\/index.php?rest_route=\/wp\/v2\/product\/23778\/revisions"}],"predecessor-version":[{"id":23783,"href":"https:\/\/baralivres.ma\/index.php?rest_route=\/wp\/v2\/product\/23778\/revisions\/23783"}],"wp:featuredmedia":[{"embeddable":true,"href":"https:\/\/baralivres.ma\/index.php?rest_route=\/wp\/v2\/media\/23779"}],"wp:attachment":[{"href":"https:\/\/baralivres.ma\/index.php?rest_route=%2Fwp%2Fv2%2Fmedia&parent=23778"}],"wp:term":[{"taxonomy":"product_cat","embeddable":true,"href":"https:\/\/baralivres.ma\/index.php?rest_route=%2Fwp%2Fv2%2Fproduct_cat&post=23778"},{"taxonomy":"product_tag","embeddable":true,"href":"https:\/\/baralivres.ma\/index.php?rest_route=%2Fwp%2Fv2%2Fproduct_tag&post=23778"}],"curies":[{"name":"wp","href":"https:\/\/api.w.org\/{rel}","templated":true}]}}