{"id":23772,"date":"2025-05-17T09:47:36","date_gmt":"2025-05-17T08:47:36","guid":{"rendered":"https:\/\/baralivres.ma\/?post_type=product&#038;p=23772"},"modified":"2025-05-17T09:47:36","modified_gmt":"2025-05-17T08:47:36","slug":"toutes-ses-fautes","status":"publish","type":"product","link":"https:\/\/baralivres.ma\/?product=toutes-ses-fautes","title":{"rendered":"Toutes ses fautes"},"content":{"rendered":"<p><strong data-start=\"48\" data-end=\"69\">Toutes ses fautes<\/strong> d\u2019Andrea Mara est un thriller psychologique haletant. \u00c0 Dublin, le jeune Milo dispara\u00eet myst\u00e9rieusement alors qu\u2019il joue chez un camarade. Quatre femmes proches de l\u2019enfant deviennent suspectes, chacune cachant ses secrets. Entre suspense intense et rebondissements, ce roman explore les failles humaines dans une atmosph\u00e8re oppressante. Un incontournable pour les amateurs de suspense domestique.<\/p>\n","protected":false},"excerpt":{"rendered":"<p>Le roman a \u00e9t\u00e9 adapt\u00e9 en mini-s\u00e9rie par les studios Universal, promettant une immersion encore plus grande dans cette histoire haletante.<\/p>\n","protected":false},"featured_media":23773,"comment_status":"open","ping_status":"closed","template":"","meta":{"inline_featured_image":false},"product_cat":[3873,143],"product_tag":[],"class_list":{"0":"post-23772","1":"product","2":"type-product","3":"status-publish","4":"has-post-thumbnail","6":"product_cat-roman-en-francais","7":"product_cat-roman","8":"pa_auteurs-andrea-mara","10":"first","11":"instock","12":"shipping-taxable","13":"purchasable","14":"product-type-simple"},"_links":{"self":[{"href":"https:\/\/baralivres.ma\/index.php?rest_route=\/wp\/v2\/product\/23772","targetHints":{"allow":["GET"]}}],"collection":[{"href":"https:\/\/baralivres.ma\/index.php?rest_route=\/wp\/v2\/product"}],"about":[{"href":"https:\/\/baralivres.ma\/index.php?rest_route=\/wp\/v2\/types\/product"}],"replies":[{"embeddable":true,"href":"https:\/\/baralivres.ma\/index.php?rest_route=%2Fwp%2Fv2%2Fcomments&post=23772"}],"version-history":[{"count":1,"href":"https:\/\/baralivres.ma\/index.php?rest_route=\/wp\/v2\/product\/23772\/revisions"}],"predecessor-version":[{"id":23774,"href":"https:\/\/baralivres.ma\/index.php?rest_route=\/wp\/v2\/product\/23772\/revisions\/23774"}],"wp:featuredmedia":[{"embeddable":true,"href":"https:\/\/baralivres.ma\/index.php?rest_route=\/wp\/v2\/media\/23773"}],"wp:attachment":[{"href":"https:\/\/baralivres.ma\/index.php?rest_route=%2Fwp%2Fv2%2Fmedia&parent=23772"}],"wp:term":[{"taxonomy":"product_cat","embeddable":true,"href":"https:\/\/baralivres.ma\/index.php?rest_route=%2Fwp%2Fv2%2Fproduct_cat&post=23772"},{"taxonomy":"product_tag","embeddable":true,"href":"https:\/\/baralivres.ma\/index.php?rest_route=%2Fwp%2Fv2%2Fproduct_tag&post=23772"}],"curies":[{"name":"wp","href":"https:\/\/api.w.org\/{rel}","templated":true}]}}