{"id":23769,"date":"2025-05-17T09:42:11","date_gmt":"2025-05-17T08:42:11","guid":{"rendered":"https:\/\/baralivres.ma\/?post_type=product&#038;p=23769"},"modified":"2025-05-17T09:46:56","modified_gmt":"2025-05-17T08:46:56","slug":"le-beurre-de-manako","status":"publish","type":"product","link":"https:\/\/baralivres.ma\/?product=le-beurre-de-manako","title":{"rendered":"Le Beurre de Manako"},"content":{"rendered":"<p class=\"\" data-start=\"101\" data-end=\"404\"><strong data-start=\"101\" data-end=\"124\">Le beurre de Manako<\/strong> est un thriller psychologique japonais o\u00f9 Rika, une journaliste, rencontre Manako, accus\u00e9e d\u2019avoir tu\u00e9 ses amants. Pour l\u2019interviewer, Rika doit go\u00fbter \u00e0 la cuisine raffin\u00e9e de Manako, ce qui l\u2019entra\u00eene dans une enqu\u00eate m\u00ealant manipulation, pression sociale et qu\u00eate d\u2019identit\u00e9.<\/p>\n<p class=\"\" data-start=\"406\" data-end=\"533\">Ce roman allie suspense et descriptions sensuelles de la gastronomie, offrant un portrait incisif des normes sociales au Japon.<\/p>\n","protected":false},"excerpt":{"rendered":"<p class=\"\" data-start=\"45\" data-end=\"277\"><strong data-start=\"45\" data-end=\"68\">Le beurre de Manako<\/strong> d\u2019Asako Yuzuki est un thriller psychologique o\u00f9 une journaliste enqu\u00eate sur une femme accus\u00e9e de meurtre, entre cuisine raffin\u00e9e et manipulation. Une plong\u00e9e captivante dans les pressions sociales japonaises.<\/p>\n","protected":false},"featured_media":23770,"comment_status":"open","ping_status":"closed","template":"","meta":{"inline_featured_image":false},"product_cat":[3873,15,143],"product_tag":[],"class_list":{"0":"post-23769","1":"product","2":"type-product","3":"status-publish","4":"has-post-thumbnail","6":"product_cat-roman-en-francais","7":"product_cat-uncategorized","8":"product_cat-roman","10":"first","11":"instock","12":"shipping-taxable","13":"purchasable","14":"product-type-simple"},"_links":{"self":[{"href":"https:\/\/baralivres.ma\/index.php?rest_route=\/wp\/v2\/product\/23769","targetHints":{"allow":["GET"]}}],"collection":[{"href":"https:\/\/baralivres.ma\/index.php?rest_route=\/wp\/v2\/product"}],"about":[{"href":"https:\/\/baralivres.ma\/index.php?rest_route=\/wp\/v2\/types\/product"}],"replies":[{"embeddable":true,"href":"https:\/\/baralivres.ma\/index.php?rest_route=%2Fwp%2Fv2%2Fcomments&post=23769"}],"version-history":[{"count":1,"href":"https:\/\/baralivres.ma\/index.php?rest_route=\/wp\/v2\/product\/23769\/revisions"}],"predecessor-version":[{"id":23771,"href":"https:\/\/baralivres.ma\/index.php?rest_route=\/wp\/v2\/product\/23769\/revisions\/23771"}],"wp:featuredmedia":[{"embeddable":true,"href":"https:\/\/baralivres.ma\/index.php?rest_route=\/wp\/v2\/media\/23770"}],"wp:attachment":[{"href":"https:\/\/baralivres.ma\/index.php?rest_route=%2Fwp%2Fv2%2Fmedia&parent=23769"}],"wp:term":[{"taxonomy":"product_cat","embeddable":true,"href":"https:\/\/baralivres.ma\/index.php?rest_route=%2Fwp%2Fv2%2Fproduct_cat&post=23769"},{"taxonomy":"product_tag","embeddable":true,"href":"https:\/\/baralivres.ma\/index.php?rest_route=%2Fwp%2Fv2%2Fproduct_tag&post=23769"}],"curies":[{"name":"wp","href":"https:\/\/api.w.org\/{rel}","templated":true}]}}