{"id":23757,"date":"2025-05-17T09:29:28","date_gmt":"2025-05-17T08:29:28","guid":{"rendered":"https:\/\/baralivres.ma\/?post_type=product&#038;p=23757"},"modified":"2025-05-17T09:29:29","modified_gmt":"2025-05-17T08:29:29","slug":"la-theorie-du-bourgeon-nayez-plus-peur-de-vivre","status":"publish","type":"product","link":"https:\/\/baralivres.ma\/?product=la-theorie-du-bourgeon-nayez-plus-peur-de-vivre","title":{"rendered":"La th\u00e9orie du bourgeon &#8211; N&rsquo;ayez plus peur de vivre"},"content":{"rendered":"<p>\ud83c\udf31 La th\u00e9orie du bourgeon \u2013 N\u2019ayez plus peur de vivre, de Fabrice Midal<br data-start=\"156\" data-end=\"159\" \/>Un livre inspirant qui nous invite \u00e0 faire confiance \u00e0 notre rythme int\u00e9rieur. Comme un bourgeon pr\u00eat \u00e0 \u00e9clore, chacun de nous porte en lui la force de rena\u00eetre. Une lecture bienveillante pour se lib\u00e9rer de la peur et accueillir pleinement la vie.<\/p>\n","protected":false},"excerpt":{"rendered":"<p>Un livre apaisant et lumineux pour ne plus avoir peur de vivre, accueillir vos \u00e9motions et suivre votre propre rythme.<br data-start=\"346\" data-end=\"349\" \/>Un v\u00e9ritable souffle de libert\u00e9 \u2728<\/p>\n","protected":false},"featured_media":23759,"comment_status":"open","ping_status":"closed","template":"","meta":{"inline_featured_image":false},"product_cat":[3873,143],"product_tag":[],"class_list":{"0":"post-23757","1":"product","2":"type-product","3":"status-publish","4":"has-post-thumbnail","6":"product_cat-roman-en-francais","7":"product_cat-roman","8":"pa_auteurs-fabrice-midal","10":"first","11":"instock","12":"shipping-taxable","13":"purchasable","14":"product-type-simple"},"_links":{"self":[{"href":"https:\/\/baralivres.ma\/index.php?rest_route=\/wp\/v2\/product\/23757","targetHints":{"allow":["GET"]}}],"collection":[{"href":"https:\/\/baralivres.ma\/index.php?rest_route=\/wp\/v2\/product"}],"about":[{"href":"https:\/\/baralivres.ma\/index.php?rest_route=\/wp\/v2\/types\/product"}],"replies":[{"embeddable":true,"href":"https:\/\/baralivres.ma\/index.php?rest_route=%2Fwp%2Fv2%2Fcomments&post=23757"}],"version-history":[{"count":2,"href":"https:\/\/baralivres.ma\/index.php?rest_route=\/wp\/v2\/product\/23757\/revisions"}],"predecessor-version":[{"id":23762,"href":"https:\/\/baralivres.ma\/index.php?rest_route=\/wp\/v2\/product\/23757\/revisions\/23762"}],"wp:featuredmedia":[{"embeddable":true,"href":"https:\/\/baralivres.ma\/index.php?rest_route=\/wp\/v2\/media\/23759"}],"wp:attachment":[{"href":"https:\/\/baralivres.ma\/index.php?rest_route=%2Fwp%2Fv2%2Fmedia&parent=23757"}],"wp:term":[{"taxonomy":"product_cat","embeddable":true,"href":"https:\/\/baralivres.ma\/index.php?rest_route=%2Fwp%2Fv2%2Fproduct_cat&post=23757"},{"taxonomy":"product_tag","embeddable":true,"href":"https:\/\/baralivres.ma\/index.php?rest_route=%2Fwp%2Fv2%2Fproduct_tag&post=23757"}],"curies":[{"name":"wp","href":"https:\/\/api.w.org\/{rel}","templated":true}]}}