{"id":23742,"date":"2025-05-16T18:07:57","date_gmt":"2025-05-16T17:07:57","guid":{"rendered":"https:\/\/baralivres.ma\/?post_type=product&#038;p=23742"},"modified":"2025-05-16T18:07:57","modified_gmt":"2025-05-16T17:07:57","slug":"ma-petite-bibliotheque-ptit-garcon","status":"publish","type":"product","link":"https:\/\/baralivres.ma\/?product=ma-petite-bibliotheque-ptit-garcon","title":{"rendered":"Ma petite biblioth\u00e8que &#8211; P&rsquo;tit Gar\u00e7on"},"content":{"rendered":"<p class=\"\" data-start=\"104\" data-end=\"144\">\ud83d\udcda Ma petite biblioth\u00e8que &#8211; P&rsquo;tit Gar\u00e7on<\/p>\n<p class=\"\" data-start=\"146\" data-end=\"478\">Un adorable coffret qui ravira tous les petits passionn\u00e9s de v\u00e9hicules ! Cette mini biblioth\u00e8que regroupe 6 histoires courtes et captivantes de la collection P&rsquo;tit Gar\u00e7on :<br data-start=\"318\" data-end=\"321\" \/>\ud83d\ude9b Le camion de L\u00e9on<br data-start=\"341\" data-end=\"344\" \/>\ud83c\udfcd\ufe0f La moto de Marco<br data-start=\"364\" data-end=\"367\" \/>\ud83d\ude97 La voiture d&rsquo;Arthur<br data-start=\"389\" data-end=\"392\" data-is-only-node=\"\" \/>\ud83d\ude9c Le tracteur de Peter<br data-start=\"415\" data-end=\"418\" \/>\ud83d\udea7 La tractopelle d&rsquo;Axel<br data-start=\"442\" data-end=\"445\" \/>\ud83d\ude9a Le camion-poubelle de Marcel<\/p>\n<p class=\"\" data-start=\"480\" data-end=\"730\">Gr\u00e2ce \u00e0 son format compact et ses jolies illustrations, ce coffret est id\u00e9al pour initier les tout-petits au plaisir de la lecture. Parfait pour un cadeau ou pour compl\u00e9ter la collection d\u2019un jeune amateur de camions, motos et autres engins \u00e0 roues !<\/p>\n<p class=\"\" data-start=\"732\" data-end=\"908\">\ud83d\udce6 Format pratique \u2013 6 petits livres adapt\u00e9s aux petites mains<br data-start=\"794\" data-end=\"797\" \/>\ud83c\udf81 Un joli coffret \u00e0 offrir d\u00e8s 2 ans<br data-start=\"834\" data-end=\"837\" \/>\ud83d\udc66 Pour tous les enfants curieux du monde des transports et des m\u00e9tiers<\/p>\n","protected":false},"excerpt":{"rendered":"<p class=\"\" data-start=\"43\" data-end=\"83\">\ud83d\udcda Ma petite biblioth\u00e8que &#8211; P&rsquo;tit Gar\u00e7on<\/p>\n<p class=\"\" data-start=\"85\" data-end=\"316\">Un joli coffret contenant 6 histoires sur les v\u00e9hicules pr\u00e9f\u00e9r\u00e9s des enfants : camion, moto, tracteur, voiture&#8230; Parfait pour les petits passionn\u00e9s de transports !<br data-start=\"249\" data-end=\"252\" \/>Un format adapt\u00e9 aux petites mains et un cadeau id\u00e9al d\u00e8s 2 ans.<\/p>\n","protected":false},"featured_media":23743,"comment_status":"open","ping_status":"closed","template":"","meta":{"inline_featured_image":false},"product_cat":[3950,198],"product_tag":[],"class_list":{"0":"post-23742","1":"product","2":"type-product","3":"status-publish","4":"has-post-thumbnail","6":"product_cat-les-livres-cartonnes-francais","7":"product_cat-livres-animes","9":"first","10":"instock","11":"shipping-taxable","12":"purchasable","13":"product-type-simple"},"_links":{"self":[{"href":"https:\/\/baralivres.ma\/index.php?rest_route=\/wp\/v2\/product\/23742","targetHints":{"allow":["GET"]}}],"collection":[{"href":"https:\/\/baralivres.ma\/index.php?rest_route=\/wp\/v2\/product"}],"about":[{"href":"https:\/\/baralivres.ma\/index.php?rest_route=\/wp\/v2\/types\/product"}],"replies":[{"embeddable":true,"href":"https:\/\/baralivres.ma\/index.php?rest_route=%2Fwp%2Fv2%2Fcomments&post=23742"}],"version-history":[{"count":1,"href":"https:\/\/baralivres.ma\/index.php?rest_route=\/wp\/v2\/product\/23742\/revisions"}],"predecessor-version":[{"id":23750,"href":"https:\/\/baralivres.ma\/index.php?rest_route=\/wp\/v2\/product\/23742\/revisions\/23750"}],"wp:featuredmedia":[{"embeddable":true,"href":"https:\/\/baralivres.ma\/index.php?rest_route=\/wp\/v2\/media\/23743"}],"wp:attachment":[{"href":"https:\/\/baralivres.ma\/index.php?rest_route=%2Fwp%2Fv2%2Fmedia&parent=23742"}],"wp:term":[{"taxonomy":"product_cat","embeddable":true,"href":"https:\/\/baralivres.ma\/index.php?rest_route=%2Fwp%2Fv2%2Fproduct_cat&post=23742"},{"taxonomy":"product_tag","embeddable":true,"href":"https:\/\/baralivres.ma\/index.php?rest_route=%2Fwp%2Fv2%2Fproduct_tag&post=23742"}],"curies":[{"name":"wp","href":"https:\/\/api.w.org\/{rel}","templated":true}]}}