{"id":23739,"date":"2025-05-16T18:02:23","date_gmt":"2025-05-16T17:02:23","guid":{"rendered":"https:\/\/baralivres.ma\/?post_type=product&#038;p=23739"},"modified":"2025-05-16T18:02:23","modified_gmt":"2025-05-16T17:02:23","slug":"ma-petite-bibliotheque-l-imagerie-des-bebes-les-animaux","status":"publish","type":"product","link":"https:\/\/baralivres.ma\/?product=ma-petite-bibliotheque-l-imagerie-des-bebes-les-animaux","title":{"rendered":"Ma petite biblioth\u00e8que L imagerie des b\u00e9b\u00e9s Les animaux"},"content":{"rendered":"<p class=\"\" data-start=\"119\" data-end=\"182\">\ud83d\udcda\u2728 Ma petite biblioth\u00e8que \u2013 L\u2019imagerie des b\u00e9b\u00e9s : Les animaux<\/p>\n<p class=\"\" data-start=\"184\" data-end=\"440\">Un adorable coffret contenant 6 petits imagiers cartonn\u00e9s parfaitement adapt\u00e9s aux mains des tout-petits ! Chaque mini-livre fait d\u00e9couvrir aux b\u00e9b\u00e9s l\u2019univers merveilleux des animaux \u00e0 travers des illustrations douces, simples et color\u00e9es. On y retrouve :<\/p>\n<ul data-start=\"442\" data-end=\"590\">\n<li class=\"\" data-start=\"442\" data-end=\"468\">\n<p class=\"\" data-start=\"444\" data-end=\"468\">Les petits des animaux<\/p>\n<\/li>\n<li class=\"\" data-start=\"469\" data-end=\"494\">\n<p class=\"\" data-start=\"471\" data-end=\"494\">Les animaux de la mer<\/p>\n<\/li>\n<li class=\"\" data-start=\"495\" data-end=\"519\">\n<p class=\"\" data-start=\"497\" data-end=\"519\">Les animaux sauvages<\/p>\n<\/li>\n<li class=\"\" data-start=\"520\" data-end=\"541\">\n<p class=\"\" data-start=\"522\" data-end=\"541\">Les petites b\u00eates<\/p>\n<\/li>\n<li class=\"\" data-start=\"542\" data-end=\"569\">\n<p class=\"\" data-start=\"544\" data-end=\"569\">Les animaux de la ferme<\/p>\n<\/li>\n<li class=\"\" data-start=\"570\" data-end=\"590\">\n<p class=\"\" data-start=\"572\" data-end=\"590\">Les petits chats<\/p>\n<\/li>\n<\/ul>\n<p class=\"\" data-start=\"592\" data-end=\"762\">Id\u00e9al pour \u00e9veiller la curiosit\u00e9, enrichir le vocabulaire et partager de jolis moments de lecture avec votre enfant. Un format pratique et r\u00e9sistant, \u00e0 emporter partout !<\/p>\n<p class=\"\" data-start=\"764\" data-end=\"847\">\u00c2ge conseill\u00e9 : d\u00e8s 12 mois.<br data-start=\"792\" data-end=\"795\" \/>Un cadeau parfait pour les premiers apprentissages !<\/p>\n","protected":false},"excerpt":{"rendered":"<p class=\"\" data-start=\"83\" data-end=\"122\">\ud83d\udcda Ma petite biblioth\u00e8que \u2013 Les animaux<\/p>\n<p class=\"\" data-start=\"124\" data-end=\"430\">Un coffret de 6 petits livres cartonn\u00e9s pour faire d\u00e9couvrir aux tout-petits le monde des animaux : de la ferme \u00e0 la mer, en passant par les animaux sauvages et les petits chats ! Des images simples, color\u00e9es et adapt\u00e9es aux b\u00e9b\u00e9s d\u00e8s 12 mois. Parfait pour \u00e9veiller la curiosit\u00e9 et enrichir le vocabulaire.<\/p>\n","protected":false},"featured_media":23740,"comment_status":"open","ping_status":"closed","template":"","meta":{"inline_featured_image":false},"product_cat":[3950,198],"product_tag":[],"class_list":{"0":"post-23739","1":"product","2":"type-product","3":"status-publish","4":"has-post-thumbnail","6":"product_cat-les-livres-cartonnes-francais","7":"product_cat-livres-animes","9":"first","10":"instock","11":"shipping-taxable","12":"purchasable","13":"product-type-simple"},"_links":{"self":[{"href":"https:\/\/baralivres.ma\/index.php?rest_route=\/wp\/v2\/product\/23739","targetHints":{"allow":["GET"]}}],"collection":[{"href":"https:\/\/baralivres.ma\/index.php?rest_route=\/wp\/v2\/product"}],"about":[{"href":"https:\/\/baralivres.ma\/index.php?rest_route=\/wp\/v2\/types\/product"}],"replies":[{"embeddable":true,"href":"https:\/\/baralivres.ma\/index.php?rest_route=%2Fwp%2Fv2%2Fcomments&post=23739"}],"version-history":[{"count":1,"href":"https:\/\/baralivres.ma\/index.php?rest_route=\/wp\/v2\/product\/23739\/revisions"}],"predecessor-version":[{"id":23741,"href":"https:\/\/baralivres.ma\/index.php?rest_route=\/wp\/v2\/product\/23739\/revisions\/23741"}],"wp:featuredmedia":[{"embeddable":true,"href":"https:\/\/baralivres.ma\/index.php?rest_route=\/wp\/v2\/media\/23740"}],"wp:attachment":[{"href":"https:\/\/baralivres.ma\/index.php?rest_route=%2Fwp%2Fv2%2Fmedia&parent=23739"}],"wp:term":[{"taxonomy":"product_cat","embeddable":true,"href":"https:\/\/baralivres.ma\/index.php?rest_route=%2Fwp%2Fv2%2Fproduct_cat&post=23739"},{"taxonomy":"product_tag","embeddable":true,"href":"https:\/\/baralivres.ma\/index.php?rest_route=%2Fwp%2Fv2%2Fproduct_tag&post=23739"}],"curies":[{"name":"wp","href":"https:\/\/api.w.org\/{rel}","templated":true}]}}