{"id":23724,"date":"2025-05-16T17:52:16","date_gmt":"2025-05-16T16:52:16","guid":{"rendered":"https:\/\/baralivres.ma\/?post_type=product&#038;p=23724"},"modified":"2025-05-16T17:52:17","modified_gmt":"2025-05-16T16:52:17","slug":"ma-petite-bibliotheque-des-bebes","status":"publish","type":"product","link":"https:\/\/baralivres.ma\/?product=ma-petite-bibliotheque-des-bebes","title":{"rendered":"Ma petite biblioth\u00e8que des b\u00e9b\u00e9s"},"content":{"rendered":"<p class=\"\" data-start=\"81\" data-end=\"337\"><strong data-start=\"81\" data-end=\"141\">Ma petite biblioth\u00e8que des b\u00e9b\u00e9s \u2013 Coffret de 6 imagiers<\/strong><br data-start=\"141\" data-end=\"144\" \/>Offrez aux tout-petits leur toute premi\u00e8re biblioth\u00e8que avec ce joli coffret contenant <strong data-start=\"231\" data-end=\"260\">6 petits livres cartonn\u00e9s<\/strong> adapt\u00e9s aux mains des b\u00e9b\u00e9s. Chaque imagier aborde un th\u00e8me du quotidien :<\/p>\n<ul data-start=\"338\" data-end=\"459\">\n<li class=\"\" data-start=\"338\" data-end=\"355\">\n<p class=\"\" data-start=\"340\" data-end=\"355\"><strong data-start=\"340\" data-end=\"353\">La maison<\/strong><\/p>\n<\/li>\n<li class=\"\" data-start=\"356\" data-end=\"376\">\n<p class=\"\" data-start=\"358\" data-end=\"376\"><strong data-start=\"358\" data-end=\"374\">Les \u00e9motions<\/strong><\/p>\n<\/li>\n<li class=\"\" data-start=\"377\" data-end=\"393\">\n<p class=\"\" data-start=\"379\" data-end=\"393\"><strong data-start=\"379\" data-end=\"391\">Le corps<\/strong><\/p>\n<\/li>\n<li class=\"\" data-start=\"394\" data-end=\"414\">\n<p class=\"\" data-start=\"396\" data-end=\"414\"><strong data-start=\"396\" data-end=\"412\">Les couleurs<\/strong><\/p>\n<\/li>\n<li class=\"\" data-start=\"415\" data-end=\"439\">\n<p class=\"\" data-start=\"417\" data-end=\"439\"><strong data-start=\"417\" data-end=\"437\">La vie des b\u00e9b\u00e9s<\/strong><\/p>\n<\/li>\n<li class=\"\" data-start=\"440\" data-end=\"459\">\n<p class=\"\" data-start=\"442\" data-end=\"459\"><strong data-start=\"442\" data-end=\"459\">Les v\u00e9hicules<\/strong><\/p>\n<\/li>\n<\/ul>\n<p class=\"\" data-start=\"461\" data-end=\"782\">Gr\u00e2ce \u00e0 des illustrations simples et color\u00e9es, ce coffret aide les tout-petits \u00e0 enrichir leur vocabulaire tout en d\u00e9couvrant le monde qui les entoure. Un format pratique, parfait pour les petites mains et id\u00e9al pour les moments de lecture partag\u00e9s.<br data-start=\"710\" data-end=\"713\" \/>\ud83c\udf81 <strong data-start=\"716\" data-end=\"748\">Un cadeau tendre et \u00e9ducatif<\/strong>, \u00e0 offrir d\u00e8s le plus jeune \u00e2ge !<\/p>\n","protected":false},"excerpt":{"rendered":"<p class=\"\" data-start=\"121\" data-end=\"456\"><strong data-start=\"121\" data-end=\"157\">Ma petite biblioth\u00e8que des b\u00e9b\u00e9s<\/strong><br data-start=\"157\" data-end=\"160\" \/>Un adorable coffret de <strong data-start=\"183\" data-end=\"200\">6 mini-livres<\/strong> pour \u00e9veiller les tout-petits : la maison, le corps, les \u00e9motions, les couleurs, la vie des b\u00e9b\u00e9s et les v\u00e9hicules.<br data-start=\"316\" data-end=\"319\" \/>Des images simples, des pages solides, et plein de d\u00e9couvertes pour les petites mains curieuses !<br data-start=\"416\" data-end=\"419\" \/><strong data-start=\"419\" data-end=\"456\">Le cadeau id\u00e9al d\u00e8s la naissance.<\/strong><\/p>\n","protected":false},"featured_media":23725,"comment_status":"open","ping_status":"closed","template":"","meta":{"inline_featured_image":false},"product_cat":[3950,198],"product_tag":[],"class_list":{"0":"post-23724","1":"product","2":"type-product","3":"status-publish","4":"has-post-thumbnail","6":"product_cat-les-livres-cartonnes-francais","7":"product_cat-livres-animes","9":"first","10":"instock","11":"shipping-taxable","12":"purchasable","13":"product-type-simple"},"_links":{"self":[{"href":"https:\/\/baralivres.ma\/index.php?rest_route=\/wp\/v2\/product\/23724","targetHints":{"allow":["GET"]}}],"collection":[{"href":"https:\/\/baralivres.ma\/index.php?rest_route=\/wp\/v2\/product"}],"about":[{"href":"https:\/\/baralivres.ma\/index.php?rest_route=\/wp\/v2\/types\/product"}],"replies":[{"embeddable":true,"href":"https:\/\/baralivres.ma\/index.php?rest_route=%2Fwp%2Fv2%2Fcomments&post=23724"}],"version-history":[{"count":1,"href":"https:\/\/baralivres.ma\/index.php?rest_route=\/wp\/v2\/product\/23724\/revisions"}],"predecessor-version":[{"id":23733,"href":"https:\/\/baralivres.ma\/index.php?rest_route=\/wp\/v2\/product\/23724\/revisions\/23733"}],"wp:featuredmedia":[{"embeddable":true,"href":"https:\/\/baralivres.ma\/index.php?rest_route=\/wp\/v2\/media\/23725"}],"wp:attachment":[{"href":"https:\/\/baralivres.ma\/index.php?rest_route=%2Fwp%2Fv2%2Fmedia&parent=23724"}],"wp:term":[{"taxonomy":"product_cat","embeddable":true,"href":"https:\/\/baralivres.ma\/index.php?rest_route=%2Fwp%2Fv2%2Fproduct_cat&post=23724"},{"taxonomy":"product_tag","embeddable":true,"href":"https:\/\/baralivres.ma\/index.php?rest_route=%2Fwp%2Fv2%2Fproduct_tag&post=23724"}],"curies":[{"name":"wp","href":"https:\/\/api.w.org\/{rel}","templated":true}]}}