{"id":23710,"date":"2025-04-25T10:54:09","date_gmt":"2025-04-25T09:54:09","guid":{"rendered":"https:\/\/baralivres.ma\/?post_type=product&#038;p=23710"},"modified":"2025-04-25T10:54:09","modified_gmt":"2025-04-25T09:54:09","slug":"songes-fantasques","status":"publish","type":"product","link":"https:\/\/baralivres.ma\/?product=songes-fantasques","title":{"rendered":"Songes fantasques"},"content":{"rendered":"<p class=\"\" data-start=\"0\" data-end=\"64\"><strong data-start=\"0\" data-end=\"64\">Songes fantasques: Invitation au voyage &amp; livre de coloriage<\/strong><\/p>\n<p class=\"\" data-start=\"66\" data-end=\"370\">Plongez dans l&rsquo;univers myst\u00e9rieux et surr\u00e9aliste de R\u00e9gis Lejonc avec ce livre de coloriage. Explorez des illustrations pleines de d\u00e9tails et de fantaisie : fleurs, oiseaux, figures f\u00e9minines, masques et cr\u00e9atures kawa\u00ef. Un voyage immersif au c\u0153ur des songes, o\u00f9 cr\u00e9ativit\u00e9 et imagination se rencontrent.<\/p>\n","protected":false},"excerpt":{"rendered":"<p>Ce livre de coloriage vous invite \u00e0 explorer un monde myst\u00e9rieux o\u00f9 chaque page regorge de d\u00e9tails fascinants et de fantaisies infinies.<\/p>\n","protected":false},"featured_media":23711,"comment_status":"open","ping_status":"closed","template":"","meta":{"inline_featured_image":false},"product_cat":[3575],"product_tag":[],"class_list":{"0":"post-23710","1":"product","2":"type-product","3":"status-publish","4":"has-post-thumbnail","6":"product_cat-art-therapie","8":"first","9":"instock","10":"shipping-taxable","11":"purchasable","12":"product-type-simple"},"_links":{"self":[{"href":"https:\/\/baralivres.ma\/index.php?rest_route=\/wp\/v2\/product\/23710","targetHints":{"allow":["GET"]}}],"collection":[{"href":"https:\/\/baralivres.ma\/index.php?rest_route=\/wp\/v2\/product"}],"about":[{"href":"https:\/\/baralivres.ma\/index.php?rest_route=\/wp\/v2\/types\/product"}],"replies":[{"embeddable":true,"href":"https:\/\/baralivres.ma\/index.php?rest_route=%2Fwp%2Fv2%2Fcomments&post=23710"}],"version-history":[{"count":1,"href":"https:\/\/baralivres.ma\/index.php?rest_route=\/wp\/v2\/product\/23710\/revisions"}],"predecessor-version":[{"id":23712,"href":"https:\/\/baralivres.ma\/index.php?rest_route=\/wp\/v2\/product\/23710\/revisions\/23712"}],"wp:featuredmedia":[{"embeddable":true,"href":"https:\/\/baralivres.ma\/index.php?rest_route=\/wp\/v2\/media\/23711"}],"wp:attachment":[{"href":"https:\/\/baralivres.ma\/index.php?rest_route=%2Fwp%2Fv2%2Fmedia&parent=23710"}],"wp:term":[{"taxonomy":"product_cat","embeddable":true,"href":"https:\/\/baralivres.ma\/index.php?rest_route=%2Fwp%2Fv2%2Fproduct_cat&post=23710"},{"taxonomy":"product_tag","embeddable":true,"href":"https:\/\/baralivres.ma\/index.php?rest_route=%2Fwp%2Fv2%2Fproduct_tag&post=23710"}],"curies":[{"name":"wp","href":"https:\/\/api.w.org\/{rel}","templated":true}]}}