{"id":23707,"date":"2025-04-25T10:45:44","date_gmt":"2025-04-25T09:45:44","guid":{"rendered":"https:\/\/baralivres.ma\/?post_type=product&#038;p=23707"},"modified":"2025-04-25T10:45:44","modified_gmt":"2025-04-25T09:45:44","slug":"femmes-fleurs-fetes","status":"publish","type":"product","link":"https:\/\/baralivres.ma\/?product=femmes-fleurs-fetes","title":{"rendered":"Femmes, fleurs &#038; f\u00eates"},"content":{"rendered":"<p class=\"\" data-start=\"89\" data-end=\"406\">\u2728 <strong data-start=\"91\" data-end=\"117\">Femmes, fleurs &amp; f\u00eates<\/strong> \u2728<br data-start=\"119\" data-end=\"122\" \/>Plongez dans un univers po\u00e9tique et fantaisiste avec ce magnifique livre de coloriage !<br data-start=\"209\" data-end=\"212\" \/>Compos\u00e9 de <strong data-start=\"223\" data-end=\"251\">40 illustrations uniques<\/strong>, m\u00ealant <strong data-start=\"260\" data-end=\"282\">gravures anciennes<\/strong> et <strong data-start=\"286\" data-end=\"338\">remix artistiques sign\u00e9s Happy Remix Productions<\/strong>, cet ouvrage vous invite \u00e0 laisser libre cours \u00e0 votre imagination.<\/p>\n<p class=\"\" data-start=\"408\" data-end=\"609\">\ud83c\udfa8 <strong data-start=\"411\" data-end=\"432\">Tout est permis !<\/strong> Crayons, peinture, feutres, gommettes, paillettes, fluo&#8230; Laissez parler votre cr\u00e9ativit\u00e9 pour donner vie \u00e0 ces sc\u00e8nes de f\u00eates, de fleurs et de figures f\u00e9minines inspirantes.<\/p>\n<p class=\"\" data-start=\"611\" data-end=\"700\">Un livre parfait pour s&rsquo;\u00e9vader, se d\u00e9tendre et cr\u00e9er sans limite, seul(e) ou en famille !<\/p>\n","protected":false},"excerpt":{"rendered":"<p><strong data-start=\"38\" data-end=\"64\">Femmes, fleurs &amp; f\u00eates<\/strong><br data-start=\"64\" data-end=\"67\" \/>40 illustrations alliant gravures anciennes et remix cr\u00e9atifs par Happy Remix Productions. Un livre de coloriage o\u00f9 <strong data-start=\"183\" data-end=\"202\">tout est permis<\/strong> : crayons, peinture, gommettes, paillettes\u2026 Laissez libre cours \u00e0 votre imagination !<\/p>\n","protected":false},"featured_media":23708,"comment_status":"open","ping_status":"closed","template":"","meta":{"inline_featured_image":false},"product_cat":[3575],"product_tag":[],"class_list":{"0":"post-23707","1":"product","2":"type-product","3":"status-publish","4":"has-post-thumbnail","6":"product_cat-art-therapie","8":"first","9":"instock","10":"shipping-taxable","11":"purchasable","12":"product-type-simple"},"_links":{"self":[{"href":"https:\/\/baralivres.ma\/index.php?rest_route=\/wp\/v2\/product\/23707","targetHints":{"allow":["GET"]}}],"collection":[{"href":"https:\/\/baralivres.ma\/index.php?rest_route=\/wp\/v2\/product"}],"about":[{"href":"https:\/\/baralivres.ma\/index.php?rest_route=\/wp\/v2\/types\/product"}],"replies":[{"embeddable":true,"href":"https:\/\/baralivres.ma\/index.php?rest_route=%2Fwp%2Fv2%2Fcomments&post=23707"}],"version-history":[{"count":1,"href":"https:\/\/baralivres.ma\/index.php?rest_route=\/wp\/v2\/product\/23707\/revisions"}],"predecessor-version":[{"id":23709,"href":"https:\/\/baralivres.ma\/index.php?rest_route=\/wp\/v2\/product\/23707\/revisions\/23709"}],"wp:featuredmedia":[{"embeddable":true,"href":"https:\/\/baralivres.ma\/index.php?rest_route=\/wp\/v2\/media\/23708"}],"wp:attachment":[{"href":"https:\/\/baralivres.ma\/index.php?rest_route=%2Fwp%2Fv2%2Fmedia&parent=23707"}],"wp:term":[{"taxonomy":"product_cat","embeddable":true,"href":"https:\/\/baralivres.ma\/index.php?rest_route=%2Fwp%2Fv2%2Fproduct_cat&post=23707"},{"taxonomy":"product_tag","embeddable":true,"href":"https:\/\/baralivres.ma\/index.php?rest_route=%2Fwp%2Fv2%2Fproduct_tag&post=23707"}],"curies":[{"name":"wp","href":"https:\/\/api.w.org\/{rel}","templated":true}]}}