{"id":23704,"date":"2025-04-25T10:40:02","date_gmt":"2025-04-25T09:40:02","guid":{"rendered":"https:\/\/baralivres.ma\/?post_type=product&#038;p=23704"},"modified":"2025-04-25T10:40:03","modified_gmt":"2025-04-25T09:40:03","slug":"coeurs-de-villes","status":"publish","type":"product","link":"https:\/\/baralivres.ma\/?product=coeurs-de-villes","title":{"rendered":"C\u0153urs de villes"},"content":{"rendered":"<p><strong data-start=\"143\" data-end=\"203\">C\u0153urs de villes : Voyage en France &amp; carnet de coloriage<\/strong> vous invite \u00e0 un merveilleux p\u00e9riple \u00e0 travers les plus belles villes de l\u2019Hexagone, vues du ciel. De Rennes \u00e0 Strasbourg, en passant par Lyon, Bordeaux ou Marseille, laissez-vous \u00e9merveiller par les illustrations po\u00e9tiques d\u2019\u00c9milie Ettori. Chaque double page vous plonge dans l\u2019ambiance unique d\u2019une ville : ses ruelles anim\u00e9es, ses monuments embl\u00e9matiques, ses toits et ses places&#8230;<br data-start=\"589\" data-end=\"592\" \/>Avec 30 sc\u00e8nes \u00e0 colorier, ce carnet est une ode au patrimoine fran\u00e7ais et une invitation \u00e0 ralentir, \u00e0 contempler et \u00e0 mettre en couleurs les tr\u00e9sors de nos villes.<br data-start=\"757\" data-end=\"760\" \/><strong data-start=\"760\" data-end=\"858\">Un voyage artistique et relaxant, parfait pour tous les amoureux de la France et du coloriage.<\/strong><\/p>\n","protected":false},"excerpt":{"rendered":"<p>\ud83d\udd8d\ufe0f <strong data-start=\"72\" data-end=\"91\">C\u0153urs de villes<\/strong> \u2014 Un voyage en France \u00e0 colorier !<br data-start=\"126\" data-end=\"129\" \/>De Rennes \u00e0 Strasbourg, explorez 30 villes vues du ciel gr\u00e2ce aux sublimes illustrations d\u2019\u00c9milie Ettori. Monuments, ruelles, ambiance locale\u2026 \u00e0 vous de leur donner vie avec vos plus belles couleurs ! \ud83c\uddeb\ud83c\uddf7\u2728<\/p>\n","protected":false},"featured_media":23705,"comment_status":"open","ping_status":"closed","template":"","meta":{"inline_featured_image":false},"product_cat":[3575],"product_tag":[],"class_list":{"0":"post-23704","1":"product","2":"type-product","3":"status-publish","4":"has-post-thumbnail","6":"product_cat-art-therapie","8":"first","9":"instock","10":"shipping-taxable","11":"purchasable","12":"product-type-simple"},"_links":{"self":[{"href":"https:\/\/baralivres.ma\/index.php?rest_route=\/wp\/v2\/product\/23704","targetHints":{"allow":["GET"]}}],"collection":[{"href":"https:\/\/baralivres.ma\/index.php?rest_route=\/wp\/v2\/product"}],"about":[{"href":"https:\/\/baralivres.ma\/index.php?rest_route=\/wp\/v2\/types\/product"}],"replies":[{"embeddable":true,"href":"https:\/\/baralivres.ma\/index.php?rest_route=%2Fwp%2Fv2%2Fcomments&post=23704"}],"version-history":[{"count":1,"href":"https:\/\/baralivres.ma\/index.php?rest_route=\/wp\/v2\/product\/23704\/revisions"}],"predecessor-version":[{"id":23706,"href":"https:\/\/baralivres.ma\/index.php?rest_route=\/wp\/v2\/product\/23704\/revisions\/23706"}],"wp:featuredmedia":[{"embeddable":true,"href":"https:\/\/baralivres.ma\/index.php?rest_route=\/wp\/v2\/media\/23705"}],"wp:attachment":[{"href":"https:\/\/baralivres.ma\/index.php?rest_route=%2Fwp%2Fv2%2Fmedia&parent=23704"}],"wp:term":[{"taxonomy":"product_cat","embeddable":true,"href":"https:\/\/baralivres.ma\/index.php?rest_route=%2Fwp%2Fv2%2Fproduct_cat&post=23704"},{"taxonomy":"product_tag","embeddable":true,"href":"https:\/\/baralivres.ma\/index.php?rest_route=%2Fwp%2Fv2%2Fproduct_tag&post=23704"}],"curies":[{"name":"wp","href":"https:\/\/api.w.org\/{rel}","templated":true}]}}