{"id":23697,"date":"2025-04-25T10:22:04","date_gmt":"2025-04-25T09:22:04","guid":{"rendered":"https:\/\/baralivres.ma\/?post_type=product&#038;p=23697"},"modified":"2025-04-25T10:22:28","modified_gmt":"2025-04-25T09:22:28","slug":"la-grande-histoire-spider-man","status":"publish","type":"product","link":"https:\/\/baralivres.ma\/?product=la-grande-histoire-spider-man","title":{"rendered":"La grande histoire &#8211; Spider Man"},"content":{"rendered":"<p class=\"\" data-start=\"98\" data-end=\"802\">\ud83d\udd77\ufe0f <strong data-start=\"102\" data-end=\"137\">Spider-Man &#8211; La grande histoire<\/strong> \ud83d\udd77\ufe0f<br data-start=\"141\" data-end=\"144\" \/>Plongez au c\u0153ur de l\u2019univers Marvel avec ce livre exceptionnel qui retrace toute la l\u00e9gende de Spider-Man, de ses d\u00e9buts bouleversants \u00e0 ses plus grands exploits !<br data-start=\"307\" data-end=\"310\" \/>Suivez <strong data-start=\"317\" data-end=\"333\">Peter Parker<\/strong>, ce jeune homme ordinaire devenu le l\u00e9gendaire Homme-Araign\u00e9e, dans un r\u00e9cit palpitant qui m\u00eale action, \u00e9motion et h\u00e9ro\u00efsme.<br data-start=\"458\" data-end=\"461\" \/>Avec ses <strong data-start=\"470\" data-end=\"517\">illustrations spectaculaires en double page<\/strong> et sa <strong data-start=\"524\" data-end=\"547\">narration immersive<\/strong>, ce grand format est parfait pour les fans de tous \u00e2ges.<br data-start=\"604\" data-end=\"607\" \/>Les origines, les combats \u00e9piques contre les plus redoutables Vilains, les alliances, les sacrifices\u2026 Tout y est pour revivre <strong data-start=\"733\" data-end=\"799\">l\u2019\u00e9pop\u00e9e d\u2019un des super-h\u00e9ros les plus aim\u00e9s de tous les temps<\/strong>.<\/p>\n<p class=\"\" data-start=\"804\" data-end=\"865\">\ud83d\udcda <strong data-start=\"807\" data-end=\"865\">Un incontournable pour tous les passionn\u00e9s de Marvel !<\/strong><\/p>\n","protected":false},"excerpt":{"rendered":"<p>\ud83d\udd77\ufe0f <strong data-start=\"53\" data-end=\"88\">Spider-Man &#8211; La grande histoire<\/strong><br data-start=\"88\" data-end=\"91\" \/>Red\u00e9couvrez toute la l\u00e9gende de Spider-Man, de ses origines \u00e0 ses plus grands exploits, dans un r\u00e9cit \u00e9pique richement illustr\u00e9 en double page.<br data-start=\"234\" data-end=\"237\" \/>Un grand format immersif pour revivre l&rsquo;incroyable destin de Peter Parker face aux plus c\u00e9l\u00e8bres Vilains Marvel.<\/p>\n","protected":false},"featured_media":23698,"comment_status":"open","ping_status":"closed","template":"","meta":{"inline_featured_image":false},"product_cat":[3877,199],"product_tag":[],"class_list":{"0":"post-23697","1":"product","2":"type-product","3":"status-publish","4":"has-post-thumbnail","6":"product_cat-les-histoires-francais","7":"product_cat-histoires","9":"first","10":"instock","11":"shipping-taxable","12":"purchasable","13":"product-type-simple"},"_links":{"self":[{"href":"https:\/\/baralivres.ma\/index.php?rest_route=\/wp\/v2\/product\/23697","targetHints":{"allow":["GET"]}}],"collection":[{"href":"https:\/\/baralivres.ma\/index.php?rest_route=\/wp\/v2\/product"}],"about":[{"href":"https:\/\/baralivres.ma\/index.php?rest_route=\/wp\/v2\/types\/product"}],"replies":[{"embeddable":true,"href":"https:\/\/baralivres.ma\/index.php?rest_route=%2Fwp%2Fv2%2Fcomments&post=23697"}],"version-history":[{"count":1,"href":"https:\/\/baralivres.ma\/index.php?rest_route=\/wp\/v2\/product\/23697\/revisions"}],"predecessor-version":[{"id":23703,"href":"https:\/\/baralivres.ma\/index.php?rest_route=\/wp\/v2\/product\/23697\/revisions\/23703"}],"wp:featuredmedia":[{"embeddable":true,"href":"https:\/\/baralivres.ma\/index.php?rest_route=\/wp\/v2\/media\/23698"}],"wp:attachment":[{"href":"https:\/\/baralivres.ma\/index.php?rest_route=%2Fwp%2Fv2%2Fmedia&parent=23697"}],"wp:term":[{"taxonomy":"product_cat","embeddable":true,"href":"https:\/\/baralivres.ma\/index.php?rest_route=%2Fwp%2Fv2%2Fproduct_cat&post=23697"},{"taxonomy":"product_tag","embeddable":true,"href":"https:\/\/baralivres.ma\/index.php?rest_route=%2Fwp%2Fv2%2Fproduct_tag&post=23697"}],"curies":[{"name":"wp","href":"https:\/\/api.w.org\/{rel}","templated":true}]}}