{"id":23683,"date":"2025-04-25T10:07:32","date_gmt":"2025-04-25T09:07:32","guid":{"rendered":"https:\/\/baralivres.ma\/?post_type=product&#038;p=23683"},"modified":"2025-04-25T10:07:32","modified_gmt":"2025-04-25T09:07:32","slug":"petites-histoires-de-filles","status":"publish","type":"product","link":"https:\/\/baralivres.ma\/?product=petites-histoires-de-filles","title":{"rendered":"Petites histoires de filles"},"content":{"rendered":"<p class=\"\" data-start=\"93\" data-end=\"199\">\u2728 <strong data-start=\"95\" data-end=\"126\">Petites histoires de filles<\/strong> \u2013 Un recueil magique pour les enfants en qu\u00eate d&rsquo;aventures et de r\u00eaves !<\/p>\n<p class=\"\" data-start=\"201\" data-end=\"554\">Plongez dans l\u2019univers enchanteur de Disney avec ce magnifique recueil d\u2019histoires o\u00f9 les <strong data-start=\"291\" data-end=\"336\">petites h\u00e9ro\u00efnes sont au c\u0153ur de l\u2019action<\/strong>. \u00c0 travers chaque page, suivez des <strong data-start=\"372\" data-end=\"426\">filles courageuses, curieuses et pleines d\u2019\u00e9nergie<\/strong> qui courent, surfent, d\u00e9couvrent des mondes merveilleux, rel\u00e8vent des d\u00e9fis et vivent des moments inoubliables avec leurs amis.<\/p>\n<p class=\"\" data-start=\"556\" data-end=\"732\">Que ce soit gr\u00e2ce \u00e0 des <strong data-start=\"580\" data-end=\"601\">pouvoirs magiques<\/strong>, un <strong data-start=\"606\" data-end=\"627\">esprit d\u2019aventure<\/strong> ou une <strong data-start=\"635\" data-end=\"664\">grande dose d\u2019imagination<\/strong>, ces histoires c\u00e9l\u00e8brent la force, l\u2019amiti\u00e9 et la confiance en soi.<\/p>\n<p class=\"\" data-start=\"734\" data-end=\"945\">\ud83d\udc96 <strong data-start=\"737\" data-end=\"780\">Un livre parfait \u00e0 lire avant de dormir<\/strong> ou pour partager des moments complices entre parents et enfants. Id\u00e9al pour les petits r\u00eaveurs et r\u00eaveuses qui aiment les h\u00e9ro\u00efnes Disney et les grandes aventures !<\/p>\n","protected":false},"excerpt":{"rendered":"<p>\u2728 <strong data-start=\"51\" data-end=\"82\">Petites histoires de filles<\/strong> \u2013 Un joli recueil d\u2019aventures avec les h\u00e9ro\u00efnes Disney !<br data-start=\"139\" data-end=\"142\" \/>Des histoires pleines de magie, d\u2019amiti\u00e9 et de d\u00e9couvertes, o\u00f9 les petites filles courent, surfent, rel\u00e8vent des d\u00e9fis et explorent le monde avec courage et joie.<br data-start=\"304\" data-end=\"307\" \/>Parfait pour r\u00eaver avant de dormir<\/p>\n","protected":false},"featured_media":23685,"comment_status":"open","ping_status":"closed","template":"","meta":{"inline_featured_image":false},"product_cat":[3877,199],"product_tag":[],"class_list":{"0":"post-23683","1":"product","2":"type-product","3":"status-publish","4":"has-post-thumbnail","6":"product_cat-les-histoires-francais","7":"product_cat-histoires","9":"first","10":"instock","11":"shipping-taxable","12":"purchasable","13":"product-type-simple"},"_links":{"self":[{"href":"https:\/\/baralivres.ma\/index.php?rest_route=\/wp\/v2\/product\/23683","targetHints":{"allow":["GET"]}}],"collection":[{"href":"https:\/\/baralivres.ma\/index.php?rest_route=\/wp\/v2\/product"}],"about":[{"href":"https:\/\/baralivres.ma\/index.php?rest_route=\/wp\/v2\/types\/product"}],"replies":[{"embeddable":true,"href":"https:\/\/baralivres.ma\/index.php?rest_route=%2Fwp%2Fv2%2Fcomments&post=23683"}],"version-history":[{"count":1,"href":"https:\/\/baralivres.ma\/index.php?rest_route=\/wp\/v2\/product\/23683\/revisions"}],"predecessor-version":[{"id":23689,"href":"https:\/\/baralivres.ma\/index.php?rest_route=\/wp\/v2\/product\/23683\/revisions\/23689"}],"wp:featuredmedia":[{"embeddable":true,"href":"https:\/\/baralivres.ma\/index.php?rest_route=\/wp\/v2\/media\/23685"}],"wp:attachment":[{"href":"https:\/\/baralivres.ma\/index.php?rest_route=%2Fwp%2Fv2%2Fmedia&parent=23683"}],"wp:term":[{"taxonomy":"product_cat","embeddable":true,"href":"https:\/\/baralivres.ma\/index.php?rest_route=%2Fwp%2Fv2%2Fproduct_cat&post=23683"},{"taxonomy":"product_tag","embeddable":true,"href":"https:\/\/baralivres.ma\/index.php?rest_route=%2Fwp%2Fv2%2Fproduct_tag&post=23683"}],"curies":[{"name":"wp","href":"https:\/\/api.w.org\/{rel}","templated":true}]}}