{"id":23676,"date":"2025-04-25T09:24:15","date_gmt":"2025-04-25T08:24:15","guid":{"rendered":"https:\/\/baralivres.ma\/?post_type=product&#038;p=23676"},"modified":"2025-04-25T10:27:10","modified_gmt":"2025-04-25T09:27:10","slug":"incroyables-histoires-de-pirates","status":"publish","type":"product","link":"https:\/\/baralivres.ma\/?product=incroyables-histoires-de-pirates","title":{"rendered":"Incroyables histoires de pirates"},"content":{"rendered":"<p class=\"\" data-start=\"105\" data-end=\"189\"><strong data-start=\"105\" data-end=\"189\">\ud83d\udca5 Incroyables histoires de pirates \u2013 Un tr\u00e9sor d\u2019aventures sign\u00e9 Disney ! \ud83c\udff4\u200d\u2620\ufe0f<\/strong><\/p>\n<p class=\"\" data-start=\"191\" data-end=\"380\">Embarquez pour un voyage fabuleux au c\u0153ur des mers avec ce <strong data-start=\"250\" data-end=\"297\">recueil palpitant de 4 histoires de pirates<\/strong>, id\u00e9al pour tous les enfants qui r\u00eavent de tr\u00e9sors cach\u00e9s et d\u2019aventures \u00e9piques !<\/p>\n<p class=\"\" data-start=\"382\" data-end=\"425\">\ud83c\udf1f <strong data-start=\"385\" data-end=\"423\">Pourquoi ce livre va leur plaire ?<\/strong><\/p>\n<ul data-start=\"426\" data-end=\"632\">\n<li class=\"\" data-start=\"426\" data-end=\"483\">\n<p class=\"\" data-start=\"428\" data-end=\"483\">4 r\u00e9cits captivants avec leurs h\u00e9ros Disney pr\u00e9f\u00e9r\u00e9s.<\/p>\n<\/li>\n<li class=\"\" data-start=\"484\" data-end=\"557\">\n<p class=\"\" data-start=\"486\" data-end=\"557\">Une lecture <strong data-start=\"498\" data-end=\"519\">facile et rythm\u00e9e<\/strong>, parfaite pour les jeunes lecteurs.<\/p>\n<\/li>\n<li class=\"\" data-start=\"558\" data-end=\"632\">\n<p class=\"\" data-start=\"560\" data-end=\"632\"><strong data-start=\"560\" data-end=\"593\">80 pages richement illustr\u00e9es<\/strong> en couleur, pour une immersion totale.<\/p>\n<\/li>\n<\/ul>\n<p class=\"\" data-start=\"634\" data-end=\"667\">\ud83d\udcda <strong data-start=\"637\" data-end=\"665\">Les histoires incluses :<\/strong><\/p>\n<ul data-start=\"668\" data-end=\"1017\">\n<li class=\"\" data-start=\"668\" data-end=\"748\">\n<p class=\"\" data-start=\"670\" data-end=\"748\"><em data-start=\"670\" data-end=\"698\">Clochette et la f\u00e9e pirate<\/em> \u2013 Une f\u00e9e rebelle et une qu\u00eate pleine de magie.<\/p>\n<\/li>\n<li class=\"\" data-start=\"749\" data-end=\"827\">\n<p class=\"\" data-start=\"751\" data-end=\"827\"><em data-start=\"751\" data-end=\"774\">\u00c9ric et les corsaires<\/em> (La Petite Sir\u00e8ne) \u2013 Le prince part \u00e0 l\u2019abordage !<\/p>\n<\/li>\n<li class=\"\" data-start=\"828\" data-end=\"923\">\n<p class=\"\" data-start=\"830\" data-end=\"923\"><em data-start=\"830\" data-end=\"857\">La mal\u00e9diction du corbeau<\/em> (Peter Pan) \u2013 Une nouvelle menace plane sur le Pays Imaginaire\u2026<\/p>\n<\/li>\n<li class=\"\" data-start=\"924\" data-end=\"1017\">\n<p class=\"\" data-start=\"926\" data-end=\"1017\"><em data-start=\"926\" data-end=\"957\">La chasse au tr\u00e9sor de Winnie<\/em> \u2013 Quand l\u2019aventure s\u2019invite dans la For\u00eat des R\u00eaves Bleus !<\/p>\n<\/li>\n<\/ul>\n<p class=\"\" data-start=\"1019\" data-end=\"1124\">Un livre \u00e0 partager en famille ou \u00e0 offrir \u00e0 tous les petits moussaillons en qu\u00eate de magie et d\u2019action !<\/p>\n","protected":false},"excerpt":{"rendered":"<p><strong data-start=\"92\" data-end=\"143\">\ud83c\udff4\u200d\u2620\ufe0f Incroyables histoires de pirates \u2013 Disney<\/strong><br data-start=\"143\" data-end=\"146\" \/>Un recueil plein d\u2019action pour les petits aventuriers !<br data-start=\"201\" data-end=\"204\" \/>\u2728 4 histoires faciles \u00e0 lire, avec Clochette, Peter Pan, Ariel et m\u00eame Winnie l\u2019Ourson.<br data-start=\"291\" data-end=\"294\" \/>\ud83d\udcd6 80 pages color\u00e9es et illustr\u00e9es pour voguer vers l\u2019imaginaire.<br data-start=\"359\" data-end=\"362\" \/>Parfait pour les enfants fans de tr\u00e9sors, de magie et de pirates !<\/p>\n","protected":false},"featured_media":23677,"comment_status":"open","ping_status":"closed","template":"","meta":{"inline_featured_image":false},"product_cat":[3877,199],"product_tag":[],"class_list":{"0":"post-23676","1":"product","2":"type-product","3":"status-publish","4":"has-post-thumbnail","6":"product_cat-les-histoires-francais","7":"product_cat-histoires","9":"first","10":"instock","11":"shipping-taxable","12":"purchasable","13":"product-type-simple"},"_links":{"self":[{"href":"https:\/\/baralivres.ma\/index.php?rest_route=\/wp\/v2\/product\/23676","targetHints":{"allow":["GET"]}}],"collection":[{"href":"https:\/\/baralivres.ma\/index.php?rest_route=\/wp\/v2\/product"}],"about":[{"href":"https:\/\/baralivres.ma\/index.php?rest_route=\/wp\/v2\/types\/product"}],"replies":[{"embeddable":true,"href":"https:\/\/baralivres.ma\/index.php?rest_route=%2Fwp%2Fv2%2Fcomments&post=23676"}],"version-history":[{"count":2,"href":"https:\/\/baralivres.ma\/index.php?rest_route=\/wp\/v2\/product\/23676\/revisions"}],"predecessor-version":[{"id":23684,"href":"https:\/\/baralivres.ma\/index.php?rest_route=\/wp\/v2\/product\/23676\/revisions\/23684"}],"wp:featuredmedia":[{"embeddable":true,"href":"https:\/\/baralivres.ma\/index.php?rest_route=\/wp\/v2\/media\/23677"}],"wp:attachment":[{"href":"https:\/\/baralivres.ma\/index.php?rest_route=%2Fwp%2Fv2%2Fmedia&parent=23676"}],"wp:term":[{"taxonomy":"product_cat","embeddable":true,"href":"https:\/\/baralivres.ma\/index.php?rest_route=%2Fwp%2Fv2%2Fproduct_cat&post=23676"},{"taxonomy":"product_tag","embeddable":true,"href":"https:\/\/baralivres.ma\/index.php?rest_route=%2Fwp%2Fv2%2Fproduct_tag&post=23676"}],"curies":[{"name":"wp","href":"https:\/\/api.w.org\/{rel}","templated":true}]}}