{"id":23661,"date":"2025-04-24T17:40:44","date_gmt":"2025-04-24T16:40:44","guid":{"rendered":"https:\/\/baralivres.ma\/?post_type=product&#038;p=23661"},"modified":"2025-04-24T17:40:44","modified_gmt":"2025-04-24T16:40:44","slug":"mon-petit-livre-puzzle-la-belle-au-bois-dormant","status":"publish","type":"product","link":"https:\/\/baralivres.ma\/?product=mon-petit-livre-puzzle-la-belle-au-bois-dormant","title":{"rendered":"Mon Petit Livre Puzzle &#8211; La Belle au Bois Dormant"},"content":{"rendered":"<p class=\"\" data-start=\"80\" data-end=\"182\"><strong data-start=\"80\" data-end=\"182\">\u2728 La Belle au Bois Dormant &#8211; Mon Petit Livre Puzzle &#8211; Disney Princesses : Aurore et les Licornes \u2728<\/strong><\/p>\n<p class=\"\" data-start=\"184\" data-end=\"512\">Plongez dans une <strong data-start=\"201\" data-end=\"232\">histoire in\u00e9dite et magique<\/strong> avec la princesse Aurore et ses adorables licornes !<br data-start=\"285\" data-end=\"288\" \/>Ce <strong data-start=\"291\" data-end=\"307\">livre puzzle<\/strong> unique vous invite \u00e0 d\u00e9couvrir l&rsquo;univers enchanteur d&rsquo;Aurore \u00e0 travers <strong data-start=\"379\" data-end=\"405\">5 belles doubles pages<\/strong> illustr\u00e9es, chacune anim\u00e9e par un <strong data-start=\"440\" data-end=\"462\">puzzle de 9 pi\u00e8ces<\/strong>, facile \u00e0 manipuler et \u00e0 reconstituer \u00e0 l&rsquo;infini.<\/p>\n<p class=\"\" data-start=\"514\" data-end=\"760\">Sp\u00e9cialement con\u00e7u pour les petites mains :<br data-start=\"557\" data-end=\"560\" \/>\ud83e\udde9 <strong data-start=\"563\" data-end=\"593\">Pi\u00e8ces \u00e9paisses et solides<\/strong>, r\u00e9sistantes aux chocs<br data-start=\"616\" data-end=\"619\" \/>\ud83c\udf1f <strong data-start=\"622\" data-end=\"637\">Coins ronds<\/strong> pour plus de s\u00e9curit\u00e9<br data-start=\"659\" data-end=\"662\" \/>\ud83e\udd84 Une <strong data-start=\"669\" data-end=\"700\" data-is-only-node=\"\">histoire tendre et f\u00e9erique<\/strong>, parfaite pour les fans de princesses et d&rsquo;animaux magiques<\/p>\n","protected":false},"excerpt":{"rendered":"<p>Un livre ludique et interactif qui d\u00e9veloppe la <strong data-start=\"810\" data-end=\"828\">motricit\u00e9 fine<\/strong>, la <strong data-start=\"833\" data-end=\"844\">logique<\/strong> et <strong data-start=\"848\" data-end=\"865\">l&rsquo;imagination<\/strong> d\u00e8s le plus jeune \u00e2ge. Un <strong data-start=\"892\" data-end=\"908\">cadeau id\u00e9al<\/strong> pour faire r\u00eaver les enfants !<\/p>\n","protected":false},"featured_media":23662,"comment_status":"open","ping_status":"closed","template":"","meta":{"inline_featured_image":false},"product_cat":[3877,212,199,200],"product_tag":[],"class_list":{"0":"post-23661","1":"product","2":"type-product","3":"status-publish","4":"has-post-thumbnail","6":"product_cat-les-histoires-francais","7":"product_cat-puzzle","8":"product_cat-histoires","9":"product_cat-activites","11":"first","12":"instock","13":"shipping-taxable","14":"purchasable","15":"product-type-simple"},"_links":{"self":[{"href":"https:\/\/baralivres.ma\/index.php?rest_route=\/wp\/v2\/product\/23661","targetHints":{"allow":["GET"]}}],"collection":[{"href":"https:\/\/baralivres.ma\/index.php?rest_route=\/wp\/v2\/product"}],"about":[{"href":"https:\/\/baralivres.ma\/index.php?rest_route=\/wp\/v2\/types\/product"}],"replies":[{"embeddable":true,"href":"https:\/\/baralivres.ma\/index.php?rest_route=%2Fwp%2Fv2%2Fcomments&post=23661"}],"version-history":[{"count":1,"href":"https:\/\/baralivres.ma\/index.php?rest_route=\/wp\/v2\/product\/23661\/revisions"}],"predecessor-version":[{"id":23665,"href":"https:\/\/baralivres.ma\/index.php?rest_route=\/wp\/v2\/product\/23661\/revisions\/23665"}],"wp:featuredmedia":[{"embeddable":true,"href":"https:\/\/baralivres.ma\/index.php?rest_route=\/wp\/v2\/media\/23662"}],"wp:attachment":[{"href":"https:\/\/baralivres.ma\/index.php?rest_route=%2Fwp%2Fv2%2Fmedia&parent=23661"}],"wp:term":[{"taxonomy":"product_cat","embeddable":true,"href":"https:\/\/baralivres.ma\/index.php?rest_route=%2Fwp%2Fv2%2Fproduct_cat&post=23661"},{"taxonomy":"product_tag","embeddable":true,"href":"https:\/\/baralivres.ma\/index.php?rest_route=%2Fwp%2Fv2%2Fproduct_tag&post=23661"}],"curies":[{"name":"wp","href":"https:\/\/api.w.org\/{rel}","templated":true}]}}