{"id":23646,"date":"2025-04-24T16:59:56","date_gmt":"2025-04-24T15:59:56","guid":{"rendered":"https:\/\/baralivres.ma\/?post_type=product&#038;p=23646"},"modified":"2025-04-24T16:59:56","modified_gmt":"2025-04-24T15:59:56","slug":"ou-te-caches-tu-nemo","status":"publish","type":"product","link":"https:\/\/baralivres.ma\/?product=ou-te-caches-tu-nemo","title":{"rendered":"O\u00f9 te caches-tu, Nemo ?"},"content":{"rendered":"<p class=\"\" data-start=\"0\" data-end=\"27\"><strong data-start=\"0\" data-end=\"27\">O\u00f9 te caches-tu, Nemo ?<\/strong><\/p>\n<p class=\"\" data-start=\"29\" data-end=\"445\">Un livre interactif avec 7 volets \u00e0 soulever pour jouer \u00e0 cache-cache avec Nemo et ses amis sous-marins ! Ce livre tout-carton de 14 pages propose de grandes illustrations color\u00e9es et adapt\u00e9es aux tout-petits, avec un animal cach\u00e9 sous chaque volet. Id\u00e9al pour stimuler l&rsquo;observation et la motricit\u00e9 des enfants, il est con\u00e7u avec des coins ronds pour plus de s\u00e9curit\u00e9. Parfait pour les moments de lecture amusants !<\/p>\n","protected":false},"excerpt":{"rendered":"<p>Une excellente mani\u00e8re de d\u00e9velopper l\u2019attention, l\u2019interactivit\u00e9 et l\u2019\u00e9merveillement des enfants avec Nemo et ses amis sous-marins !<\/p>\n","protected":false},"featured_media":23647,"comment_status":"open","ping_status":"closed","template":"","meta":{"inline_featured_image":false},"product_cat":[3950,198],"product_tag":[],"class_list":{"0":"post-23646","1":"product","2":"type-product","3":"status-publish","4":"has-post-thumbnail","6":"product_cat-les-livres-cartonnes-francais","7":"product_cat-livres-animes","9":"first","10":"instock","11":"shipping-taxable","12":"purchasable","13":"product-type-simple"},"_links":{"self":[{"href":"https:\/\/baralivres.ma\/index.php?rest_route=\/wp\/v2\/product\/23646","targetHints":{"allow":["GET"]}}],"collection":[{"href":"https:\/\/baralivres.ma\/index.php?rest_route=\/wp\/v2\/product"}],"about":[{"href":"https:\/\/baralivres.ma\/index.php?rest_route=\/wp\/v2\/types\/product"}],"replies":[{"embeddable":true,"href":"https:\/\/baralivres.ma\/index.php?rest_route=%2Fwp%2Fv2%2Fcomments&post=23646"}],"version-history":[{"count":1,"href":"https:\/\/baralivres.ma\/index.php?rest_route=\/wp\/v2\/product\/23646\/revisions"}],"predecessor-version":[{"id":23650,"href":"https:\/\/baralivres.ma\/index.php?rest_route=\/wp\/v2\/product\/23646\/revisions\/23650"}],"wp:featuredmedia":[{"embeddable":true,"href":"https:\/\/baralivres.ma\/index.php?rest_route=\/wp\/v2\/media\/23647"}],"wp:attachment":[{"href":"https:\/\/baralivres.ma\/index.php?rest_route=%2Fwp%2Fv2%2Fmedia&parent=23646"}],"wp:term":[{"taxonomy":"product_cat","embeddable":true,"href":"https:\/\/baralivres.ma\/index.php?rest_route=%2Fwp%2Fv2%2Fproduct_cat&post=23646"},{"taxonomy":"product_tag","embeddable":true,"href":"https:\/\/baralivres.ma\/index.php?rest_route=%2Fwp%2Fv2%2Fproduct_tag&post=23646"}],"curies":[{"name":"wp","href":"https:\/\/api.w.org\/{rel}","templated":true}]}}