{"id":23641,"date":"2025-04-24T16:55:54","date_gmt":"2025-04-24T15:55:54","guid":{"rendered":"https:\/\/baralivres.ma\/?post_type=product&#038;p=23641"},"modified":"2025-04-24T16:55:55","modified_gmt":"2025-04-24T15:55:55","slug":"ou-te-caches-tu-dumbo","status":"publish","type":"product","link":"https:\/\/baralivres.ma\/?product=ou-te-caches-tu-dumbo","title":{"rendered":"O\u00f9 te caches-tu, Dumbo ?"},"content":{"rendered":"<p><em data-start=\"0\" data-end=\"26\" data-is-only-node=\"\">O\u00f9 te caches-tu, Dumbo ?<\/em> est un livre interactif pour les tout-petits. Sur chaque double page, un volet \u00e0 soulever r\u00e9v\u00e8le un animal cach\u00e9. Avec de grandes illustrations et un graphisme adapt\u00e9, ce livre tout-carton avec coins ronds invite les enfants \u00e0 jouer \u00e0 cache-cache avec Dumbo et ses amis. Un format ludique et s\u00e9curis\u00e9 pour \u00e9veiller la curiosit\u00e9 des plus jeunes.<\/p>\n","protected":false},"excerpt":{"rendered":"<p><em data-start=\"0\" data-end=\"26\">O\u00f9 te caches-tu, Dumbo ?<\/em> est un livre interactif captivant, con\u00e7u sp\u00e9cialement pour les tout-petits.<\/p>\n","protected":false},"featured_media":23642,"comment_status":"open","ping_status":"closed","template":"","meta":{"inline_featured_image":false},"product_cat":[3950,198],"product_tag":[],"class_list":{"0":"post-23641","1":"product","2":"type-product","3":"status-publish","4":"has-post-thumbnail","6":"product_cat-les-livres-cartonnes-francais","7":"product_cat-livres-animes","9":"first","10":"instock","11":"shipping-taxable","12":"purchasable","13":"product-type-simple"},"_links":{"self":[{"href":"https:\/\/baralivres.ma\/index.php?rest_route=\/wp\/v2\/product\/23641","targetHints":{"allow":["GET"]}}],"collection":[{"href":"https:\/\/baralivres.ma\/index.php?rest_route=\/wp\/v2\/product"}],"about":[{"href":"https:\/\/baralivres.ma\/index.php?rest_route=\/wp\/v2\/types\/product"}],"replies":[{"embeddable":true,"href":"https:\/\/baralivres.ma\/index.php?rest_route=%2Fwp%2Fv2%2Fcomments&post=23641"}],"version-history":[{"count":1,"href":"https:\/\/baralivres.ma\/index.php?rest_route=\/wp\/v2\/product\/23641\/revisions"}],"predecessor-version":[{"id":23645,"href":"https:\/\/baralivres.ma\/index.php?rest_route=\/wp\/v2\/product\/23641\/revisions\/23645"}],"wp:featuredmedia":[{"embeddable":true,"href":"https:\/\/baralivres.ma\/index.php?rest_route=\/wp\/v2\/media\/23642"}],"wp:attachment":[{"href":"https:\/\/baralivres.ma\/index.php?rest_route=%2Fwp%2Fv2%2Fmedia&parent=23641"}],"wp:term":[{"taxonomy":"product_cat","embeddable":true,"href":"https:\/\/baralivres.ma\/index.php?rest_route=%2Fwp%2Fv2%2Fproduct_cat&post=23641"},{"taxonomy":"product_tag","embeddable":true,"href":"https:\/\/baralivres.ma\/index.php?rest_route=%2Fwp%2Fv2%2Fproduct_tag&post=23641"}],"curies":[{"name":"wp","href":"https:\/\/api.w.org\/{rel}","templated":true}]}}