{"id":23636,"date":"2025-04-24T16:50:04","date_gmt":"2025-04-24T15:50:04","guid":{"rendered":"https:\/\/baralivres.ma\/?post_type=product&#038;p=23636"},"modified":"2026-04-13T11:02:12","modified_gmt":"2026-04-13T10:02:12","slug":"ou-te-caches-tu-petit-monstre","status":"publish","type":"product","link":"https:\/\/baralivres.ma\/?product=ou-te-caches-tu-petit-monstre","title":{"rendered":"O\u00f9 te caches-tu, Petit Monstre ?"},"content":{"rendered":"<p><em data-start=\"0\" data-end=\"34\" data-is-only-node=\"\">O\u00f9 te caches-tu, Petit Monstre ?<\/em> est un livre interactif pour les tout-petits, avec 7 volets \u00e0 soulever pour d\u00e9couvrir des monstres Disney cach\u00e9s. Ce livre tout-carton de 14 pages, avec de grandes illustrations color\u00e9es, est con\u00e7u pour \u00e9veiller la curiosit\u00e9 et la motricit\u00e9 des enfants gr\u00e2ce \u00e0 son graphisme adapt\u00e9 et ses coins ronds pour plus de s\u00e9curit\u00e9.<\/p>\n","protected":false},"excerpt":{"rendered":"<p>C\u2019est un excellent moyen d&rsquo;\u00e9veiller la curiosit\u00e9 des enfants tout en d\u00e9veloppant leur motricit\u00e9 fine. Un v\u00e9ritable moment de complicit\u00e9 \u00e0 partager avec les petits explorateurs !<\/p>\n","protected":false},"featured_media":23637,"comment_status":"open","ping_status":"closed","template":"","meta":{"inline_featured_image":false},"product_cat":[3950,198],"product_tag":[],"class_list":{"0":"post-23636","1":"product","2":"type-product","3":"status-publish","4":"has-post-thumbnail","6":"product_cat-les-livres-cartonnes-francais","7":"product_cat-livres-animes","9":"first","10":"outofstock","11":"shipping-taxable","12":"purchasable","13":"product-type-simple"},"_links":{"self":[{"href":"https:\/\/baralivres.ma\/index.php?rest_route=\/wp\/v2\/product\/23636","targetHints":{"allow":["GET"]}}],"collection":[{"href":"https:\/\/baralivres.ma\/index.php?rest_route=\/wp\/v2\/product"}],"about":[{"href":"https:\/\/baralivres.ma\/index.php?rest_route=\/wp\/v2\/types\/product"}],"replies":[{"embeddable":true,"href":"https:\/\/baralivres.ma\/index.php?rest_route=%2Fwp%2Fv2%2Fcomments&post=23636"}],"version-history":[{"count":1,"href":"https:\/\/baralivres.ma\/index.php?rest_route=\/wp\/v2\/product\/23636\/revisions"}],"predecessor-version":[{"id":23640,"href":"https:\/\/baralivres.ma\/index.php?rest_route=\/wp\/v2\/product\/23636\/revisions\/23640"}],"wp:featuredmedia":[{"embeddable":true,"href":"https:\/\/baralivres.ma\/index.php?rest_route=\/wp\/v2\/media\/23637"}],"wp:attachment":[{"href":"https:\/\/baralivres.ma\/index.php?rest_route=%2Fwp%2Fv2%2Fmedia&parent=23636"}],"wp:term":[{"taxonomy":"product_cat","embeddable":true,"href":"https:\/\/baralivres.ma\/index.php?rest_route=%2Fwp%2Fv2%2Fproduct_cat&post=23636"},{"taxonomy":"product_tag","embeddable":true,"href":"https:\/\/baralivres.ma\/index.php?rest_route=%2Fwp%2Fv2%2Fproduct_tag&post=23636"}],"curies":[{"name":"wp","href":"https:\/\/api.w.org\/{rel}","templated":true}]}}