{"id":23633,"date":"2025-04-24T16:29:50","date_gmt":"2025-04-24T15:29:50","guid":{"rendered":"https:\/\/baralivres.ma\/?post_type=product&#038;p=23633"},"modified":"2025-04-24T16:29:50","modified_gmt":"2025-04-24T15:29:50","slug":"7-histoires-pour-la-semaine-avengers","status":"publish","type":"product","link":"https:\/\/baralivres.ma\/?product=7-histoires-pour-la-semaine-avengers","title":{"rendered":"7 Histoires pour la semaine &#8211; Avengers"},"content":{"rendered":"<p><strong data-start=\"33\" data-end=\"77\">\u00ab\u00a07 Histoires pour la semaine &#8211; Avengers\u00a0\u00bb<\/strong> : Retrouvez vos super-h\u00e9ros pr\u00e9f\u00e9r\u00e9s dans une nouvelle version de la collection <em data-start=\"158\" data-end=\"187\" data-is-only-node=\"\">7 Histoires pour la semaine<\/em>. Chaque soir, partagez une aventure \u00e9pique avec Iron Man, Captain America, Hulk et les autres Avengers. Id\u00e9al pour les enfants, ce livre combine action et valeurs positives \u00e0 d\u00e9couvrir en famille, une histoire par soir, du lundi au dimanche.<\/p>\n","protected":false},"excerpt":{"rendered":"<p>Ce livre est parfait pour accompagner les enfants dans leur routine du soir, en leur offrant des histoires dynamiques et adapt\u00e9es \u00e0 leur \u00e2ge, tout en cultivant leur amour pour les h\u00e9ros Marvel !<\/p>\n","protected":false},"featured_media":23634,"comment_status":"open","ping_status":"closed","template":"","meta":{"inline_featured_image":false},"product_cat":[3877,199],"product_tag":[],"class_list":{"0":"post-23633","1":"product","2":"type-product","3":"status-publish","4":"has-post-thumbnail","6":"product_cat-les-histoires-francais","7":"product_cat-histoires","9":"first","10":"instock","11":"shipping-taxable","12":"purchasable","13":"product-type-simple"},"_links":{"self":[{"href":"https:\/\/baralivres.ma\/index.php?rest_route=\/wp\/v2\/product\/23633","targetHints":{"allow":["GET"]}}],"collection":[{"href":"https:\/\/baralivres.ma\/index.php?rest_route=\/wp\/v2\/product"}],"about":[{"href":"https:\/\/baralivres.ma\/index.php?rest_route=\/wp\/v2\/types\/product"}],"replies":[{"embeddable":true,"href":"https:\/\/baralivres.ma\/index.php?rest_route=%2Fwp%2Fv2%2Fcomments&post=23633"}],"version-history":[{"count":1,"href":"https:\/\/baralivres.ma\/index.php?rest_route=\/wp\/v2\/product\/23633\/revisions"}],"predecessor-version":[{"id":23635,"href":"https:\/\/baralivres.ma\/index.php?rest_route=\/wp\/v2\/product\/23633\/revisions\/23635"}],"wp:featuredmedia":[{"embeddable":true,"href":"https:\/\/baralivres.ma\/index.php?rest_route=\/wp\/v2\/media\/23634"}],"wp:attachment":[{"href":"https:\/\/baralivres.ma\/index.php?rest_route=%2Fwp%2Fv2%2Fmedia&parent=23633"}],"wp:term":[{"taxonomy":"product_cat","embeddable":true,"href":"https:\/\/baralivres.ma\/index.php?rest_route=%2Fwp%2Fv2%2Fproduct_cat&post=23633"},{"taxonomy":"product_tag","embeddable":true,"href":"https:\/\/baralivres.ma\/index.php?rest_route=%2Fwp%2Fv2%2Fproduct_tag&post=23633"}],"curies":[{"name":"wp","href":"https:\/\/api.w.org\/{rel}","templated":true}]}}