{"id":23621,"date":"2025-04-24T16:06:38","date_gmt":"2025-04-24T15:06:38","guid":{"rendered":"https:\/\/baralivres.ma\/?post_type=product&#038;p=23621"},"modified":"2025-04-24T16:06:39","modified_gmt":"2025-04-24T15:06:39","slug":"raconte-moi-des-histoires-de-super-copains","status":"publish","type":"product","link":"https:\/\/baralivres.ma\/?product=raconte-moi-des-histoires-de-super-copains","title":{"rendered":"Raconte moi des histoires de super copains"},"content":{"rendered":"<p class=\"\" data-start=\"0\" data-end=\"332\">\u00ab\u00a0Raconte-moi des histoires de super copains\u00a0\u00bb est un recueil de 7 histoires illustr\u00e9es avec les h\u00e9ros Disney et Pixar, abordant le th\u00e8me de la peur et de l&rsquo;amiti\u00e9. Chaque histoire met en sc\u00e8ne des personnages comme Raya et Tuk Tuk, Lilo et Stitch, Simba, et bien d\u2019autres, qui surmontent leurs peurs ensemble. Les r\u00e9cits incluent :<\/p>\n<ul data-start=\"333\" data-end=\"718\" data-is-last-node=\"\" data-is-only-node=\"\">\n<li class=\"\" data-start=\"333\" data-end=\"394\">\n<p class=\"\" data-start=\"335\" data-end=\"394\"><strong data-start=\"335\" data-end=\"364\">Raya et le Dernier Dragon<\/strong> : L\u2019entra\u00eenement de Tuk Tuk<\/p>\n<\/li>\n<li class=\"\" data-start=\"395\" data-end=\"436\">\n<p class=\"\" data-start=\"397\" data-end=\"436\"><strong data-start=\"397\" data-end=\"413\">Rox et Rouky<\/strong> : L\u2019histoire du film<\/p>\n<\/li>\n<li class=\"\" data-start=\"437\" data-end=\"473\">\n<p class=\"\" data-start=\"439\" data-end=\"473\"><strong data-start=\"439\" data-end=\"447\">Luca<\/strong> : Un cadeau pour Giulia<\/p>\n<\/li>\n<li class=\"\" data-start=\"474\" data-end=\"513\">\n<p class=\"\" data-start=\"476\" data-end=\"513\"><strong data-start=\"476\" data-end=\"494\">Lilo et Stitch<\/strong> : Sur les vagues<\/p>\n<\/li>\n<li class=\"\" data-start=\"514\" data-end=\"559\">\n<p class=\"\" data-start=\"516\" data-end=\"559\"><strong data-start=\"516\" data-end=\"528\">Raiponce<\/strong> : L\u2019anniversaire de Raiponce<\/p>\n<\/li>\n<li class=\"\" data-start=\"560\" data-end=\"599\">\n<p class=\"\" data-start=\"562\" data-end=\"599\"><strong data-start=\"562\" data-end=\"577\">Le Roi Lion<\/strong> : Tous responsables<\/p>\n<\/li>\n<li class=\"\" data-start=\"600\" data-end=\"718\">\n<p class=\"\" data-start=\"602\" data-end=\"718\"><strong data-start=\"602\" data-end=\"615\">Toy Story<\/strong> : L\u2019histoire du film<br data-start=\"636\" data-end=\"639\" data-is-only-node=\"\" \/>Un livre id\u00e9al pour les jeunes lecteurs, alliant aventures et valeurs d&rsquo;amiti\u00e9.<\/p>\n<\/li>\n<\/ul>\n","protected":false},"excerpt":{"rendered":"<p>Un livre \u00e0 la fois divertissant et r\u00e9confortant, parfait pour les jeunes lecteurs qui souhaitent d\u00e9couvrir des valeurs d&rsquo;amiti\u00e9, de courage et d\u2019entraide tout en retrouvant leurs personnages Disney et Pixar pr\u00e9f\u00e9r\u00e9s !<\/p>\n","protected":false},"featured_media":23622,"comment_status":"open","ping_status":"closed","template":"","meta":{"inline_featured_image":false},"product_cat":[3877,199],"product_tag":[],"class_list":{"0":"post-23621","1":"product","2":"type-product","3":"status-publish","4":"has-post-thumbnail","6":"product_cat-les-histoires-francais","7":"product_cat-histoires","9":"first","10":"instock","11":"shipping-taxable","12":"purchasable","13":"product-type-simple"},"_links":{"self":[{"href":"https:\/\/baralivres.ma\/index.php?rest_route=\/wp\/v2\/product\/23621","targetHints":{"allow":["GET"]}}],"collection":[{"href":"https:\/\/baralivres.ma\/index.php?rest_route=\/wp\/v2\/product"}],"about":[{"href":"https:\/\/baralivres.ma\/index.php?rest_route=\/wp\/v2\/types\/product"}],"replies":[{"embeddable":true,"href":"https:\/\/baralivres.ma\/index.php?rest_route=%2Fwp%2Fv2%2Fcomments&post=23621"}],"version-history":[{"count":1,"href":"https:\/\/baralivres.ma\/index.php?rest_route=\/wp\/v2\/product\/23621\/revisions"}],"predecessor-version":[{"id":23626,"href":"https:\/\/baralivres.ma\/index.php?rest_route=\/wp\/v2\/product\/23621\/revisions\/23626"}],"wp:featuredmedia":[{"embeddable":true,"href":"https:\/\/baralivres.ma\/index.php?rest_route=\/wp\/v2\/media\/23622"}],"wp:attachment":[{"href":"https:\/\/baralivres.ma\/index.php?rest_route=%2Fwp%2Fv2%2Fmedia&parent=23621"}],"wp:term":[{"taxonomy":"product_cat","embeddable":true,"href":"https:\/\/baralivres.ma\/index.php?rest_route=%2Fwp%2Fv2%2Fproduct_cat&post=23621"},{"taxonomy":"product_tag","embeddable":true,"href":"https:\/\/baralivres.ma\/index.php?rest_route=%2Fwp%2Fv2%2Fproduct_tag&post=23621"}],"curies":[{"name":"wp","href":"https:\/\/api.w.org\/{rel}","templated":true}]}}