{"id":23609,"date":"2025-04-24T15:55:17","date_gmt":"2025-04-24T14:55:17","guid":{"rendered":"https:\/\/baralivres.ma\/?post_type=product&#038;p=23609"},"modified":"2025-04-24T15:55:17","modified_gmt":"2025-04-24T14:55:17","slug":"raconte-moi-des-histoires-pour-maitriser-la-force","status":"publish","type":"product","link":"https:\/\/baralivres.ma\/?product=raconte-moi-des-histoires-pour-maitriser-la-force","title":{"rendered":"Raconte moi des histoires pour ma\u00eetriser la Force"},"content":{"rendered":"<h3 class=\"\" data-start=\"80\" data-end=\"147\">\u2b50 Raconte-moi des histoires pour ma\u00eetriser la Force \u2013 Star Wars<\/h3>\n<p class=\"\" data-start=\"149\" data-end=\"306\">Pars \u00e0 l\u2019aventure dans l\u2019univers Star Wars avec 7 histoires illustr\u00e9es mettant en sc\u00e8ne Han Solo, Leia, Chewbacca, R2-D2 et bien d&rsquo;autres h\u00e9ros l\u00e9gendaires !<\/p>\n<p class=\"\" data-start=\"308\" data-end=\"388\">\ud83e\ude90 Un recueil captivant inspir\u00e9 des films cultes, id\u00e9al pour les jeunes fans :<\/p>\n<ul data-start=\"389\" data-end=\"509\">\n<li class=\"\" data-start=\"389\" data-end=\"411\">\n<p class=\"\" data-start=\"391\" data-end=\"411\">La course d\u2019Anakin<\/p>\n<\/li>\n<li class=\"\" data-start=\"412\" data-end=\"433\">\n<p class=\"\" data-start=\"414\" data-end=\"433\">Yoda face \u00e0 Dooku<\/p>\n<\/li>\n<li class=\"\" data-start=\"434\" data-end=\"462\">\n<p class=\"\" data-start=\"436\" data-end=\"462\">Missions contre l\u2019Empire<\/p>\n<\/li>\n<li class=\"\" data-start=\"463\" data-end=\"485\">\n<p class=\"\" data-start=\"465\" data-end=\"485\">Le chemin des Jedi<\/p>\n<\/li>\n<li class=\"\" data-start=\"486\" data-end=\"509\">\n<p class=\"\" data-start=\"488\" data-end=\"509\">Et bien plus encore !<\/p>\n<\/li>\n<\/ul>\n<p class=\"\" data-start=\"511\" data-end=\"600\">\u2728 Des r\u00e9cits courts, illustr\u00e9s et pleins de sagesse pour initier les enfants \u00e0 la Force !<\/p>\n","protected":false},"excerpt":{"rendered":"<p>\u2728 <strong data-start=\"94\" data-end=\"130\">7 histoires Star Wars illustr\u00e9es<\/strong> pour petits Padawans !<br data-start=\"153\" data-end=\"156\" \/>Retrouve Anakin, Yoda, Leia et bien d&rsquo;autres dans des aventures galactiques pour apprendre \u00e0 ma\u00eetriser la Force ! \ud83d\ude80<\/p>\n","protected":false},"featured_media":23610,"comment_status":"open","ping_status":"closed","template":"","meta":{"inline_featured_image":false},"product_cat":[3877,199],"product_tag":[],"class_list":{"0":"post-23609","1":"product","2":"type-product","3":"status-publish","4":"has-post-thumbnail","6":"product_cat-les-histoires-francais","7":"product_cat-histoires","9":"first","10":"instock","11":"shipping-taxable","12":"purchasable","13":"product-type-simple"},"_links":{"self":[{"href":"https:\/\/baralivres.ma\/index.php?rest_route=\/wp\/v2\/product\/23609","targetHints":{"allow":["GET"]}}],"collection":[{"href":"https:\/\/baralivres.ma\/index.php?rest_route=\/wp\/v2\/product"}],"about":[{"href":"https:\/\/baralivres.ma\/index.php?rest_route=\/wp\/v2\/types\/product"}],"replies":[{"embeddable":true,"href":"https:\/\/baralivres.ma\/index.php?rest_route=%2Fwp%2Fv2%2Fcomments&post=23609"}],"version-history":[{"count":1,"href":"https:\/\/baralivres.ma\/index.php?rest_route=\/wp\/v2\/product\/23609\/revisions"}],"predecessor-version":[{"id":23614,"href":"https:\/\/baralivres.ma\/index.php?rest_route=\/wp\/v2\/product\/23609\/revisions\/23614"}],"wp:featuredmedia":[{"embeddable":true,"href":"https:\/\/baralivres.ma\/index.php?rest_route=\/wp\/v2\/media\/23610"}],"wp:attachment":[{"href":"https:\/\/baralivres.ma\/index.php?rest_route=%2Fwp%2Fv2%2Fmedia&parent=23609"}],"wp:term":[{"taxonomy":"product_cat","embeddable":true,"href":"https:\/\/baralivres.ma\/index.php?rest_route=%2Fwp%2Fv2%2Fproduct_cat&post=23609"},{"taxonomy":"product_tag","embeddable":true,"href":"https:\/\/baralivres.ma\/index.php?rest_route=%2Fwp%2Fv2%2Fproduct_tag&post=23609"}],"curies":[{"name":"wp","href":"https:\/\/api.w.org\/{rel}","templated":true}]}}