{"id":23604,"date":"2025-04-24T15:41:30","date_gmt":"2025-04-24T14:41:30","guid":{"rendered":"https:\/\/baralivres.ma\/?post_type=product&#038;p=23604"},"modified":"2025-04-24T15:42:27","modified_gmt":"2025-04-24T14:42:27","slug":"raconte-moi-des-histoires-damour","status":"publish","type":"product","link":"https:\/\/baralivres.ma\/?product=raconte-moi-des-histoires-damour","title":{"rendered":"Raconte-moi des histoires d&rsquo;amour"},"content":{"rendered":"<p class=\"\" data-start=\"110\" data-end=\"211\">\ud83d\udc96 <strong data-start=\"113\" data-end=\"150\">Raconte-moi des histoires d&rsquo;amour<\/strong> \u2013 Un merveilleux recueil pour faire r\u00eaver petits et grands !<\/p>\n<p class=\"\" data-start=\"213\" data-end=\"486\">Plongez dans l\u2019univers magique de Disney et Pixar \u00e0 travers <strong data-start=\"273\" data-end=\"299\">7 histoires illustr\u00e9es<\/strong> autour du plus beau des sentiments : <strong data-start=\"337\" data-end=\"348\">l\u2019amour<\/strong>. Des r\u00e9cits tendres et \u00e9mouvants mettant en sc\u00e8ne des personnages embl\u00e9matiques, parfaits pour partager un doux moment avec votre enfant.<\/p>\n<p class=\"\" data-start=\"488\" data-end=\"515\">\u2728 Retrouvez dans ce livre :<\/p>\n<ul data-start=\"516\" data-end=\"840\">\n<li class=\"\" data-start=\"516\" data-end=\"562\">\n<p class=\"\" data-start=\"518\" data-end=\"562\"><strong data-start=\"518\" data-end=\"541\">La Belle et la B\u00eate<\/strong> : L\u2019histoire du film<\/p>\n<\/li>\n<li class=\"\" data-start=\"563\" data-end=\"618\">\n<p class=\"\" data-start=\"565\" data-end=\"618\"><strong data-start=\"565\" data-end=\"590\">La Reine des Neiges 2<\/strong> : La surprise de Kristoff<\/p>\n<\/li>\n<li class=\"\" data-start=\"619\" data-end=\"664\">\n<p class=\"\" data-start=\"621\" data-end=\"664\"><strong data-start=\"621\" data-end=\"641\">La Petite Sir\u00e8ne<\/strong> : Le mariage d\u2019Ariel<\/p>\n<\/li>\n<li class=\"\" data-start=\"665\" data-end=\"717\">\n<p class=\"\" data-start=\"667\" data-end=\"717\"><strong data-start=\"667\" data-end=\"694\">La Belle et le Clochard<\/strong> : L\u2019histoire du film<\/p>\n<\/li>\n<li class=\"\" data-start=\"718\" data-end=\"758\">\n<p class=\"\" data-start=\"720\" data-end=\"758\"><strong data-start=\"720\" data-end=\"732\">Raiponce<\/strong> : Une journ\u00e9e lumineuse<\/p>\n<\/li>\n<li class=\"\" data-start=\"759\" data-end=\"803\">\n<p class=\"\" data-start=\"761\" data-end=\"803\"><strong data-start=\"761\" data-end=\"776\">Toy Story 4<\/strong> : La migration hivernale<\/p>\n<\/li>\n<li class=\"\" data-start=\"804\" data-end=\"840\">\n<p class=\"\" data-start=\"806\" data-end=\"840\"><strong data-start=\"806\" data-end=\"816\">Wall-E<\/strong> : Le retour sur Terre<\/p>\n<\/li>\n<\/ul>\n","protected":false},"excerpt":{"rendered":"<p class=\"\" data-start=\"1037\" data-end=\"1099\">\ud83d\udc96 <strong data-start=\"1040\" data-end=\"1099\">Un livre rempli d\u2019amour avec les h\u00e9ros Disney &amp; Pixar !<\/strong><\/p>\n<p class=\"\" data-start=\"1101\" data-end=\"1331\">\u00ab\u00a0<strong data-start=\"1102\" data-end=\"1139\">Raconte-moi des histoires d&rsquo;amour<\/strong>\u00ab\u00a0, c\u2019est <strong data-start=\"1148\" data-end=\"1174\">7 histoires illustr\u00e9es<\/strong> autour de l\u2019amour avec Cendrillon, Ariel, Woody, Kristoff, Wall-E et bien d&rsquo;autres !<br data-start=\"1259\" data-end=\"1262\" \/>Un recueil parfait pour partager des moments doux avec vos enfants \ud83d\udcab<\/p>\n<p class=\"\" data-start=\"1333\" data-end=\"1388\">\ud83d\udcda D\u00e8s 4 ans<br data-start=\"1345\" data-end=\"1348\" \/>\u2728 Pour r\u00eaver, rire et aimer en famille !<\/p>\n","protected":false},"featured_media":23605,"comment_status":"open","ping_status":"closed","template":"","meta":{"inline_featured_image":false},"product_cat":[3877,199],"product_tag":[],"class_list":{"0":"post-23604","1":"product","2":"type-product","3":"status-publish","4":"has-post-thumbnail","6":"product_cat-les-histoires-francais","7":"product_cat-histoires","9":"first","10":"instock","11":"shipping-taxable","12":"purchasable","13":"product-type-simple"},"_links":{"self":[{"href":"https:\/\/baralivres.ma\/index.php?rest_route=\/wp\/v2\/product\/23604","targetHints":{"allow":["GET"]}}],"collection":[{"href":"https:\/\/baralivres.ma\/index.php?rest_route=\/wp\/v2\/product"}],"about":[{"href":"https:\/\/baralivres.ma\/index.php?rest_route=\/wp\/v2\/types\/product"}],"replies":[{"embeddable":true,"href":"https:\/\/baralivres.ma\/index.php?rest_route=%2Fwp%2Fv2%2Fcomments&post=23604"}],"version-history":[{"count":1,"href":"https:\/\/baralivres.ma\/index.php?rest_route=\/wp\/v2\/product\/23604\/revisions"}],"predecessor-version":[{"id":23606,"href":"https:\/\/baralivres.ma\/index.php?rest_route=\/wp\/v2\/product\/23604\/revisions\/23606"}],"wp:featuredmedia":[{"embeddable":true,"href":"https:\/\/baralivres.ma\/index.php?rest_route=\/wp\/v2\/media\/23605"}],"wp:attachment":[{"href":"https:\/\/baralivres.ma\/index.php?rest_route=%2Fwp%2Fv2%2Fmedia&parent=23604"}],"wp:term":[{"taxonomy":"product_cat","embeddable":true,"href":"https:\/\/baralivres.ma\/index.php?rest_route=%2Fwp%2Fv2%2Fproduct_cat&post=23604"},{"taxonomy":"product_tag","embeddable":true,"href":"https:\/\/baralivres.ma\/index.php?rest_route=%2Fwp%2Fv2%2Fproduct_tag&post=23604"}],"curies":[{"name":"wp","href":"https:\/\/api.w.org\/{rel}","templated":true}]}}