{"id":23597,"date":"2025-04-24T15:36:39","date_gmt":"2025-04-24T14:36:39","guid":{"rendered":"https:\/\/baralivres.ma\/?post_type=product&#038;p=23597"},"modified":"2025-04-24T15:36:39","modified_gmt":"2025-04-24T14:36:39","slug":"raconte-moi-des-histoires-pour-croire-en-mes-reves","status":"publish","type":"product","link":"https:\/\/baralivres.ma\/?product=raconte-moi-des-histoires-pour-croire-en-mes-reves","title":{"rendered":"Raconte moi des histoires pour croire en mes r\u00eaves"},"content":{"rendered":"<p class=\"\" data-start=\"63\" data-end=\"252\">\u2728 <strong data-start=\"65\" data-end=\"119\">Raconte-moi des histoires pour croire en mes r\u00eaves<\/strong> \u2728<br data-start=\"121\" data-end=\"124\" \/>Un joli recueil de <strong data-start=\"143\" data-end=\"169\">7 histoires illustr\u00e9es<\/strong> avec les h\u00e9ros Disney et Pixar pour inspirer les enfants \u00e0 croire en leurs r\u00eaves !<\/p>\n<p class=\"\" data-start=\"254\" data-end=\"386\">Retrouve <strong data-start=\"263\" data-end=\"329\">Hercule, Raiponce, Mei, Coco, Cendrillon, Flash McQueen, Tiana<\/strong> et bien d\u2019autres dans des r\u00e9cits \u00e9mouvants et motivants.<\/p>\n<p class=\"\" data-start=\"388\" data-end=\"474\">Parfait d\u00e8s <strong data-start=\"400\" data-end=\"409\">4 ans<\/strong>, pour faire le plein de confiance et de magie \u00e0 chaque lecture !<\/p>\n","protected":false},"excerpt":{"rendered":"<p>\u2728 <strong data-start=\"89\" data-end=\"147\">7 histoires Disney et Pixar pour croire en ses r\u00eaves !<\/strong><br data-start=\"147\" data-end=\"150\" \/>Avec Hercule, Raiponce, Mei, Coco, Cendrillon, Flash et Tiana.<br data-start=\"212\" data-end=\"215\" \/>Des r\u00e9cits inspirants et illustr\u00e9s, d\u00e8s <strong data-start=\"255\" data-end=\"264\" data-is-only-node=\"\">4 ans<\/strong>.<\/p>\n","protected":false},"featured_media":23598,"comment_status":"open","ping_status":"closed","template":"","meta":{"inline_featured_image":false},"product_cat":[3877,199],"product_tag":[],"class_list":{"0":"post-23597","1":"product","2":"type-product","3":"status-publish","4":"has-post-thumbnail","6":"product_cat-les-histoires-francais","7":"product_cat-histoires","9":"first","10":"instock","11":"shipping-taxable","12":"purchasable","13":"product-type-simple"},"_links":{"self":[{"href":"https:\/\/baralivres.ma\/index.php?rest_route=\/wp\/v2\/product\/23597","targetHints":{"allow":["GET"]}}],"collection":[{"href":"https:\/\/baralivres.ma\/index.php?rest_route=\/wp\/v2\/product"}],"about":[{"href":"https:\/\/baralivres.ma\/index.php?rest_route=\/wp\/v2\/types\/product"}],"replies":[{"embeddable":true,"href":"https:\/\/baralivres.ma\/index.php?rest_route=%2Fwp%2Fv2%2Fcomments&post=23597"}],"version-history":[{"count":1,"href":"https:\/\/baralivres.ma\/index.php?rest_route=\/wp\/v2\/product\/23597\/revisions"}],"predecessor-version":[{"id":23603,"href":"https:\/\/baralivres.ma\/index.php?rest_route=\/wp\/v2\/product\/23597\/revisions\/23603"}],"wp:featuredmedia":[{"embeddable":true,"href":"https:\/\/baralivres.ma\/index.php?rest_route=\/wp\/v2\/media\/23598"}],"wp:attachment":[{"href":"https:\/\/baralivres.ma\/index.php?rest_route=%2Fwp%2Fv2%2Fmedia&parent=23597"}],"wp:term":[{"taxonomy":"product_cat","embeddable":true,"href":"https:\/\/baralivres.ma\/index.php?rest_route=%2Fwp%2Fv2%2Fproduct_cat&post=23597"},{"taxonomy":"product_tag","embeddable":true,"href":"https:\/\/baralivres.ma\/index.php?rest_route=%2Fwp%2Fv2%2Fproduct_tag&post=23597"}],"curies":[{"name":"wp","href":"https:\/\/api.w.org\/{rel}","templated":true}]}}