{"id":23592,"date":"2025-04-21T09:49:55","date_gmt":"2025-04-21T08:49:55","guid":{"rendered":"https:\/\/baralivres.ma\/?post_type=product&#038;p=23592"},"modified":"2025-04-21T09:49:55","modified_gmt":"2025-04-21T08:49:55","slug":"mes-jolies-histoires-danimaux","status":"publish","type":"product","link":"https:\/\/baralivres.ma\/?product=mes-jolies-histoires-danimaux","title":{"rendered":"Mes jolies histoires d&rsquo;animaux"},"content":{"rendered":"<p class=\"\" data-start=\"118\" data-end=\"430\"><strong data-start=\"118\" data-end=\"152\">Mes jolies histoires d&rsquo;animaux<\/strong> est un magnifique recueil matelass\u00e9 de 192 pages, sp\u00e9cialement con\u00e7u pour les tout-petits. Parfait pour l\u2019heure du coucher, ce livre propose une collection d\u2019histoires tendres, dr\u00f4les et pleines de charme, mettant en sc\u00e8ne des animaux attachants dans des aventures adorables.<\/p>\n<p class=\"\" data-start=\"432\" data-end=\"687\">Chaque r\u00e9cit est accompagn\u00e9 de superbes illustrations qui captiveront l\u2019attention des enfants et rendront le moment de lecture encore plus magique. Un format id\u00e9al pour instaurer un rituel du soir tout en douceur, propice \u00e0 la complicit\u00e9 et \u00e0 l\u2019\u00e9vasion.<\/p>\n<p class=\"\" data-start=\"689\" data-end=\"773\">Un livre-c\u00e2lin \u00e0 partager pour terminer la journ\u00e9e avec des \u00e9toiles plein les yeux !<\/p>\n","protected":false},"excerpt":{"rendered":"<p>\u2728 <strong data-start=\"124\" data-end=\"158\">Mes jolies histoires d&rsquo;animaux<\/strong> \u2728<br data-start=\"160\" data-end=\"163\" \/>Un adorable recueil matelass\u00e9 de 192 pages rempli d\u2019histoires tendres et rigolotes pour les tout-petits \ud83d\udc3b\ud83d\udc30\ud83e\udd8a<br data-start=\"273\" data-end=\"276\" \/>Parfait pour l\u2019heure du coucher, avec de magnifiques illustrations et des aventures pleines de douceur.<br data-start=\"379\" data-end=\"382\" \/>Un vrai moment de complicit\u00e9 \u00e0 partager chaque soir \ud83d\udcab\ud83d\udcd6<\/p>\n","protected":false},"featured_media":23593,"comment_status":"open","ping_status":"closed","template":"","meta":{"inline_featured_image":false},"product_cat":[3877,199],"product_tag":[],"class_list":{"0":"post-23592","1":"product","2":"type-product","3":"status-publish","4":"has-post-thumbnail","6":"product_cat-les-histoires-francais","7":"product_cat-histoires","9":"first","10":"instock","11":"shipping-taxable","12":"purchasable","13":"product-type-simple"},"_links":{"self":[{"href":"https:\/\/baralivres.ma\/index.php?rest_route=\/wp\/v2\/product\/23592","targetHints":{"allow":["GET"]}}],"collection":[{"href":"https:\/\/baralivres.ma\/index.php?rest_route=\/wp\/v2\/product"}],"about":[{"href":"https:\/\/baralivres.ma\/index.php?rest_route=\/wp\/v2\/types\/product"}],"replies":[{"embeddable":true,"href":"https:\/\/baralivres.ma\/index.php?rest_route=%2Fwp%2Fv2%2Fcomments&post=23592"}],"version-history":[{"count":1,"href":"https:\/\/baralivres.ma\/index.php?rest_route=\/wp\/v2\/product\/23592\/revisions"}],"predecessor-version":[{"id":23594,"href":"https:\/\/baralivres.ma\/index.php?rest_route=\/wp\/v2\/product\/23592\/revisions\/23594"}],"wp:featuredmedia":[{"embeddable":true,"href":"https:\/\/baralivres.ma\/index.php?rest_route=\/wp\/v2\/media\/23593"}],"wp:attachment":[{"href":"https:\/\/baralivres.ma\/index.php?rest_route=%2Fwp%2Fv2%2Fmedia&parent=23592"}],"wp:term":[{"taxonomy":"product_cat","embeddable":true,"href":"https:\/\/baralivres.ma\/index.php?rest_route=%2Fwp%2Fv2%2Fproduct_cat&post=23592"},{"taxonomy":"product_tag","embeddable":true,"href":"https:\/\/baralivres.ma\/index.php?rest_route=%2Fwp%2Fv2%2Fproduct_tag&post=23592"}],"curies":[{"name":"wp","href":"https:\/\/api.w.org\/{rel}","templated":true}]}}