{"id":23587,"date":"2025-04-21T09:44:55","date_gmt":"2025-04-21T08:44:55","guid":{"rendered":"https:\/\/baralivres.ma\/?post_type=product&#038;p=23587"},"modified":"2025-04-21T09:44:55","modified_gmt":"2025-04-21T08:44:55","slug":"mes-jolies-histoires-pour-sendormir","status":"publish","type":"product","link":"https:\/\/baralivres.ma\/?product=mes-jolies-histoires-pour-sendormir","title":{"rendered":"Mes jolies histoires pour s&rsquo;endormir"},"content":{"rendered":"<p class=\"\" data-start=\"118\" data-end=\"331\">\u2728 <strong data-start=\"120\" data-end=\"160\">Mes jolies histoires pour s&rsquo;endormir<\/strong> \u2728<br data-start=\"162\" data-end=\"165\" \/>Offrez \u00e0 votre enfant un doux rituel du soir avec ce magnifique recueil matelass\u00e9 de 192 pages, sp\u00e9cialement con\u00e7u pour accompagner les tout-petits vers le sommeil.<\/p>\n<p class=\"\" data-start=\"333\" data-end=\"579\">Ce livre regroupe de tendres histoires, dr\u00f4les et attachantes, illustr\u00e9es avec soin pour \u00e9merveiller les petits lecteurs. Chaque page invite \u00e0 un moment de complicit\u00e9 et de calme, id\u00e9al pour instaurer une routine apaisante \u00e0 l\u2019heure du coucher.<\/p>\n<p class=\"\" data-start=\"581\" data-end=\"682\">Un format parfaitement adapt\u00e9 \u00e0 la lecture du soir, pour finir la journ\u00e9e en douceur et en r\u00eaverie\u2026<\/p>\n<p data-start=\"581\" data-end=\"682\">\ud83d\udca4 Un incontournable pour transformer le coucher en un instant magique !<\/p>\n","protected":false},"excerpt":{"rendered":"<p>\ud83c\udf19 <strong data-start=\"87\" data-end=\"127\">Mes jolies histoires pour s&rsquo;endormir<\/strong><br data-start=\"127\" data-end=\"130\" \/>Un adorable recueil d\u2019histoires tendres et illustr\u00e9es pour accompagner les tout-petits au pays des r\u00eaves \ud83d\udca4<br data-start=\"237\" data-end=\"240\" \/>\ud83d\udcd6 192 pages de douceur, d\u2019humour et de magie pour un rituel du soir rempli de complicit\u00e9 \ud83d\udc95<\/p>\n","protected":false},"featured_media":23588,"comment_status":"open","ping_status":"closed","template":"","meta":{"inline_featured_image":false},"product_cat":[3877,199],"product_tag":[],"class_list":{"0":"post-23587","1":"product","2":"type-product","3":"status-publish","4":"has-post-thumbnail","6":"product_cat-les-histoires-francais","7":"product_cat-histoires","9":"first","10":"instock","11":"shipping-taxable","12":"purchasable","13":"product-type-simple"},"_links":{"self":[{"href":"https:\/\/baralivres.ma\/index.php?rest_route=\/wp\/v2\/product\/23587","targetHints":{"allow":["GET"]}}],"collection":[{"href":"https:\/\/baralivres.ma\/index.php?rest_route=\/wp\/v2\/product"}],"about":[{"href":"https:\/\/baralivres.ma\/index.php?rest_route=\/wp\/v2\/types\/product"}],"replies":[{"embeddable":true,"href":"https:\/\/baralivres.ma\/index.php?rest_route=%2Fwp%2Fv2%2Fcomments&post=23587"}],"version-history":[{"count":1,"href":"https:\/\/baralivres.ma\/index.php?rest_route=\/wp\/v2\/product\/23587\/revisions"}],"predecessor-version":[{"id":23591,"href":"https:\/\/baralivres.ma\/index.php?rest_route=\/wp\/v2\/product\/23587\/revisions\/23591"}],"wp:featuredmedia":[{"embeddable":true,"href":"https:\/\/baralivres.ma\/index.php?rest_route=\/wp\/v2\/media\/23588"}],"wp:attachment":[{"href":"https:\/\/baralivres.ma\/index.php?rest_route=%2Fwp%2Fv2%2Fmedia&parent=23587"}],"wp:term":[{"taxonomy":"product_cat","embeddable":true,"href":"https:\/\/baralivres.ma\/index.php?rest_route=%2Fwp%2Fv2%2Fproduct_cat&post=23587"},{"taxonomy":"product_tag","embeddable":true,"href":"https:\/\/baralivres.ma\/index.php?rest_route=%2Fwp%2Fv2%2Fproduct_tag&post=23587"}],"curies":[{"name":"wp","href":"https:\/\/api.w.org\/{rel}","templated":true}]}}