{"id":23584,"date":"2025-04-21T09:37:49","date_gmt":"2025-04-21T08:37:49","guid":{"rendered":"https:\/\/baralivres.ma\/?post_type=product&#038;p=23584"},"modified":"2025-04-21T09:37:50","modified_gmt":"2025-04-21T08:37:50","slug":"mes-jolies-histoires-du-monde-pour-les-petits","status":"publish","type":"product","link":"https:\/\/baralivres.ma\/?product=mes-jolies-histoires-du-monde-pour-les-petits","title":{"rendered":"Mes jolies histoires du monde pour les petits"},"content":{"rendered":"<p><strong data-start=\"121\" data-end=\"170\">Mes jolies histoires du monde pour les petits<\/strong><br data-start=\"170\" data-end=\"173\" \/>Partez pour un merveilleux voyage autour du monde avec ce magnifique recueil d&rsquo;histoires tout en tendresse !<br data-start=\"281\" data-end=\"284\" \/>Con\u00e7u sp\u00e9cialement pour les tout-petits, ce livre matelass\u00e9 de <strong data-start=\"347\" data-end=\"360\">192 pages<\/strong> regroupe des r\u00e9cits dr\u00f4les, attachants et pleins de douceur. Chaque histoire invite \u00e0 la d\u00e9couverte de diff\u00e9rentes cultures, avec des <strong data-start=\"495\" data-end=\"537\">illustrations color\u00e9es et chaleureuses<\/strong> qui captiveront petits et grands.<br data-start=\"571\" data-end=\"574\" \/>Id\u00e9al pour le <strong data-start=\"588\" data-end=\"609\">rituel du coucher<\/strong>, ce livre offre un moment pr\u00e9cieux de complicit\u00e9 entre parents et enfants, entre r\u00eave et imagination.<\/p>\n","protected":false},"excerpt":{"rendered":"<p>\ud83d\udcda <strong data-start=\"718\" data-end=\"805\">Un tr\u00e9sor d&rsquo;histoires pour \u00e9veiller la curiosit\u00e9, rire et s\u2019endormir le c\u0153ur l\u00e9ger.<\/strong><\/p>\n","protected":false},"featured_media":23585,"comment_status":"open","ping_status":"closed","template":"","meta":{"inline_featured_image":false},"product_cat":[3877,199],"product_tag":[],"class_list":{"0":"post-23584","1":"product","2":"type-product","3":"status-publish","4":"has-post-thumbnail","6":"product_cat-les-histoires-francais","7":"product_cat-histoires","9":"first","10":"instock","11":"shipping-taxable","12":"purchasable","13":"product-type-simple"},"_links":{"self":[{"href":"https:\/\/baralivres.ma\/index.php?rest_route=\/wp\/v2\/product\/23584","targetHints":{"allow":["GET"]}}],"collection":[{"href":"https:\/\/baralivres.ma\/index.php?rest_route=\/wp\/v2\/product"}],"about":[{"href":"https:\/\/baralivres.ma\/index.php?rest_route=\/wp\/v2\/types\/product"}],"replies":[{"embeddable":true,"href":"https:\/\/baralivres.ma\/index.php?rest_route=%2Fwp%2Fv2%2Fcomments&post=23584"}],"version-history":[{"count":1,"href":"https:\/\/baralivres.ma\/index.php?rest_route=\/wp\/v2\/product\/23584\/revisions"}],"predecessor-version":[{"id":23586,"href":"https:\/\/baralivres.ma\/index.php?rest_route=\/wp\/v2\/product\/23584\/revisions\/23586"}],"wp:featuredmedia":[{"embeddable":true,"href":"https:\/\/baralivres.ma\/index.php?rest_route=\/wp\/v2\/media\/23585"}],"wp:attachment":[{"href":"https:\/\/baralivres.ma\/index.php?rest_route=%2Fwp%2Fv2%2Fmedia&parent=23584"}],"wp:term":[{"taxonomy":"product_cat","embeddable":true,"href":"https:\/\/baralivres.ma\/index.php?rest_route=%2Fwp%2Fv2%2Fproduct_cat&post=23584"},{"taxonomy":"product_tag","embeddable":true,"href":"https:\/\/baralivres.ma\/index.php?rest_route=%2Fwp%2Fv2%2Fproduct_tag&post=23584"}],"curies":[{"name":"wp","href":"https:\/\/api.w.org\/{rel}","templated":true}]}}