{"id":23579,"date":"2025-04-17T15:12:45","date_gmt":"2025-04-17T14:12:45","guid":{"rendered":"https:\/\/baralivres.ma\/?post_type=product&#038;p=23579"},"modified":"2025-04-17T15:12:46","modified_gmt":"2025-04-17T14:12:46","slug":"les-territoires-alpha-tome-1-enlevee-par-le-destin","status":"publish","type":"product","link":"https:\/\/baralivres.ma\/?product=les-territoires-alpha-tome-1-enlevee-par-le-destin","title":{"rendered":"Les Territoires Alpha Tome 1 &#8211; Enlev\u00e9e par le destin"},"content":{"rendered":"<p><em data-start=\"0\" data-end=\"56\" data-is-only-node=\"\">Les Territoires Alpha &#8211; Tome 1 : Enlev\u00e9e par le destin<\/em> de Shannon Mayer suit l&rsquo;histoire de Sienna, une jeune humaine qui se sacrifie pour sauver son ami, mais se retrouve vendue aux vampires et forc\u00e9e de participer aux Jeux de la moisson. L\u00e0, elle rencontre Dominic, un vampire au pass\u00e9 complexe, avec qui une romance interdite na\u00eet. L&rsquo;intrigue m\u00eale aventure, romance et tensions politiques, dans un univers o\u00f9 la survie est un combat constant.<\/p>\n","protected":false},"excerpt":{"rendered":"<p>Ce roman est destin\u00e9 \u00e0 un public averti en raison de sc\u00e8nes explicites.<\/p>\n","protected":false},"featured_media":23580,"comment_status":"open","ping_status":"closed","template":"","meta":{"inline_featured_image":false},"product_cat":[4326,3873,143],"product_tag":[],"class_list":{"0":"post-23579","1":"product","2":"type-product","3":"status-publish","4":"has-post-thumbnail","6":"product_cat-fantasy","7":"product_cat-roman-en-francais","8":"product_cat-roman","9":"pa_auteurs-shannon-mayer","11":"first","12":"instock","13":"shipping-taxable","14":"purchasable","15":"product-type-simple"},"_links":{"self":[{"href":"https:\/\/baralivres.ma\/index.php?rest_route=\/wp\/v2\/product\/23579","targetHints":{"allow":["GET"]}}],"collection":[{"href":"https:\/\/baralivres.ma\/index.php?rest_route=\/wp\/v2\/product"}],"about":[{"href":"https:\/\/baralivres.ma\/index.php?rest_route=\/wp\/v2\/types\/product"}],"replies":[{"embeddable":true,"href":"https:\/\/baralivres.ma\/index.php?rest_route=%2Fwp%2Fv2%2Fcomments&post=23579"}],"version-history":[{"count":1,"href":"https:\/\/baralivres.ma\/index.php?rest_route=\/wp\/v2\/product\/23579\/revisions"}],"predecessor-version":[{"id":23581,"href":"https:\/\/baralivres.ma\/index.php?rest_route=\/wp\/v2\/product\/23579\/revisions\/23581"}],"wp:featuredmedia":[{"embeddable":true,"href":"https:\/\/baralivres.ma\/index.php?rest_route=\/wp\/v2\/media\/23580"}],"wp:attachment":[{"href":"https:\/\/baralivres.ma\/index.php?rest_route=%2Fwp%2Fv2%2Fmedia&parent=23579"}],"wp:term":[{"taxonomy":"product_cat","embeddable":true,"href":"https:\/\/baralivres.ma\/index.php?rest_route=%2Fwp%2Fv2%2Fproduct_cat&post=23579"},{"taxonomy":"product_tag","embeddable":true,"href":"https:\/\/baralivres.ma\/index.php?rest_route=%2Fwp%2Fv2%2Fproduct_tag&post=23579"}],"curies":[{"name":"wp","href":"https:\/\/api.w.org\/{rel}","templated":true}]}}