{"id":23576,"date":"2025-04-17T15:08:12","date_gmt":"2025-04-17T14:08:12","guid":{"rendered":"https:\/\/baralivres.ma\/?post_type=product&#038;p=23576"},"modified":"2025-04-17T15:08:12","modified_gmt":"2025-04-17T14:08:12","slug":"le-palais-des-automae-tome-01","status":"publish","type":"product","link":"https:\/\/baralivres.ma\/?product=le-palais-des-automae-tome-01","title":{"rendered":"Le Palais des Automae &#8211; Tome 01"},"content":{"rendered":"<p><em data-start=\"0\" data-end=\"32\" data-is-only-node=\"\">Le Palais des Automae &#8211; Tome 1<\/em> de Nina Varela est un roman de fantasy dystopique o\u00f9 les Automae, des humano\u00efdes cr\u00e9\u00e9s par les humains, ont pris le contr\u00f4le d&rsquo;un royaume. Ayla, une jeune humaine, cherche \u00e0 venger sa famille en tuant la fille du souverain, Lady Crier, mais d\u00e9couvre une jeune femme douce et g\u00e9n\u00e9reuse. Alors qu\u2019une romance na\u00eet entre elles, le destin des humains et des Automae se joue dans un tourbillon de r\u00e9bellion et de trahisons.<\/p>\n","protected":false},"excerpt":{"rendered":"<p>Ce livre explore l\u2019identit\u00e9, la lutte pour la libert\u00e9, et une romance queer \u00e9mouvante.<\/p>\n","protected":false},"featured_media":23577,"comment_status":"open","ping_status":"closed","template":"","meta":{"inline_featured_image":false},"product_cat":[4326,3873,143],"product_tag":[],"class_list":{"0":"post-23576","1":"product","2":"type-product","3":"status-publish","4":"has-post-thumbnail","6":"product_cat-fantasy","7":"product_cat-roman-en-francais","8":"product_cat-roman","9":"pa_auteurs-nina-varela","11":"first","12":"instock","13":"shipping-taxable","14":"purchasable","15":"product-type-simple"},"_links":{"self":[{"href":"https:\/\/baralivres.ma\/index.php?rest_route=\/wp\/v2\/product\/23576","targetHints":{"allow":["GET"]}}],"collection":[{"href":"https:\/\/baralivres.ma\/index.php?rest_route=\/wp\/v2\/product"}],"about":[{"href":"https:\/\/baralivres.ma\/index.php?rest_route=\/wp\/v2\/types\/product"}],"replies":[{"embeddable":true,"href":"https:\/\/baralivres.ma\/index.php?rest_route=%2Fwp%2Fv2%2Fcomments&post=23576"}],"version-history":[{"count":1,"href":"https:\/\/baralivres.ma\/index.php?rest_route=\/wp\/v2\/product\/23576\/revisions"}],"predecessor-version":[{"id":23578,"href":"https:\/\/baralivres.ma\/index.php?rest_route=\/wp\/v2\/product\/23576\/revisions\/23578"}],"wp:featuredmedia":[{"embeddable":true,"href":"https:\/\/baralivres.ma\/index.php?rest_route=\/wp\/v2\/media\/23577"}],"wp:attachment":[{"href":"https:\/\/baralivres.ma\/index.php?rest_route=%2Fwp%2Fv2%2Fmedia&parent=23576"}],"wp:term":[{"taxonomy":"product_cat","embeddable":true,"href":"https:\/\/baralivres.ma\/index.php?rest_route=%2Fwp%2Fv2%2Fproduct_cat&post=23576"},{"taxonomy":"product_tag","embeddable":true,"href":"https:\/\/baralivres.ma\/index.php?rest_route=%2Fwp%2Fv2%2Fproduct_tag&post=23576"}],"curies":[{"name":"wp","href":"https:\/\/api.w.org\/{rel}","templated":true}]}}