{"id":23573,"date":"2025-04-17T15:04:21","date_gmt":"2025-04-17T14:04:21","guid":{"rendered":"https:\/\/baralivres.ma\/?post_type=product&#038;p=23573"},"modified":"2025-04-17T15:04:21","modified_gmt":"2025-04-17T14:04:21","slug":"gilded-tome-2-cursed","status":"publish","type":"product","link":"https:\/\/baralivres.ma\/?product=gilded-tome-2-cursed","title":{"rendered":"Gilded \u2013 Tome 2 : Cursed"},"content":{"rendered":"<p><strong data-start=\"0\" data-end=\"28\" data-is-only-node=\"\">Gilded \u2013 Tome 2 : Cursed<\/strong> de Marissa Meyer est le second volet de la duologie inspir\u00e9e du conte de <em data-start=\"102\" data-end=\"119\">Rumpelstiltskin<\/em>. L&rsquo;histoire suit Serilda et Gild, pi\u00e9g\u00e9s dans un ch\u00e2teau hant\u00e9 par une mal\u00e9diction. Serilda, enceinte, lutte pour sauver son enfant et briser la mal\u00e9diction, tandis que Gild cherche \u00e0 d\u00e9couvrir son identit\u00e9 et sauver sa s\u0153ur. L&rsquo;intrigue m\u00eale magie, secrets et sacrifices, tout en explorant des th\u00e8mes de l&rsquo;identit\u00e9, de la maternit\u00e9 et du destin. Ce tome conclut avec des r\u00e9v\u00e9lations surprenantes et une fin satisfaisante.<\/p>\n","protected":false},"excerpt":{"rendered":"<p><span class=\"relative -mx-px my-[-0.2rem] rounded px-px py-[0.2rem] transition-colors duration-100 ease-in-out\">Ce roman s&rsquo;inspire librement du conte de <em data-start=\"41\" data-end=\"58\">Rumpelstiltskin<\/em>, offrant une relecture sombre et poignante de ce classique.<\/span>\u200b<\/p>\n","protected":false},"featured_media":23574,"comment_status":"open","ping_status":"closed","template":"","meta":{"inline_featured_image":false},"product_cat":[4326,3873,143],"product_tag":[],"class_list":{"0":"post-23573","1":"product","2":"type-product","3":"status-publish","4":"has-post-thumbnail","6":"product_cat-fantasy","7":"product_cat-roman-en-francais","8":"product_cat-roman","9":"pa_auteurs-marissa-meyer","11":"first","12":"instock","13":"shipping-taxable","14":"purchasable","15":"product-type-simple"},"_links":{"self":[{"href":"https:\/\/baralivres.ma\/index.php?rest_route=\/wp\/v2\/product\/23573","targetHints":{"allow":["GET"]}}],"collection":[{"href":"https:\/\/baralivres.ma\/index.php?rest_route=\/wp\/v2\/product"}],"about":[{"href":"https:\/\/baralivres.ma\/index.php?rest_route=\/wp\/v2\/types\/product"}],"replies":[{"embeddable":true,"href":"https:\/\/baralivres.ma\/index.php?rest_route=%2Fwp%2Fv2%2Fcomments&post=23573"}],"version-history":[{"count":1,"href":"https:\/\/baralivres.ma\/index.php?rest_route=\/wp\/v2\/product\/23573\/revisions"}],"predecessor-version":[{"id":23575,"href":"https:\/\/baralivres.ma\/index.php?rest_route=\/wp\/v2\/product\/23573\/revisions\/23575"}],"wp:featuredmedia":[{"embeddable":true,"href":"https:\/\/baralivres.ma\/index.php?rest_route=\/wp\/v2\/media\/23574"}],"wp:attachment":[{"href":"https:\/\/baralivres.ma\/index.php?rest_route=%2Fwp%2Fv2%2Fmedia&parent=23573"}],"wp:term":[{"taxonomy":"product_cat","embeddable":true,"href":"https:\/\/baralivres.ma\/index.php?rest_route=%2Fwp%2Fv2%2Fproduct_cat&post=23573"},{"taxonomy":"product_tag","embeddable":true,"href":"https:\/\/baralivres.ma\/index.php?rest_route=%2Fwp%2Fv2%2Fproduct_tag&post=23573"}],"curies":[{"name":"wp","href":"https:\/\/api.w.org\/{rel}","templated":true}]}}