{"id":23570,"date":"2025-04-17T15:00:29","date_gmt":"2025-04-17T14:00:29","guid":{"rendered":"https:\/\/baralivres.ma\/?post_type=product&#038;p=23570"},"modified":"2025-04-17T15:00:30","modified_gmt":"2025-04-17T14:00:30","slug":"le-royaume-des-damnes-tome-1","status":"publish","type":"product","link":"https:\/\/baralivres.ma\/?product=le-royaume-des-damnes-tome-1","title":{"rendered":"Le Royaume des Damn\u00e9s \u2013 Tome 1"},"content":{"rendered":"<p class=\"\" data-start=\"119\" data-end=\"178\">\ud83d\udd2e <strong data-start=\"122\" data-end=\"156\">Le Royaume des Damn\u00e9s \u2013 Tome 1<\/strong> de <em data-start=\"160\" data-end=\"178\">Kerri Maniscalco<\/em><\/p>\n<p class=\"\" data-start=\"180\" data-end=\"445\">Emilia, jeune sorci\u00e8re sicilienne, voit sa vie basculer lorsque sa s\u0153ur jumelle est assassin\u00e9e. Pr\u00eate \u00e0 tout pour venger sa mort, elle invoque Wrath, un prince d\u00e9moniaque de l\u2019Enfer. Ensemble, ils plongent dans un univers de magie noire, de secrets et de tentation\u2026<\/p>\n<p class=\"\" data-start=\"447\" data-end=\"573\">\ud83d\udc80 Romance ennemis-to-lovers \u2022 Myst\u00e8res \u2022 Sombres alliances<br data-start=\"506\" data-end=\"509\" \/>\ud83d\udd25 Id\u00e9al pour les fans de fantasy sombre et de magie interdite !<\/p>\n","protected":false},"excerpt":{"rendered":"<p>\ud83d\udd2e Le Royaume des Damn\u00e9s \u2013 Tome 1 de Kerri Maniscalco Emilia, jeune sorci\u00e8re sicilienne, voit sa vie basculer lorsque sa s\u0153ur jumelle est assassin\u00e9e. Pr\u00eate \u00e0 tout pour venger sa mort, elle invoque Wrath, un prince d\u00e9moniaque de l\u2019Enfer. Ensemble, ils plongent dans un univers de magie noire, de secrets et de tentation\u2026 \ud83d\udc80 [&hellip;]<\/p>\n","protected":false},"featured_media":23571,"comment_status":"open","ping_status":"closed","template":"","meta":{"inline_featured_image":false},"product_cat":[4326,3873,143],"product_tag":[],"class_list":{"0":"post-23570","1":"product","2":"type-product","3":"status-publish","4":"has-post-thumbnail","6":"product_cat-fantasy","7":"product_cat-roman-en-francais","8":"product_cat-roman","9":"pa_auteurs-kerri-maniscalco","11":"first","12":"instock","13":"shipping-taxable","14":"purchasable","15":"product-type-simple"},"_links":{"self":[{"href":"https:\/\/baralivres.ma\/index.php?rest_route=\/wp\/v2\/product\/23570","targetHints":{"allow":["GET"]}}],"collection":[{"href":"https:\/\/baralivres.ma\/index.php?rest_route=\/wp\/v2\/product"}],"about":[{"href":"https:\/\/baralivres.ma\/index.php?rest_route=\/wp\/v2\/types\/product"}],"replies":[{"embeddable":true,"href":"https:\/\/baralivres.ma\/index.php?rest_route=%2Fwp%2Fv2%2Fcomments&post=23570"}],"version-history":[{"count":1,"href":"https:\/\/baralivres.ma\/index.php?rest_route=\/wp\/v2\/product\/23570\/revisions"}],"predecessor-version":[{"id":23572,"href":"https:\/\/baralivres.ma\/index.php?rest_route=\/wp\/v2\/product\/23570\/revisions\/23572"}],"wp:featuredmedia":[{"embeddable":true,"href":"https:\/\/baralivres.ma\/index.php?rest_route=\/wp\/v2\/media\/23571"}],"wp:attachment":[{"href":"https:\/\/baralivres.ma\/index.php?rest_route=%2Fwp%2Fv2%2Fmedia&parent=23570"}],"wp:term":[{"taxonomy":"product_cat","embeddable":true,"href":"https:\/\/baralivres.ma\/index.php?rest_route=%2Fwp%2Fv2%2Fproduct_cat&post=23570"},{"taxonomy":"product_tag","embeddable":true,"href":"https:\/\/baralivres.ma\/index.php?rest_route=%2Fwp%2Fv2%2Fproduct_tag&post=23570"}],"curies":[{"name":"wp","href":"https:\/\/api.w.org\/{rel}","templated":true}]}}