{"id":23567,"date":"2025-04-17T14:55:13","date_gmt":"2025-04-17T13:55:13","guid":{"rendered":"https:\/\/baralivres.ma\/?post_type=product&#038;p=23567"},"modified":"2025-04-17T14:55:14","modified_gmt":"2025-04-17T13:55:14","slug":"la-revanche-dun-blond","status":"publish","type":"product","link":"https:\/\/baralivres.ma\/?product=la-revanche-dun-blond","title":{"rendered":"La Revanche d&rsquo;un blond"},"content":{"rendered":"<p><strong data-start=\"0\" data-end=\"26\" data-is-only-node=\"\">La Revanche d\u2019un blond<\/strong> de Robbie Couch est un roman ado plein d\u2019humour et de c\u0153ur. Blaine, un lyc\u00e9en gay et passionn\u00e9 d\u2019art, se fait larguer par son copain qui le trouve \u00ab\u00a0pas assez s\u00e9rieux\u00a0\u00bb. Pour prouver le contraire, il d\u00e9cide de se pr\u00e9senter \u00e0 la pr\u00e9sidence du lyc\u00e9e\u2026 contre le nouveau copain de son ex\u202f! Une com\u00e9die tendre sur l\u2019amour, l\u2019identit\u00e9 et la confiance en soi.<\/p>\n","protected":false},"excerpt":{"rendered":"<p>Ce roman s&rsquo;adresse particuli\u00e8rement aux lecteurs et lectrices \u00e0 la recherche d&rsquo;une histoire touchante, pleine d&rsquo;humour et d&rsquo;\u00e9motion, mettant en avant un protagoniste attachant et des th\u00e9matiques actuelles.<\/p>\n","protected":false},"featured_media":23568,"comment_status":"open","ping_status":"closed","template":"","meta":{"inline_featured_image":false},"product_cat":[4326,3873,143],"product_tag":[],"class_list":{"0":"post-23567","1":"product","2":"type-product","3":"status-publish","4":"has-post-thumbnail","6":"product_cat-fantasy","7":"product_cat-roman-en-francais","8":"product_cat-roman","9":"pa_auteurs-robbie-couch","11":"first","12":"instock","13":"shipping-taxable","14":"purchasable","15":"product-type-simple"},"_links":{"self":[{"href":"https:\/\/baralivres.ma\/index.php?rest_route=\/wp\/v2\/product\/23567","targetHints":{"allow":["GET"]}}],"collection":[{"href":"https:\/\/baralivres.ma\/index.php?rest_route=\/wp\/v2\/product"}],"about":[{"href":"https:\/\/baralivres.ma\/index.php?rest_route=\/wp\/v2\/types\/product"}],"replies":[{"embeddable":true,"href":"https:\/\/baralivres.ma\/index.php?rest_route=%2Fwp%2Fv2%2Fcomments&post=23567"}],"version-history":[{"count":1,"href":"https:\/\/baralivres.ma\/index.php?rest_route=\/wp\/v2\/product\/23567\/revisions"}],"predecessor-version":[{"id":23569,"href":"https:\/\/baralivres.ma\/index.php?rest_route=\/wp\/v2\/product\/23567\/revisions\/23569"}],"wp:featuredmedia":[{"embeddable":true,"href":"https:\/\/baralivres.ma\/index.php?rest_route=\/wp\/v2\/media\/23568"}],"wp:attachment":[{"href":"https:\/\/baralivres.ma\/index.php?rest_route=%2Fwp%2Fv2%2Fmedia&parent=23567"}],"wp:term":[{"taxonomy":"product_cat","embeddable":true,"href":"https:\/\/baralivres.ma\/index.php?rest_route=%2Fwp%2Fv2%2Fproduct_cat&post=23567"},{"taxonomy":"product_tag","embeddable":true,"href":"https:\/\/baralivres.ma\/index.php?rest_route=%2Fwp%2Fv2%2Fproduct_tag&post=23567"}],"curies":[{"name":"wp","href":"https:\/\/api.w.org\/{rel}","templated":true}]}}